{"id":3053,"date":"2025-06-15T15:44:09","date_gmt":"2025-06-15T13:44:09","guid":{"rendered":"https:\/\/fts.you2.pl\/index.php\/produkt\/player-issue-japonia-2008-10-home-10-nakamura-l\/"},"modified":"2025-09-19T16:27:33","modified_gmt":"2025-09-19T14:27:33","slug":"player-issue-japonia-2008-10-home-10-nakamura-l","status":"publish","type":"product","link":"https:\/\/fts.you2.pl\/de\/player-issue-japonia-2008-10-home-10-nakamura-l\/","title":{"rendered":"Koszulka pi\u0142karska PLAYER ISSUE Japonia 2008\/10 Home 10 Nakamura [L]"},"content":{"rendered":"<p><strong>Klub:<\/strong> Japonia<\/p>\n<p><strong>Sezon:<\/strong> 2008\/10 Home<\/p>\n<p><strong>Rozmiar: <\/strong>L<\/p>\n<p><strong>Stan:<\/strong> Bardzo dobry &#8211; trzy mikro p\u0119kni\u0119cia na paskach na ramionach.<\/p>\n<p><strong>Wymiary (szeroko\u015b\u0107 pod pachami\/d\u0142ugo\u015b\u0107) w cm: <\/strong>54\/73(prz\u00f3d), 78(ty\u0142)<\/p>","protected":false},"excerpt":{"rendered":"<p data-start=\"207\" data-end=\"636\"><strong>Oryginalna domowa koszulka pi\u0142karska<\/strong>\u00a0<strong data-start=\"334\" data-end=\"375\">reprezentacji Japonii z lat 2008\u20132010<\/strong>, produkcji Adidasa, z nazwiskiem\u00a0<strong data-start=\"408\" data-end=\"429\">Shunsuke Nakamury<\/strong>\u00a0\u2013 jednego z najbardziej rozpoznawalnych japo\u0144skich pi\u0142karzy w historii. Niebieski model z delikatnymi czerwonymi oraz \u017c\u00f3\u0142tymi akcentami i g\u0142adk\u0105 struktur\u0105 materia\u0142u to prawdziwa klasyka XXI wieku z azjatyckiej sceny pi\u0142karskiej.<\/p>\n<p data-start=\"638\" data-end=\"961\">To w\u0142a\u015bnie w tym stroju\u00a0<strong>Japonia<\/strong>\u00a0przygotowywa\u0142a si\u0119 do\u00a0<strong>Mistrzostw \u015awiata 2010<\/strong>, a\u00a0<strong>Nakamura<\/strong>, mistrz rzut\u00f3w wolnych i by\u0142y zawodnik m.in.<strong>\u00a0Celticu<\/strong>\u00a0i<strong>\u00a0Espanyolu<\/strong>, by\u0142 wtedy jednym z lider\u00f3w dru\u017cyny. Koszulka \u0142\u0105czy nowoczesny jak na tamte lata kr\u00f3j, \u015bwietn\u0105 jako\u015b\u0107 wykonania i typowy dla Adidas design z trzema paskami na ramionach.<\/p>\n<p data-start=\"963\" data-end=\"1127\">Idealna dla fan\u00f3w japo\u0144skiej kadry, kolekcjoner\u00f3w koszulek pi\u0142karskich oraz ka\u017cdego, kto szuka\u00a0<strong data-start=\"1058\" data-end=\"1126\">oryginalnego trykotu Japonii z nazwiskiem legendarnego pomocnika<\/strong>. Oferowany przez nas egzemplarz to wersja meczowa <strong>formotion<\/strong> wyr\u00f3\u017cniaj\u0105ca si\u0119 lekkim materia\u0142em i klejonymi paskami na ramionach oraz logiem <strong>Adidasa<\/strong>.<\/p>","protected":false},"featured_media":13999,"template":"","meta":{"_kad_blocks_custom_css":"","_kad_blocks_head_custom_js":"","_kad_blocks_body_custom_js":"","_kad_blocks_footer_custom_js":"","_kad_post_transparent":"","_kad_post_title":"","_kad_post_layout":"","_kad_post_sidebar_id":"","_kad_post_content_style":"","_kad_post_vertical_padding":"","_kad_post_feature":"","_kad_post_feature_position":"","_kad_post_header":false,"_kad_post_footer":false},"product_brand":[45],"product_cat":[140,22],"product_tag":[],"class_list":{"0":"post-3053","1":"product","2":"type-product","3":"status-publish","4":"has-post-thumbnail","6":"product_brand-adidas","7":"product_cat-azja","8":"product_cat-reprezentacje","9":"pa_rozmiar-l","11":"first","12":"instock","13":"taxable","14":"shipping-taxable","15":"purchasable","16":"product-type-simple","17":"entry","18":"content-bg","19":"loop-entry"},"taxonomy_info":{"product_brand":[{"value":45,"label":"Adidas"}],"product_cat":[{"value":140,"label":"Azja"},{"value":22,"label":"REPREZENTACJE"}],"pa_rozmiar":[{"value":39,"label":"L"}]},"featured_image_src_large":["https:\/\/fts.you2.pl\/wp-content\/uploads\/2025\/09\/Photoroom_062_20250614_140801-1024x1024.png",1024,1024,true],"author_info":[],"comment_info":"","_links":{"self":[{"href":"https:\/\/fts.you2.pl\/de\/wp-json\/wp\/v2\/product\/3053","targetHints":{"allow":["GET"]}}],"collection":[{"href":"https:\/\/fts.you2.pl\/de\/wp-json\/wp\/v2\/product"}],"about":[{"href":"https:\/\/fts.you2.pl\/de\/wp-json\/wp\/v2\/types\/product"}],"wp:featuredmedia":[{"embeddable":true,"href":"https:\/\/fts.you2.pl\/de\/wp-json\/wp\/v2\/media\/13999"}],"wp:attachment":[{"href":"https:\/\/fts.you2.pl\/de\/wp-json\/wp\/v2\/media?parent=3053"}],"wp:term":[{"taxonomy":"product_brand","embeddable":true,"href":"https:\/\/fts.you2.pl\/de\/wp-json\/wp\/v2\/product_brand?post=3053"},{"taxonomy":"product_cat","embeddable":true,"href":"https:\/\/fts.you2.pl\/de\/wp-json\/wp\/v2\/product_cat?post=3053"},{"taxonomy":"product_tag","embeddable":true,"href":"https:\/\/fts.you2.pl\/de\/wp-json\/wp\/v2\/product_tag?post=3053"}],"curies":[{"name":"wp","href":"https:\/\/api.w.org\/{rel}","templated":true}]}}