{"id":3054,"date":"2025-06-15T15:44:09","date_gmt":"2025-06-15T13:44:09","guid":{"rendered":"https:\/\/fts.you2.pl\/index.php\/produkt\/leeds-united-fc-1986-88-home-m\/"},"modified":"2025-09-19T16:27:58","modified_gmt":"2025-09-19T14:27:58","slug":"leeds-united-fc-1986-88-home-m","status":"publish","type":"product","link":"https:\/\/fts.you2.pl\/de\/leeds-united-fc-1986-88-home-m\/","title":{"rendered":"Koszulka pi\u0142karska Leeds United FC 1986\/88 Home [M]"},"content":{"rendered":"<p><strong>Klub:<\/strong> Leeds United FC<\/p>\n<p><strong>Sezon:<\/strong> 1986\/88 Home<\/p>\n<p><strong>Rozmiar: <\/strong>M<\/p>\n<p><strong>Stan:<\/strong> S\u0142aby &#8211; dwie czerwone plamki oraz znacznie rozerwany materia\u0142 z boku koszulki pod pach\u0105.<\/p>\n<p><strong>Wymiary (szeroko\u015b\u0107 pod pachami\/d\u0142ugo\u015b\u0107) w cm: <\/strong>57\/68<\/p>","protected":false},"excerpt":{"rendered":"<p data-start=\"0\" data-end=\"80\"><strong data-start=\"0\" data-end=\"78\">Oryginalna domowa koszulka pi\u0142karska Leeds United 1986\/88 produkcji Umbro.<\/strong><\/p>\n<p data-start=\"82\" data-end=\"653\">Przenie\u015b si\u0119 w czasie do drugiej po\u0142owy lat 80. i poznaj <strong data-start=\"139\" data-end=\"210\">oryginaln\u0105 domow\u0105 koszulk\u0119 pi\u0142karsk\u0105 Leeds United z sezon\u00f3w 1986\/88<\/strong>, wyprodukowan\u0105 przez kultow\u0105 mark\u0119 <strong data-start=\"246\" data-end=\"255\">Umbro<\/strong>. Ten model to prawdziwa pere\u0142ka retro \u2013 klasyczny bia\u0142y kolor, charakterystyczne niebiesko-\u017c\u00f3\u0142te akcenty na ko\u0142nierzyku i r\u0119kawkach oraz haftowany herb klubu przywo\u0142uj\u0105 wspomnienia z\u0142otej ery angielskiej pi\u0142ki. Koszulka zosta\u0142a wykonana z lekkiego, oddychaj\u0105cego materia\u0142u, kt\u00f3ry doskonale oddaje klimat lat 80., gdy futbol by\u0142 znacznie mniej komercyjny, a stroje mia\u0142y niepowtarzalny charakter.<\/p>\n<p data-start=\"655\" data-end=\"1060\">Sezon 1986\/88 by\u0142 dla <strong data-start=\"677\" data-end=\"693\">Leeds United<\/strong> czasem odbudowy i walki w rozgrywkach zaplecza angielskiej ekstraklasy, w erze poprzedzaj\u0105cej powr\u00f3t do Premier League. W zespole wyst\u0119powali w\u00f3wczas tacy gracze jak <strong data-start=\"860\" data-end=\"904\">John Sheridan, Ian Baird czy John Stiles<\/strong>, kt\u00f3rzy dawali kibicom nadziej\u0119 na lepsze jutro. Ten model koszulki idealnie oddaje ducha tamtego okresu \u2013 prostota, elegancja i pe\u0142na to\u017csamo\u015b\u0107 klubowa.<\/p>\n<p data-start=\"1062\" data-end=\"1364\"><strong data-start=\"1062\" data-end=\"1104\">Koszulka pi\u0142karska Umbro z lat 1986\/88<\/strong> to obowi\u0105zkowa pozycja dla kolekcjoner\u00f3w klasycznych stroj\u00f3w retro, fan\u00f3w historii<strong> Leeds United<\/strong> oraz mi\u0142o\u015bnik\u00f3w oryginalnych projekt\u00f3w sprzed ery masowej produkcji. To nie tylko element garderoby, ale r\u00f3wnie\u017c wyj\u0105tkowy kawa\u0142ek historii angielskiego futbolu.<\/p>","protected":false},"featured_media":14007,"template":"","meta":{"_kad_blocks_custom_css":"","_kad_blocks_head_custom_js":"","_kad_blocks_body_custom_js":"","_kad_blocks_footer_custom_js":"","_kad_post_transparent":"","_kad_post_title":"","_kad_post_layout":"","_kad_post_sidebar_id":"","_kad_post_content_style":"","_kad_post_vertical_padding":"","_kad_post_feature":"","_kad_post_feature_position":"","_kad_post_header":false,"_kad_post_footer":false},"product_brand":[21],"product_cat":[32,31,33],"product_tag":[],"class_list":{"0":"post-3054","1":"product","2":"type-product","3":"status-publish","4":"has-post-thumbnail","6":"product_brand-umbro","7":"product_cat-kluby-angielskie","8":"product_cat-kluby-europejskie","9":"product_cat-pozostale-kluby-angielskie","10":"pa_rozmiar-m","12":"first","13":"instock","14":"taxable","15":"shipping-taxable","16":"purchasable","17":"product-type-simple","18":"entry","19":"content-bg","20":"loop-entry"},"taxonomy_info":{"product_brand":[{"value":21,"label":"Umbro"}],"product_cat":[{"value":32,"label":"Kluby Angielskie"},{"value":31,"label":"Kluby Europejskie"},{"value":33,"label":"Pozosta\u0142e kluby angielskie"}],"pa_rozmiar":[{"value":28,"label":"M"}]},"featured_image_src_large":["https:\/\/fts.you2.pl\/wp-content\/uploads\/2025\/09\/Photoroom_043_20250614_140801-1024x1024.png",1024,1024,true],"author_info":[],"comment_info":"","_links":{"self":[{"href":"https:\/\/fts.you2.pl\/de\/wp-json\/wp\/v2\/product\/3054","targetHints":{"allow":["GET"]}}],"collection":[{"href":"https:\/\/fts.you2.pl\/de\/wp-json\/wp\/v2\/product"}],"about":[{"href":"https:\/\/fts.you2.pl\/de\/wp-json\/wp\/v2\/types\/product"}],"wp:featuredmedia":[{"embeddable":true,"href":"https:\/\/fts.you2.pl\/de\/wp-json\/wp\/v2\/media\/14007"}],"wp:attachment":[{"href":"https:\/\/fts.you2.pl\/de\/wp-json\/wp\/v2\/media?parent=3054"}],"wp:term":[{"taxonomy":"product_brand","embeddable":true,"href":"https:\/\/fts.you2.pl\/de\/wp-json\/wp\/v2\/product_brand?post=3054"},{"taxonomy":"product_cat","embeddable":true,"href":"https:\/\/fts.you2.pl\/de\/wp-json\/wp\/v2\/product_cat?post=3054"},{"taxonomy":"product_tag","embeddable":true,"href":"https:\/\/fts.you2.pl\/de\/wp-json\/wp\/v2\/product_tag?post=3054"}],"curies":[{"name":"wp","href":"https:\/\/api.w.org\/{rel}","templated":true}]}}