{"id":3055,"date":"2025-06-15T15:44:25","date_gmt":"2025-06-15T13:44:25","guid":{"rendered":"https:\/\/fts.you2.pl\/index.php\/produkt\/legia-warszawa-2024-25-home-67-kapustka-s-autograf\/"},"modified":"2025-09-19T16:28:27","modified_gmt":"2025-09-19T14:28:27","slug":"legia-warszawa-2024-25-home-67-kapustka-s-autograf","status":"publish","type":"product","link":"https:\/\/fts.you2.pl\/de\/legia-warszawa-2024-25-home-67-kapustka-s-autograf\/","title":{"rendered":"Koszulka pi\u0142karska Legia Warszawa 2024\/25 Home 67 Kapustka [S] + AUTOGRAF"},"content":{"rendered":"<p><strong>Klub:<\/strong> Legia Warszawa<\/p>\n<p><strong>Sezon:<\/strong> 2024\/25 Home<\/p>\n<p><strong>Rozmiar: <\/strong>S<\/p>\n<p><strong>Stan:<\/strong> Bardzo dobry &#8211; drobne zabrudzenie z ty\u0142u koszulki.<\/p>\n<p><strong>Wymiary (szeroko\u015b\u0107 pod pachami\/d\u0142ugo\u015b\u0107) w cm:\u00a0<\/strong>48\/70<\/p>","protected":false},"excerpt":{"rendered":"<p><strong>Oryginalna, domowa koszulka Legii Warszawa<\/strong> z sezonu <strong>2024\/25<\/strong> w wersji sklepowej, z czcionk\u0105 przeznaczon\u0105 na rozgrywki europejskie, z autografem <strong>Bart\u0142omieja Kapustki<\/strong>, jednej z najja\u015bniejszych postacii 'Wojskowych&#8217; podczas tego s\u0142odko-gorzkiego sezonu, w kt\u00f3rym dru\u017cyna zasz\u0142a daleko w <strong>Lidze Konferencji Europy<\/strong> oraz wygra\u0142a <strong>Puchar Polski<\/strong>, jednak\u017ce sko\u0144czy\u0142a rozgrywki ligowe na 5. miejscu, co by\u0142o ogromnym rozczarowaniem dla klubu oraz kibic\u00f3w sto\u0142ecznej dru\u017cyny.<\/p>","protected":false},"featured_media":14017,"template":"","meta":{"_kad_blocks_custom_css":"","_kad_blocks_head_custom_js":"","_kad_blocks_body_custom_js":"","_kad_blocks_footer_custom_js":"","_kad_post_transparent":"","_kad_post_title":"","_kad_post_layout":"","_kad_post_sidebar_id":"","_kad_post_content_style":"","_kad_post_vertical_padding":"","_kad_post_feature":"","_kad_post_feature_position":"","_kad_post_header":false,"_kad_post_footer":false},"product_brand":[45],"product_cat":[31,159,407,298],"product_tag":[],"class_list":{"0":"post-3055","1":"product","2":"type-product","3":"status-publish","4":"has-post-thumbnail","6":"product_brand-adidas","7":"product_cat-kluby-europejskie","8":"product_cat-kluby-polskie","9":"product_cat-legia-warszawa","10":"product_cat-polscy-pilkarze","11":"pa_rozmiar-s","13":"first","14":"instock","15":"taxable","16":"shipping-taxable","17":"purchasable","18":"product-type-simple","19":"entry","20":"content-bg","21":"loop-entry"},"taxonomy_info":{"product_brand":[{"value":45,"label":"Adidas"}],"product_cat":[{"value":31,"label":"Kluby Europejskie"},{"value":159,"label":"Kluby Polskie"},{"value":407,"label":"Legia Warszawa"},{"value":298,"label":"POLSCY PI\u0141KARZE"}],"pa_rozmiar":[{"value":19,"label":"S"}]},"featured_image_src_large":["https:\/\/fts.you2.pl\/wp-content\/uploads\/2025\/09\/Photoroom_20250614_141944-1024x1024.png",1024,1024,true],"author_info":[],"comment_info":"","_links":{"self":[{"href":"https:\/\/fts.you2.pl\/de\/wp-json\/wp\/v2\/product\/3055","targetHints":{"allow":["GET"]}}],"collection":[{"href":"https:\/\/fts.you2.pl\/de\/wp-json\/wp\/v2\/product"}],"about":[{"href":"https:\/\/fts.you2.pl\/de\/wp-json\/wp\/v2\/types\/product"}],"wp:featuredmedia":[{"embeddable":true,"href":"https:\/\/fts.you2.pl\/de\/wp-json\/wp\/v2\/media\/14017"}],"wp:attachment":[{"href":"https:\/\/fts.you2.pl\/de\/wp-json\/wp\/v2\/media?parent=3055"}],"wp:term":[{"taxonomy":"product_brand","embeddable":true,"href":"https:\/\/fts.you2.pl\/de\/wp-json\/wp\/v2\/product_brand?post=3055"},{"taxonomy":"product_cat","embeddable":true,"href":"https:\/\/fts.you2.pl\/de\/wp-json\/wp\/v2\/product_cat?post=3055"},{"taxonomy":"product_tag","embeddable":true,"href":"https:\/\/fts.you2.pl\/de\/wp-json\/wp\/v2\/product_tag?post=3055"}],"curies":[{"name":"wp","href":"https:\/\/api.w.org\/{rel}","templated":true}]}}