{"id":3056,"date":"2025-06-15T15:44:07","date_gmt":"2025-06-15T13:44:07","guid":{"rendered":"https:\/\/fts.you2.pl\/index.php\/produkt\/manchester-united-2012-13-away-s\/"},"modified":"2025-09-19T16:28:57","modified_gmt":"2025-09-19T14:28:57","slug":"manchester-united-2012-13-away-s","status":"publish","type":"product","link":"https:\/\/fts.you2.pl\/de\/manchester-united-2012-13-away-s\/","title":{"rendered":"Koszulka pi\u0142karska Manchester United 2012\/13 Away [S]"},"content":{"rendered":"<p><strong>Klub:<\/strong> Manchester United<\/p>\n<p><strong>Sezon:<\/strong> 2012\/13 Away<\/p>\n<p><strong>Rozmiar: <\/strong>S<\/p>\n<p><strong>Stan:<\/strong> S\u0142aby &#8211; znaczna ilo\u015b\u0107 mikro zaci\u0105gni\u0119\u0107 oraz kilka drobnych plamek.<\/p>\n<p><strong>Wymiary (szeroko\u015b\u0107 pod pachami\/d\u0142ugo\u015b\u0107) w cm: <\/strong>48\/68<\/p>","protected":false},"excerpt":{"rendered":"<p data-start=\"0\" data-end=\"89\"><strong data-start=\"0\" data-end=\"87\">Oryginalna wyjazdowa koszulka pi\u0142karska Manchesteru United 2012\/13 w bia\u0142ym kolorze.<\/strong><\/p>\n<p data-start=\"91\" data-end=\"649\">Przedstawiamy wyj\u0105tkow\u0105 <strong data-start=\"115\" data-end=\"182\">wyjazdow\u0105 koszulk\u0119 pi\u0142karsk\u0105 Manchesteru United z sezonu 2012\/13<\/strong>, stworzon\u0105 przez <strong data-start=\"200\" data-end=\"208\">Nike<\/strong> w eleganckiej, bia\u0142ej kolorystyce z delikatnymi czerwono-czarnymi akcentami. To model, kt\u00f3ry doskonale \u0142\u0105czy klasyczny design Czerwonych Diab\u0142\u00f3w z nowoczesnymi rozwi\u0105zaniami technologicznymi, zapewniaj\u0105cymi komfort i przewiewno\u015b\u0107 zar\u00f3wno podczas gry, jak i codziennego noszenia. Na piersi widnieje haftowany herb klubu, symbol pot\u0119gi i tradycji Old Trafford, a minimalistyczny styl sprawia, \u017ce koszulka wyr\u00f3\u017cnia si\u0119 ponadczasow\u0105 estetyk\u0105.<\/p>\n<p data-start=\"651\" data-end=\"1174\">Sezon 2012\/13 by\u0142 wyj\u0105tkowy w historii Manchesteru United \u2013 zesp\u00f3\u0142 prowadzony przez legendarnego <strong data-start=\"748\" data-end=\"771\">Sir Alexa Fergusona<\/strong> zdoby\u0142 sw\u00f3j <strong data-start=\"784\" data-end=\"812\">20. tytu\u0142 mistrza Anglii<\/strong>, dominuj\u0105c w Premier League. To w\u0142a\u015bnie w tej koszulce pi\u0142karze tacy jak <strong data-start=\"886\" data-end=\"950\">Robin van Persie, Wayne Rooney, Ryan Giggs czy Nemanja Vidi\u0107<\/strong> rozgrywali wa\u017cne spotkania wyjazdowe, walcz\u0105c o kolejne punkty i piecz\u0119tuj\u0105c mistrzostwo kraju. By\u0142 to tak\u017ce ostatni sezon Fergusona na \u0142awce trenerskiej, co nadaje tej koszulce jeszcze wi\u0119kszej warto\u015bci kolekcjonerskiej.<\/p>\n<p data-start=\"1176\" data-end=\"1487\"><strong data-start=\"1176\" data-end=\"1224\">Koszulka pi\u0142karska Manchester United 2012\/13<\/strong> to idealna propozycja dla fan\u00f3w, kt\u00f3rzy ceni\u0105 sobie wyj\u0105tkowe momenty w historii klubu. Dzi\u0119ki lekkiemu, oddychaj\u0105cemu materia\u0142owi Dri-FIT od Nike, zapewnia maksymalny komfort i wygod\u0119, a jej elegancki wygl\u0105d czyni j\u0105 \u015bwietnym elementem codziennych stylizacji.<\/p>\n<p data-start=\"1489\" data-end=\"1632\">To nie tylko koszulka, ale r\u00f3wnie\u017c <strong data-start=\"1529\" data-end=\"1581\">symbol triumfu i wielkiej ery Czerwonych Diab\u0142\u00f3w<\/strong>, zamykaj\u0105cej rozdzia\u0142 epoki Sir Alexa Fergusona.<\/p>","protected":false},"featured_media":14026,"template":"","meta":{"_kad_blocks_custom_css":"","_kad_blocks_head_custom_js":"","_kad_blocks_body_custom_js":"","_kad_blocks_footer_custom_js":"","_kad_post_transparent":"","_kad_post_title":"","_kad_post_layout":"","_kad_post_sidebar_id":"","_kad_post_content_style":"","_kad_post_vertical_padding":"","_kad_post_feature":"","_kad_post_feature_position":"","_kad_post_header":false,"_kad_post_footer":false},"product_brand":[55],"product_cat":[32,31,133],"product_tag":[],"class_list":{"0":"post-3056","1":"product","2":"type-product","3":"status-publish","4":"has-post-thumbnail","6":"product_brand-nike","7":"product_cat-kluby-angielskie","8":"product_cat-kluby-europejskie","9":"product_cat-manchester-united","10":"pa_rozmiar-s","12":"first","13":"instock","14":"taxable","15":"shipping-taxable","16":"purchasable","17":"product-type-simple","18":"entry","19":"content-bg","20":"loop-entry"},"taxonomy_info":{"product_brand":[{"value":55,"label":"Nike"}],"product_cat":[{"value":32,"label":"Kluby Angielskie"},{"value":31,"label":"Kluby Europejskie"},{"value":133,"label":"Manchester United"}],"pa_rozmiar":[{"value":19,"label":"S"}]},"featured_image_src_large":["https:\/\/fts.you2.pl\/wp-content\/uploads\/2025\/09\/Photoroom_024_20250614_140801-1024x1024.png",1024,1024,true],"author_info":[],"comment_info":"","_links":{"self":[{"href":"https:\/\/fts.you2.pl\/de\/wp-json\/wp\/v2\/product\/3056","targetHints":{"allow":["GET"]}}],"collection":[{"href":"https:\/\/fts.you2.pl\/de\/wp-json\/wp\/v2\/product"}],"about":[{"href":"https:\/\/fts.you2.pl\/de\/wp-json\/wp\/v2\/types\/product"}],"wp:featuredmedia":[{"embeddable":true,"href":"https:\/\/fts.you2.pl\/de\/wp-json\/wp\/v2\/media\/14026"}],"wp:attachment":[{"href":"https:\/\/fts.you2.pl\/de\/wp-json\/wp\/v2\/media?parent=3056"}],"wp:term":[{"taxonomy":"product_brand","embeddable":true,"href":"https:\/\/fts.you2.pl\/de\/wp-json\/wp\/v2\/product_brand?post=3056"},{"taxonomy":"product_cat","embeddable":true,"href":"https:\/\/fts.you2.pl\/de\/wp-json\/wp\/v2\/product_cat?post=3056"},{"taxonomy":"product_tag","embeddable":true,"href":"https:\/\/fts.you2.pl\/de\/wp-json\/wp\/v2\/product_tag?post=3056"}],"curies":[{"name":"wp","href":"https:\/\/api.w.org\/{rel}","templated":true}]}}