{"id":3058,"date":"2025-06-15T15:44:06","date_gmt":"2025-06-15T13:44:06","guid":{"rendered":"https:\/\/fts.you2.pl\/index.php\/produkt\/metallurg-donieck-2009-10-home-22-mkhiaryan-xl\/"},"modified":"2025-09-19T16:29:42","modified_gmt":"2025-09-19T14:29:42","slug":"metallurg-donieck-2009-10-home-22-mkhiaryan-xl","status":"publish","type":"product","link":"https:\/\/fts.you2.pl\/de\/metallurg-donieck-2009-10-home-22-mkhiaryan-xl\/","title":{"rendered":"Koszulka pi\u0142karska Metallurg Donieck 2009\/10 Home 22 Mkhitaryan [XL]"},"content":{"rendered":"<p><strong>Klub:<\/strong> Metallurg Donieck<\/p>\n<p><strong>Sezon:<\/strong> 2009\/10 Home<\/p>\n<p><strong>Rozmiar: <\/strong>XL<\/p>\n<p><strong>Stan:<\/strong> Zadowalaj\u0105cy &#8211; mocno zniszczony nadruk na plecach.<\/p>\n<p><strong>Wymiary (szeroko\u015b\u0107 pod pachami\/d\u0142ugo\u015b\u0107) w cm: <\/strong>59\/75<\/p>","protected":false},"excerpt":{"rendered":"<p data-start=\"0\" data-end=\"69\"><strong data-start=\"0\" data-end=\"67\">Oryginalna domowa koszulka pi\u0142karska Metallurg Donieck 2009\/10.<\/strong><\/p>\n<p data-start=\"71\" data-end=\"601\">Przedstawiamy oryginaln\u0105 <strong data-start=\"85\" data-end=\"150\">domow\u0105 koszulk\u0119 pi\u0142karsk\u0105 Metallurga Donieck z sezonu 2009\/10<\/strong>, w kt\u00f3rej b\u0142yszcza\u0142 <strong data-start=\"171\" data-end=\"193\">Henrikh Mkhitaryan<\/strong>, jedna z najwi\u0119kszych gwiazd w historii ormia\u0144skiego futbolu. Ten model, utrzymany w charakterystycznych<strong data-start=\"299\" data-end=\"328\">\u00a0barwach<\/strong>, zosta\u0142 wyprodukowany przez renomowan\u0105 firm\u0119 <strong>Umbro<\/strong> i wyr\u00f3\u017cnia si\u0119 klasycznym, dynamicznym krojem, idealnie oddaj\u0105cym styl ukrai\u0144skiego klubu. Na piersi widnieje haftowany herb Metallurga, a ca\u0142o\u015b\u0107 dope\u0142nia sponsor z tamtego okresu, podkre\u015blaj\u0105cy autentyczno\u015b\u0107 stroju.<\/p>\n<p data-start=\"603\" data-end=\"1010\">Sezon 2009\/10 by\u0142 dla klubu z Doniecka bardzo wa\u017cny \u2013 zesp\u00f3\u0142 rywalizowa\u0142 na wysokim poziomie w ukrai\u0144skiej Premier Lidze, a kluczow\u0105 rol\u0119 odgrywa\u0142 <strong data-start=\"750\" data-end=\"772\">Henrikh Mkhitaryan<\/strong>, m\u0142ody i utalentowany pomocnik, kt\u00f3ry w barwach Metallurga rozwija\u0142 swoje umiej\u0119tno\u015bci i zdobywa\u0142 gole, przyci\u0105gaj\u0105c uwag\u0119 najwi\u0119kszych klub\u00f3w Europy. To w\u0142a\u015bnie w tej koszulce zdobywa\u0142 bramki i asysty, b\u0119d\u0105c motorem nap\u0119dowym dru\u017cyny.<\/p>\n<p data-start=\"1400\" data-end=\"1691\">To <strong data-start=\"1403\" data-end=\"1436\">oryginalna koszulka pi\u0142karska<\/strong>, kt\u00f3ra nie tylko przypomina o wa\u017cnym etapie kariery Mkhitaryana, ale tak\u017ce o historii Metallurga Donieck \u2013 dru\u017cyny, kt\u00f3ra przez lata walczy\u0142a z najlepszymi na Ukrainie. Idealna dla fan\u00f3w futbolu wschodnioeuropejskiego i mi\u0142o\u015bnik\u00f3w unikatowych trykot\u00f3w.<\/p>","protected":false},"featured_media":14043,"template":"","meta":{"_kad_blocks_custom_css":"","_kad_blocks_head_custom_js":"","_kad_blocks_body_custom_js":"","_kad_blocks_footer_custom_js":"","_kad_post_transparent":"","_kad_post_title":"","_kad_post_layout":"","_kad_post_sidebar_id":"","_kad_post_content_style":"","_kad_post_vertical_padding":"","_kad_post_feature":"","_kad_post_feature_position":"","_kad_post_header":false,"_kad_post_footer":false},"product_brand":[21],"product_cat":[31,50,60],"product_tag":[],"class_list":{"0":"post-3058","1":"product","2":"type-product","3":"status-publish","4":"has-post-thumbnail","6":"product_brand-umbro","7":"product_cat-kluby-europejskie","8":"product_cat-kluby-europejskie-kluby-europejskie","9":"product_cat-pozostale-kluby-europejskie","10":"pa_rozmiar-xl","12":"first","13":"instock","14":"taxable","15":"shipping-taxable","16":"purchasable","17":"product-type-simple","18":"entry","19":"content-bg","20":"loop-entry"},"taxonomy_info":{"product_brand":[{"value":21,"label":"Umbro"}],"product_cat":[{"value":31,"label":"Kluby Europejskie"},{"value":50,"label":"Kluby Europejskie"},{"value":60,"label":"Pozosta\u0142e kluby europejskie"}],"pa_rozmiar":[{"value":57,"label":"XL"}]},"featured_image_src_large":["https:\/\/fts.you2.pl\/wp-content\/uploads\/2025\/09\/Photoroom_072_20250614_140801-1024x1024.png",1024,1024,true],"author_info":[],"comment_info":"","_links":{"self":[{"href":"https:\/\/fts.you2.pl\/de\/wp-json\/wp\/v2\/product\/3058","targetHints":{"allow":["GET"]}}],"collection":[{"href":"https:\/\/fts.you2.pl\/de\/wp-json\/wp\/v2\/product"}],"about":[{"href":"https:\/\/fts.you2.pl\/de\/wp-json\/wp\/v2\/types\/product"}],"wp:featuredmedia":[{"embeddable":true,"href":"https:\/\/fts.you2.pl\/de\/wp-json\/wp\/v2\/media\/14043"}],"wp:attachment":[{"href":"https:\/\/fts.you2.pl\/de\/wp-json\/wp\/v2\/media?parent=3058"}],"wp:term":[{"taxonomy":"product_brand","embeddable":true,"href":"https:\/\/fts.you2.pl\/de\/wp-json\/wp\/v2\/product_brand?post=3058"},{"taxonomy":"product_cat","embeddable":true,"href":"https:\/\/fts.you2.pl\/de\/wp-json\/wp\/v2\/product_cat?post=3058"},{"taxonomy":"product_tag","embeddable":true,"href":"https:\/\/fts.you2.pl\/de\/wp-json\/wp\/v2\/product_tag?post=3058"}],"curies":[{"name":"wp","href":"https:\/\/api.w.org\/{rel}","templated":true}]}}