{"id":3060,"date":"2025-06-15T15:44:04","date_gmt":"2025-06-15T13:44:04","guid":{"rendered":"https:\/\/fts.you2.pl\/index.php\/produkt\/newcastle-united-fc-2005-06-away-l\/"},"modified":"2025-09-19T16:30:35","modified_gmt":"2025-09-19T14:30:35","slug":"newcastle-united-fc-2005-06-away-l","status":"publish","type":"product","link":"https:\/\/fts.you2.pl\/de\/newcastle-united-fc-2005-06-away-l\/","title":{"rendered":"Koszulka pi\u0142karska Newcastle United FC 2005\/06 Away [L]"},"content":{"rendered":"<p><strong>Klub:<\/strong> Newcastle United FC<\/p>\n<p><strong>Sezon:<\/strong> 2005\/06 Away<\/p>\n<p><strong>Rozmiar: <\/strong>L<\/p>\n<p><strong>Stan:<\/strong> Bardzo dobry &#8211; jedno mikro zaci\u0105gni\u0119cie na r\u0119kawku.<\/p>\n<p><strong>Wymiary (szeroko\u015b\u0107 pod pachami\/d\u0142ugo\u015b\u0107) w cm: <\/strong>60\/75<\/p>","protected":false},"excerpt":{"rendered":"<p data-start=\"0\" data-end=\"71\"><strong data-start=\"0\" data-end=\"69\">Oryginalna wyjazdowa koszulka pi\u0142karska Newcastle United 2005\/06.<\/strong><\/p>\n<p data-start=\"73\" data-end=\"675\">Przedstawiamy <strong data-start=\"87\" data-end=\"153\">wyjazdow\u0105 koszulk\u0119 pi\u0142karsk\u0105 Newcastle United z sezonu 2005\/06<\/strong>, wyprodukowan\u0105 przez legendarn\u0105 mark\u0119 <strong data-start=\"192\" data-end=\"202\">Adidas<\/strong>. Ten wyj\u0105tkowy model wyr\u00f3\u017cnia si\u0119 <strong data-start=\"237\" data-end=\"295\">stylow\u0105, szaro-srebrn\u0105 kolorystyk\u0105 z czarnymi detalami<\/strong>, kt\u00f3re nadaj\u0105 mu nowoczesnego, eleganckiego wygl\u0105du. Na froncie widnieje historyczne logo sponsora <strong data-start=\"395\" data-end=\"412\">Northern Rock<\/strong>, a ca\u0142o\u015b\u0107 dope\u0142nia <strong data-start=\"432\" data-end=\"467\">haftowany herb Newcastle United<\/strong> na piersi, symbolizuj\u0105cy dum\u0119 i tradycj\u0119 klubu. Klasyczne <strong data-start=\"526\" data-end=\"548\">trzy paski Adidasa<\/strong> biegn\u0105ce wzd\u0142u\u017c ramion oraz delikatny ko\u0142nierzyk podkre\u015blaj\u0105 sportowy, a jednocze\u015bnie minimalistyczny charakter tego modelu.<\/p>\n<p data-start=\"677\" data-end=\"922\">Koszulka zosta\u0142a wykonana z lekkich, przewiewnych materia\u0142\u00f3w, kt\u00f3re zapewnia\u0142y komfort zawodnikom nawet podczas najtrudniejszych mecz\u00f3w. <strong data-start=\"814\" data-end=\"830\">Szary design<\/strong> wyr\u00f3\u017cnia\u0142 si\u0119 na tle typowych wyjazdowych stroj\u00f3w, \u0142\u0105cz\u0105c w sobie subtelno\u015b\u0107 i elegancj\u0119.<\/p>\n<p data-start=\"924\" data-end=\"1278\">W sezonie 2005\/06 <strong data-start=\"942\" data-end=\"962\">Newcastle United<\/strong>, prowadzone przez <strong>Graeme\u2019a Sounessa<\/strong>, rywalizowa\u0142o w <strong>Premier League<\/strong>, a barwy \u201cSrok\u201d reprezentowali tacy zawodnicy jak <strong data-start=\"1080\" data-end=\"1172\">Alan Shearer \u2013 legenda i ikona klubu, Scott Parker, Charles N\u2019Zogbia czy Nolberto Solano<\/strong>. To w\u0142a\u015bnie w tej koszulce dru\u017cyna toczy\u0142a swoje wyjazdowe boje, walcz\u0105c o jak najlepszy wynik w lidze.<\/p>\n<p data-start=\"1280\" data-end=\"1532\"><strong data-start=\"1280\" data-end=\"1348\">Wyjazdowa koszulka Newcastle United 2005\/06 w szarej kolorystyce<\/strong> to prawdziwy rarytas dla kolekcjoner\u00f3w i kibic\u00f3w \u2013 \u0142\u0105czy w sobie nowoczesny styl z nut\u0105 historii i sentymentem do jednego z najbardziej charakterystycznych klub\u00f3w angielskiej pi\u0142ki.<\/p>","protected":false},"featured_media":14060,"template":"","meta":{"_kad_blocks_custom_css":"","_kad_blocks_head_custom_js":"","_kad_blocks_body_custom_js":"","_kad_blocks_footer_custom_js":"","_kad_post_transparent":"","_kad_post_title":"","_kad_post_layout":"","_kad_post_sidebar_id":"","_kad_post_content_style":"","_kad_post_vertical_padding":"","_kad_post_feature":"","_kad_post_feature_position":"","_kad_post_header":false,"_kad_post_footer":false},"product_brand":[45],"product_cat":[32,31,33],"product_tag":[],"class_list":{"0":"post-3060","1":"product","2":"type-product","3":"status-publish","4":"has-post-thumbnail","6":"product_brand-adidas","7":"product_cat-kluby-angielskie","8":"product_cat-kluby-europejskie","9":"product_cat-pozostale-kluby-angielskie","10":"pa_rozmiar-l","12":"first","13":"instock","14":"taxable","15":"shipping-taxable","16":"purchasable","17":"product-type-simple","18":"entry","19":"content-bg","20":"loop-entry"},"taxonomy_info":{"product_brand":[{"value":45,"label":"Adidas"}],"product_cat":[{"value":32,"label":"Kluby Angielskie"},{"value":31,"label":"Kluby Europejskie"},{"value":33,"label":"Pozosta\u0142e kluby angielskie"}],"pa_rozmiar":[{"value":39,"label":"L"}]},"featured_image_src_large":["https:\/\/fts.you2.pl\/wp-content\/uploads\/2025\/09\/Photoroom_022_20250614_140801-1024x1024.png",1024,1024,true],"author_info":[],"comment_info":"","_links":{"self":[{"href":"https:\/\/fts.you2.pl\/de\/wp-json\/wp\/v2\/product\/3060","targetHints":{"allow":["GET"]}}],"collection":[{"href":"https:\/\/fts.you2.pl\/de\/wp-json\/wp\/v2\/product"}],"about":[{"href":"https:\/\/fts.you2.pl\/de\/wp-json\/wp\/v2\/types\/product"}],"wp:featuredmedia":[{"embeddable":true,"href":"https:\/\/fts.you2.pl\/de\/wp-json\/wp\/v2\/media\/14060"}],"wp:attachment":[{"href":"https:\/\/fts.you2.pl\/de\/wp-json\/wp\/v2\/media?parent=3060"}],"wp:term":[{"taxonomy":"product_brand","embeddable":true,"href":"https:\/\/fts.you2.pl\/de\/wp-json\/wp\/v2\/product_brand?post=3060"},{"taxonomy":"product_cat","embeddable":true,"href":"https:\/\/fts.you2.pl\/de\/wp-json\/wp\/v2\/product_cat?post=3060"},{"taxonomy":"product_tag","embeddable":true,"href":"https:\/\/fts.you2.pl\/de\/wp-json\/wp\/v2\/product_tag?post=3060"}],"curies":[{"name":"wp","href":"https:\/\/api.w.org\/{rel}","templated":true}]}}