{"id":3064,"date":"2025-06-15T15:44:23","date_gmt":"2025-06-15T13:44:23","guid":{"rendered":"https:\/\/fts.you2.pl\/index.php\/produkt\/bnwt-red-star-fc-2021-22-away-l\/"},"modified":"2025-09-19T16:32:22","modified_gmt":"2025-09-19T14:32:22","slug":"bnwt-red-star-fc-2021-22-away-l","status":"publish","type":"product","link":"https:\/\/fts.you2.pl\/de\/bnwt-red-star-fc-2021-22-away-l\/","title":{"rendered":"Koszulka pi\u0142karska BNWT Red Star FC 2021\/22 Away [L]"},"content":{"rendered":"<p><strong>Klub:<\/strong> Red Star FC<\/p>\n<p><strong>Sezon:<\/strong> 2021\/22 Away<\/p>\n<p><strong>Rozmiar: <\/strong>L<\/p>\n<p><strong>Stan:<\/strong> BNWT &#8211; Koszulka nowa, z metkami.<\/p>\n<p><strong>Wymiary (szeroko\u015b\u0107 pod pachami\/d\u0142ugo\u015b\u0107) w cm: <\/strong>55\/75<\/p>\n<p><strong>Dodatkowe informacje:<\/strong> Koszulka w zestawie ma dodatkowe herby, mo\u017cliwe do przyczepienia na rzep.<\/p>","protected":false},"excerpt":{"rendered":"<p data-start=\"145\" data-end=\"524\"><strong>Oryginalna wyjazdowa koszulka Red Star FC z sezonu 2021\/22<\/strong>, zaprojektowana przez kultow\u0105 mark\u0119 <strong data-start=\"324\" data-end=\"333\">Kappa<\/strong> \u2013 klasyka francuskiego futbolu w nowoczesnym wydaniu. W tej wyj\u0105tkowej edycji klub z podparyskiego Saint-Ouen po raz kolejny udowodni\u0142, \u017ce styl i ideologia mog\u0105 i\u015b\u0107 w parze z pasj\u0105 do pi\u0142ki.<\/p>\n<p data-start=\"526\" data-end=\"904\">Wyjazdowy model z sezonu 2021\/22 przyci\u0105ga wzrok oryginalnym wzornictwem \u2013 dominuj\u0105c\u0105 ciemn\u0105 kolorystyk\u0105 z kontrastuj\u0105cymi detalami i zielonym herbem, kt\u00f3ry wyr\u00f3\u017cnia si\u0119 na tle minimalistycznej ca\u0142o\u015bci. To koszulka, kt\u00f3ra zachowuje ducha alternatywnej to\u017csamo\u015bci Red Star FC \u2013 klubu z bogat\u0105 histori\u0105, silnym zakorzenieniem w lokalnej spo\u0142eczno\u015bci i niepowtarzalnym charakterem. Koszulka zosta\u0142a wykonana z lekkich, oddychaj\u0105cych materia\u0142\u00f3w, typowych dla meczowej jako\u015bci <strong data-start=\"999\" data-end=\"1015\">Kappy.<\/strong><\/p>\n<p data-start=\"1215\" data-end=\"1495\">W sezonie 2021\/22 klub wyst\u0119powa\u0142 na zapleczu <strong>Ligue 2<\/strong>, nieustannie piel\u0119gnuj\u0105c swoj\u0105 niezale\u017cno\u015b\u0107 i kultowy status w\u015br\u00f3d fan\u00f3w alternatywnego futbolu. Ta koszulka to nie tylko cz\u0119\u015b\u0107 sportowego stroju \u2013 to manifest przynale\u017cno\u015bci do jednego z najbardziej unikatowych klub\u00f3w Europy.<\/p>","protected":false},"featured_media":14090,"template":"","meta":{"_kad_blocks_custom_css":"","_kad_blocks_head_custom_js":"","_kad_blocks_body_custom_js":"","_kad_blocks_footer_custom_js":"","_kad_post_transparent":"","_kad_post_title":"","_kad_post_layout":"","_kad_post_sidebar_id":"","_kad_post_content_style":"","_kad_post_vertical_padding":"","_kad_post_feature":"","_kad_post_feature_position":"","_kad_post_header":false,"_kad_post_footer":false},"product_brand":[35],"product_cat":[31,129,130],"product_tag":[],"class_list":{"0":"post-3064","1":"product","2":"type-product","3":"status-publish","4":"has-post-thumbnail","6":"product_brand-kappa","7":"product_cat-kluby-europejskie","8":"product_cat-kluby-francuskie","9":"product_cat-pozostale-kluby-francuskie","10":"pa_rozmiar-l","12":"first","13":"instock","14":"taxable","15":"shipping-taxable","16":"purchasable","17":"product-type-simple","18":"entry","19":"content-bg","20":"loop-entry"},"taxonomy_info":{"product_brand":[{"value":35,"label":"Kappa"}],"product_cat":[{"value":31,"label":"Kluby Europejskie"},{"value":129,"label":"Kluby Francuskie"},{"value":130,"label":"Pozosta\u0142e kluby francuskie"}],"pa_rozmiar":[{"value":39,"label":"L"}]},"featured_image_src_large":["https:\/\/fts.you2.pl\/wp-content\/uploads\/2025\/09\/Photoroom_045_20250614_140801-1024x1024.png",1024,1024,true],"author_info":[],"comment_info":"","_links":{"self":[{"href":"https:\/\/fts.you2.pl\/de\/wp-json\/wp\/v2\/product\/3064","targetHints":{"allow":["GET"]}}],"collection":[{"href":"https:\/\/fts.you2.pl\/de\/wp-json\/wp\/v2\/product"}],"about":[{"href":"https:\/\/fts.you2.pl\/de\/wp-json\/wp\/v2\/types\/product"}],"wp:featuredmedia":[{"embeddable":true,"href":"https:\/\/fts.you2.pl\/de\/wp-json\/wp\/v2\/media\/14090"}],"wp:attachment":[{"href":"https:\/\/fts.you2.pl\/de\/wp-json\/wp\/v2\/media?parent=3064"}],"wp:term":[{"taxonomy":"product_brand","embeddable":true,"href":"https:\/\/fts.you2.pl\/de\/wp-json\/wp\/v2\/product_brand?post=3064"},{"taxonomy":"product_cat","embeddable":true,"href":"https:\/\/fts.you2.pl\/de\/wp-json\/wp\/v2\/product_cat?post=3064"},{"taxonomy":"product_tag","embeddable":true,"href":"https:\/\/fts.you2.pl\/de\/wp-json\/wp\/v2\/product_tag?post=3064"}],"curies":[{"name":"wp","href":"https:\/\/api.w.org\/{rel}","templated":true}]}}