{"id":3065,"date":"2025-06-15T15:44:22","date_gmt":"2025-06-15T13:44:22","guid":{"rendered":"https:\/\/fts.you2.pl\/index.php\/produkt\/rot-weiss-essen-2023-24-third-24-gotze-xl\/"},"modified":"2025-09-19T16:32:50","modified_gmt":"2025-09-19T14:32:50","slug":"rot-weiss-essen-2023-24-third-24-gotze-xl","status":"publish","type":"product","link":"https:\/\/fts.you2.pl\/de\/rot-weiss-essen-2023-24-third-24-gotze-xl\/","title":{"rendered":"Koszulka pi\u0142karska Rot Weiss Essen 2023\/24 Third 24 Gotze [XL]"},"content":{"rendered":"<p><strong>Klub:<\/strong> Rot Weiss Essen<\/p>\n<p><strong>Sezon:<\/strong> 2023\/24 Third<\/p>\n<p><strong>Rozmiar: <\/strong>XL<\/p>\n<p><strong>Stan:<\/strong> BNWT &#8211; Koszulka nowa, z metkami.<\/p>\n<p><strong>Wymiary (szeroko\u015b\u0107 pod pachami\/d\u0142ugo\u015b\u0107) w cm: <\/strong>54\/74<\/p>","protected":false},"excerpt":{"rendered":"<p data-start=\"206\" data-end=\"653\">Oryginalna <strong data-start=\"313\" data-end=\"366\">trzecia koszulka Rot-Weiss Essen z sezonu 2023\/24<\/strong> to idealna pozycja dla fan\u00f3w niemieckiego futbolu z charakterem i tradycj\u0105. Wyprodukowana przez firm\u0119 <strong data-start=\"469\" data-end=\"477\">Jako<\/strong>, a ten egzemplarz jest <strong data-start=\"586\" data-end=\"613\">nowy, z kompletem metek.<\/strong><\/p>\n<p data-start=\"655\" data-end=\"1043\">Model ten to trzeci komplet meczowy zespo\u0142u z Zag\u0142\u0119bia Ruhry \u2013 utrzymany w stonowanej kolorystyce, z subtelnymi detalami, kt\u00f3re podkre\u015blaj\u0105 sportowy i profesjonalny styl dru\u017cyny. Na plecach nadrukowano nazwisko <strong data-start=\"866\" data-end=\"876\">G\u00f6tze<\/strong>, czyli <strong data-start=\"884\" data-end=\"901\">Felixa G\u00f6tze<\/strong> \u2013 m\u0142odszego brata Mario, kt\u00f3ry z powodzeniem buduje w\u0142asn\u0105 karier\u0119 na niemieckich boiskach, \u0142\u0105cz\u0105c solidno\u015b\u0107 z uniwersalno\u015bci\u0105 w \u015brodku pola.<\/p>\n<p data-start=\"1045\" data-end=\"1373\">Sezon <strong>2023\/24<\/strong> to dla <strong>Rot-Weiss Essen<\/strong> kolejny etap odbudowy dawnej pozycji \u2013 klub z wielkimi tradycjami, mistrz Niemiec z 1955 roku, stale walczy o powr\u00f3t na wy\u017cszy poziom rozgrywek. Ta koszulka to wi\u0119c nie tylko cz\u0119\u015b\u0107 odzie\u017cy sportowej \u2013 to wyraz wsparcia dla jednej z najbardziej oddanych spo\u0142eczno\u015bci kibicowskich w Niemczech.<\/p>","protected":false},"featured_media":14100,"template":"","meta":{"_kad_blocks_custom_css":"","_kad_blocks_head_custom_js":"","_kad_blocks_body_custom_js":"","_kad_blocks_footer_custom_js":"","_kad_post_transparent":"","_kad_post_title":"","_kad_post_layout":"","_kad_post_sidebar_id":"","_kad_post_content_style":"","_kad_post_vertical_padding":"","_kad_post_feature":"","_kad_post_feature_position":"","_kad_post_header":false,"_kad_post_footer":false},"product_brand":[233],"product_cat":[31,46,174],"product_tag":[],"class_list":{"0":"post-3065","1":"product","2":"type-product","3":"status-publish","4":"has-post-thumbnail","6":"product_brand-jako","7":"product_cat-kluby-europejskie","8":"product_cat-kluby-niemieckie","9":"product_cat-pozostale-kluby-niemieckie","10":"pa_rozmiar-xl","12":"first","13":"instock","14":"taxable","15":"shipping-taxable","16":"purchasable","17":"product-type-simple","18":"entry","19":"content-bg","20":"loop-entry"},"taxonomy_info":{"product_brand":[{"value":233,"label":"Jako"}],"product_cat":[{"value":31,"label":"Kluby Europejskie"},{"value":46,"label":"Kluby Niemieckie"},{"value":174,"label":"Pozosta\u0142e kluby niemieckie"}],"pa_rozmiar":[{"value":57,"label":"XL"}]},"featured_image_src_large":["https:\/\/fts.you2.pl\/wp-content\/uploads\/2025\/09\/Photoroom_096_20250614_140801-1024x1024.png",1024,1024,true],"author_info":[],"comment_info":"","_links":{"self":[{"href":"https:\/\/fts.you2.pl\/de\/wp-json\/wp\/v2\/product\/3065","targetHints":{"allow":["GET"]}}],"collection":[{"href":"https:\/\/fts.you2.pl\/de\/wp-json\/wp\/v2\/product"}],"about":[{"href":"https:\/\/fts.you2.pl\/de\/wp-json\/wp\/v2\/types\/product"}],"wp:featuredmedia":[{"embeddable":true,"href":"https:\/\/fts.you2.pl\/de\/wp-json\/wp\/v2\/media\/14100"}],"wp:attachment":[{"href":"https:\/\/fts.you2.pl\/de\/wp-json\/wp\/v2\/media?parent=3065"}],"wp:term":[{"taxonomy":"product_brand","embeddable":true,"href":"https:\/\/fts.you2.pl\/de\/wp-json\/wp\/v2\/product_brand?post=3065"},{"taxonomy":"product_cat","embeddable":true,"href":"https:\/\/fts.you2.pl\/de\/wp-json\/wp\/v2\/product_cat?post=3065"},{"taxonomy":"product_tag","embeddable":true,"href":"https:\/\/fts.you2.pl\/de\/wp-json\/wp\/v2\/product_tag?post=3065"}],"curies":[{"name":"wp","href":"https:\/\/api.w.org\/{rel}","templated":true}]}}