{"id":3066,"date":"2025-06-15T15:44:21","date_gmt":"2025-06-15T13:44:21","guid":{"rendered":"https:\/\/fts.you2.pl\/index.php\/produkt\/sc-bastia-2012-13-home-l\/"},"modified":"2025-09-19T16:33:11","modified_gmt":"2025-09-19T14:33:11","slug":"sc-bastia-2012-13-home-l","status":"publish","type":"product","link":"https:\/\/fts.you2.pl\/de\/sc-bastia-2012-13-home-l\/","title":{"rendered":"Koszulka pi\u0142karska SC Bastia 2012\/13 Home [L]"},"content":{"rendered":"<p><strong>Klub:<\/strong> SC Bastia<\/p>\n<p><strong>Sezon:<\/strong> 2012\/13 Home<\/p>\n<p><strong>Rozmiar: <\/strong>L<\/p>\n<p><strong>Stan:<\/strong> Doskona\u0142y<\/p>\n<p><strong>Wymiary (szeroko\u015b\u0107 pod pachami\/d\u0142ugo\u015b\u0107) w cm: <\/strong>54\/70<\/p>","protected":false},"excerpt":{"rendered":"<p data-start=\"133\" data-end=\"489\">Kultowy klimat Korsyki zamkni\u0119ty w koszulce pi\u0142karskiej \u2013 oto <strong data-start=\"266\" data-end=\"323\">oryginalna domowa koszulka SC Bastii z sezonu 2012\/13<\/strong>, wyprodukowana przez w\u0142osk\u0105 mark\u0119 <strong data-start=\"358\" data-end=\"367\">Kappa<\/strong>. To klasyczny model w charakterystycznym niebieskim kolorze, z bia\u0142ymi detalami i herbem klubu z dumnym Maurem na piersi.<\/p>\n<p data-start=\"491\" data-end=\"816\">Sezon<strong> 2012\/13<\/strong> by\u0142 wyj\u0105tkowy \u2013 Bastia, \u015bwie\u017co po awansie do <strong>Ligue 1<\/strong>, wraca\u0142a na najwy\u017cszy poziom francuskiej pi\u0142ki, chc\u0105c na nowo zaznaczy\u0107 swoj\u0105 obecno\u015b\u0107 w elicie. W tamtym okresie dru\u017cyna mog\u0142a liczy\u0107 na wsparcie gor\u0105cej korsyka\u0144skiej publiczno\u015bci, a stylowe stroje Kappy doskonale podkre\u015bla\u0142y temperament i to\u017csamo\u015b\u0107 klubu.<\/p>\n<p data-start=\"818\" data-end=\"1105\">To doskona\u0142y wyb\u00f3r dla fan\u00f3w <strong>francuskiej pi\u0142ki<\/strong>, kolekcjoner\u00f3w i tych, kt\u00f3rzy ceni\u0105 mniej oczywiste futbolowe kierunki.<\/p>","protected":false},"featured_media":14106,"template":"","meta":{"_kad_blocks_custom_css":"","_kad_blocks_head_custom_js":"","_kad_blocks_body_custom_js":"","_kad_blocks_footer_custom_js":"","_kad_post_transparent":"","_kad_post_title":"","_kad_post_layout":"","_kad_post_sidebar_id":"","_kad_post_content_style":"","_kad_post_vertical_padding":"","_kad_post_feature":"","_kad_post_feature_position":"","_kad_post_header":false,"_kad_post_footer":false},"product_brand":[35],"product_cat":[31,129,130],"product_tag":[],"class_list":{"0":"post-3066","1":"product","2":"type-product","3":"status-publish","4":"has-post-thumbnail","6":"product_brand-kappa","7":"product_cat-kluby-europejskie","8":"product_cat-kluby-francuskie","9":"product_cat-pozostale-kluby-francuskie","10":"pa_rozmiar-l","12":"first","13":"instock","14":"taxable","15":"shipping-taxable","16":"purchasable","17":"product-type-simple","18":"entry","19":"content-bg","20":"loop-entry"},"taxonomy_info":{"product_brand":[{"value":35,"label":"Kappa"}],"product_cat":[{"value":31,"label":"Kluby Europejskie"},{"value":129,"label":"Kluby Francuskie"},{"value":130,"label":"Pozosta\u0142e kluby francuskie"}],"pa_rozmiar":[{"value":39,"label":"L"}]},"featured_image_src_large":["https:\/\/fts.you2.pl\/wp-content\/uploads\/2025\/09\/Photoroom_018_20250614_140801-1024x1024.png",1024,1024,true],"author_info":[],"comment_info":"","_links":{"self":[{"href":"https:\/\/fts.you2.pl\/de\/wp-json\/wp\/v2\/product\/3066","targetHints":{"allow":["GET"]}}],"collection":[{"href":"https:\/\/fts.you2.pl\/de\/wp-json\/wp\/v2\/product"}],"about":[{"href":"https:\/\/fts.you2.pl\/de\/wp-json\/wp\/v2\/types\/product"}],"wp:featuredmedia":[{"embeddable":true,"href":"https:\/\/fts.you2.pl\/de\/wp-json\/wp\/v2\/media\/14106"}],"wp:attachment":[{"href":"https:\/\/fts.you2.pl\/de\/wp-json\/wp\/v2\/media?parent=3066"}],"wp:term":[{"taxonomy":"product_brand","embeddable":true,"href":"https:\/\/fts.you2.pl\/de\/wp-json\/wp\/v2\/product_brand?post=3066"},{"taxonomy":"product_cat","embeddable":true,"href":"https:\/\/fts.you2.pl\/de\/wp-json\/wp\/v2\/product_cat?post=3066"},{"taxonomy":"product_tag","embeddable":true,"href":"https:\/\/fts.you2.pl\/de\/wp-json\/wp\/v2\/product_tag?post=3066"}],"curies":[{"name":"wp","href":"https:\/\/api.w.org\/{rel}","templated":true}]}}