{"id":3068,"date":"2025-06-15T15:44:20","date_gmt":"2025-06-15T13:44:20","guid":{"rendered":"https:\/\/fts.you2.pl\/index.php\/produkt\/stoke-city-fc-2009-10-away-xl\/"},"modified":"2025-09-19T16:33:57","modified_gmt":"2025-09-19T14:33:57","slug":"stoke-city-fc-2009-10-away-xl","status":"publish","type":"product","link":"https:\/\/fts.you2.pl\/de\/stoke-city-fc-2009-10-away-xl\/","title":{"rendered":"Koszulka pi\u0142karska Stoke City FC 2009\/10 Away [XL]"},"content":{"rendered":"<p><strong>Klub:<\/strong> Stoke City FC<\/p>\n<p><strong>Sezon:<\/strong> 2009\/10 Away<\/p>\n<p><strong>Rozmiar: <\/strong>XL<\/p>\n<p><strong>Stan:<\/strong> Bardzo dobry &#8211; starta nalepka z rozmiarem na karku oraz pop\u0119kana nalepka u do\u0142u koszulki na froncie.<\/p>\n<p><strong>Wymiary (szeroko\u015b\u0107 pod pachami\/d\u0142ugo\u015b\u0107) w cm: <\/strong>59\/73<\/p>","protected":false},"excerpt":{"rendered":"<p><strong>Oryginalna koszulka pi\u0142karska Stoke City<\/strong> z sezonu <strong>2009\/10<\/strong> w wersji wyjazdowej, wyprodukowana przez kultow\u0105 francusk\u0105 mark\u0119 <strong data-start=\"246\" data-end=\"264\">Le Coq Sportif<\/strong>. Ciemna, elegancka stylistyka, klasyczne logo koguta i solidna jako\u015b\u0107 wykonania \u2014 dok\u0142adnie tak, jak przysta\u0142o na czasy, gdy <strong>The Potters<\/strong> twardo stali w <strong>Premier League<\/strong> pod wodz\u0105 <strong>Tony\u2019ego Pulisa<\/strong>. Dla fan\u00f3w fizycznej, wyspiarskiej pi\u0142ki i prostych retro wzor\u00f3w z pierwszej dekady XXI wieku \u2013 pozycja obowi\u0105zkowa!<\/p>","protected":false},"featured_media":14119,"template":"","meta":{"_kad_blocks_custom_css":"","_kad_blocks_head_custom_js":"","_kad_blocks_body_custom_js":"","_kad_blocks_footer_custom_js":"","_kad_post_transparent":"","_kad_post_title":"","_kad_post_layout":"","_kad_post_sidebar_id":"","_kad_post_content_style":"","_kad_post_vertical_padding":"","_kad_post_feature":"","_kad_post_feature_position":"","_kad_post_header":false,"_kad_post_footer":false},"product_brand":[96],"product_cat":[32,31,33],"product_tag":[],"class_list":{"0":"post-3068","1":"product","2":"type-product","3":"status-publish","4":"has-post-thumbnail","6":"product_brand-le-coq-sportif","7":"product_cat-kluby-angielskie","8":"product_cat-kluby-europejskie","9":"product_cat-pozostale-kluby-angielskie","10":"pa_rozmiar-xl","12":"first","13":"instock","14":"taxable","15":"shipping-taxable","16":"purchasable","17":"product-type-simple","18":"entry","19":"content-bg","20":"loop-entry"},"taxonomy_info":{"product_brand":[{"value":96,"label":"Le Coq Sportif"}],"product_cat":[{"value":32,"label":"Kluby Angielskie"},{"value":31,"label":"Kluby Europejskie"},{"value":33,"label":"Pozosta\u0142e kluby angielskie"}],"pa_rozmiar":[{"value":57,"label":"XL"}]},"featured_image_src_large":["https:\/\/fts.you2.pl\/wp-content\/uploads\/2025\/09\/Photoroom_053_20250614_140801-1024x1024.png",1024,1024,true],"author_info":[],"comment_info":"","_links":{"self":[{"href":"https:\/\/fts.you2.pl\/de\/wp-json\/wp\/v2\/product\/3068","targetHints":{"allow":["GET"]}}],"collection":[{"href":"https:\/\/fts.you2.pl\/de\/wp-json\/wp\/v2\/product"}],"about":[{"href":"https:\/\/fts.you2.pl\/de\/wp-json\/wp\/v2\/types\/product"}],"wp:featuredmedia":[{"embeddable":true,"href":"https:\/\/fts.you2.pl\/de\/wp-json\/wp\/v2\/media\/14119"}],"wp:attachment":[{"href":"https:\/\/fts.you2.pl\/de\/wp-json\/wp\/v2\/media?parent=3068"}],"wp:term":[{"taxonomy":"product_brand","embeddable":true,"href":"https:\/\/fts.you2.pl\/de\/wp-json\/wp\/v2\/product_brand?post=3068"},{"taxonomy":"product_cat","embeddable":true,"href":"https:\/\/fts.you2.pl\/de\/wp-json\/wp\/v2\/product_cat?post=3068"},{"taxonomy":"product_tag","embeddable":true,"href":"https:\/\/fts.you2.pl\/de\/wp-json\/wp\/v2\/product_tag?post=3068"}],"curies":[{"name":"wp","href":"https:\/\/api.w.org\/{rel}","templated":true}]}}