{"id":3071,"date":"2025-06-15T15:44:18","date_gmt":"2025-06-15T13:44:18","guid":{"rendered":"https:\/\/fts.you2.pl\/index.php\/produkt\/bnwt-tsg-1899-hoffenheim-2021-22-away-27-kramaric-xl\/"},"modified":"2025-09-19T16:35:25","modified_gmt":"2025-09-19T14:35:25","slug":"bnwt-tsg-1899-hoffenheim-2021-22-away-27-kramaric-xl","status":"publish","type":"product","link":"https:\/\/fts.you2.pl\/de\/bnwt-tsg-1899-hoffenheim-2021-22-away-27-kramaric-xl\/","title":{"rendered":"Koszulka pi\u0142karska BNWT TSG 1899 Hoffenheim 2021\/22 Away 27 Kramari\u0107 [XL]"},"content":{"rendered":"<p><strong>Klub:<\/strong> TSG 1899 Hoffenheim<\/p>\n<p><strong>Sezon:<\/strong> 2021\/22 Away<\/p>\n<p><strong>Rozmiar: <\/strong>XL<\/p>\n<p><strong>Stan:<\/strong> BNWT &#8211; Koszulka nowa, z metkami.<\/p>\n<p><strong>Wymiary (szeroko\u015b\u0107 pod pachami\/d\u0142ugo\u015b\u0107) w cm: <\/strong>57\/75<\/p>","protected":false},"excerpt":{"rendered":"<p data-start=\"140\" data-end=\"519\">Oto nieoczywista propozycja dla fan\u00f3w <strong>Bundesligi<\/strong> i pi\u0142karskich kolekcjoner\u00f3w \u2013 <strong data-start=\"202\" data-end=\"277\">oryginalna wyjazdowa koszulka pi\u0142karska TSG Hoffenheim z sezonu 2021\/22<\/strong>, wyprodukowana przez hiszpa\u0144sk\u0105 firm\u0119 <strong data-start=\"316\" data-end=\"324\">Joma<\/strong>, z oficjalnym nadrukiem <strong data-start=\"349\" data-end=\"369\">Andr\u00e9 Kramaricia<\/strong> na plecach. Model wci\u0105\u017c posiada <strong data-start=\"402\" data-end=\"431\">oryginalne metki sklepowe<\/strong>, co czyni go jeszcze bardziej warto\u015bciowym.<\/p>\n<p data-start=\"521\" data-end=\"815\">Koszulka w nowoczesnym, dynamicznym stylu utrzymana jest w jasnej, kontrastuj\u0105cej z domowymi barwami kolorystyce \u2013 idealnie zaprojektowana z my\u015bl\u0105 o wyst\u0119pach na wyjazdach. Lekka, oddychaj\u0105ca tkanina z technologi\u0105 Joma Sport gwarantuje komfort u\u017cytkowania zar\u00f3wno na boisku, jak i na trybunach.<\/p>\n<p data-start=\"817\" data-end=\"1164\">Sezon <strong>2021\/22<\/strong> by\u0142 kolejnym popisem <strong data-start=\"852\" data-end=\"872\">Andr\u00e9 Kramaricia<\/strong>, kt\u00f3ry ponownie udowodni\u0142, \u017ce jest jednym z najwa\u017cniejszych zawodnik\u00f3w w historii <strong>Hoffenheim<\/strong>. Chorwacki napastnik nie tylko zdobywa\u0142 gole, ale i prowadzi\u0142 zesp\u00f3\u0142 swoj\u0105 inteligencj\u0105 boiskow\u0105 i do\u015bwiadczeniem. To w\u0142a\u015bnie z jego nazwiskiem na plecach ta koszulka nabiera wyj\u0105tkowego charakteru.<\/p>\n<p data-start=\"1166\" data-end=\"1428\">Dla fan\u00f3w Hoffenheim, Bundesligi, jak i samego Kramaricia \u2013 <strong data-start=\"1226\" data-end=\"1252\">to pozycja obowi\u0105zkowa<\/strong> w ka\u017cdej porz\u0105dnej kolekcji pi\u0142karskiej. Dodatkowy atut? Koszulka jest <strong data-start=\"1324\" data-end=\"1350\">nowa z kompletem metek<\/strong>, gotowa, by cieszy\u0107 oko na wieszaku lub b\u0142yszcze\u0107 na ulicy w stylizacji fana. Doskona\u0142a propozycja, \u017ceby powi\u0119kszy\u0107 kolekcj\u0119, lub wr\u0119czy\u0107 j\u0105 jako<strong> prezent<\/strong>.<\/p>","protected":false},"featured_media":14142,"template":"","meta":{"_kad_blocks_custom_css":"","_kad_blocks_head_custom_js":"","_kad_blocks_body_custom_js":"","_kad_blocks_footer_custom_js":"","_kad_post_transparent":"","_kad_post_title":"","_kad_post_layout":"","_kad_post_sidebar_id":"","_kad_post_content_style":"","_kad_post_vertical_padding":"","_kad_post_feature":"","_kad_post_feature_position":"","_kad_post_header":false,"_kad_post_footer":false},"product_brand":[317],"product_cat":[31,46,174],"product_tag":[],"class_list":{"0":"post-3071","1":"product","2":"type-product","3":"status-publish","4":"has-post-thumbnail","6":"product_brand-joma","7":"product_cat-kluby-europejskie","8":"product_cat-kluby-niemieckie","9":"product_cat-pozostale-kluby-niemieckie","10":"pa_rozmiar-xl","12":"first","13":"instock","14":"taxable","15":"shipping-taxable","16":"purchasable","17":"product-type-simple","18":"entry","19":"content-bg","20":"loop-entry"},"taxonomy_info":{"product_brand":[{"value":317,"label":"Joma"}],"product_cat":[{"value":31,"label":"Kluby Europejskie"},{"value":46,"label":"Kluby Niemieckie"},{"value":174,"label":"Pozosta\u0142e kluby niemieckie"}],"pa_rozmiar":[{"value":57,"label":"XL"}]},"featured_image_src_large":["https:\/\/fts.you2.pl\/wp-content\/uploads\/2025\/09\/Photoroom_026_20250614_140801-1024x1024.png",1024,1024,true],"author_info":[],"comment_info":"","_links":{"self":[{"href":"https:\/\/fts.you2.pl\/de\/wp-json\/wp\/v2\/product\/3071","targetHints":{"allow":["GET"]}}],"collection":[{"href":"https:\/\/fts.you2.pl\/de\/wp-json\/wp\/v2\/product"}],"about":[{"href":"https:\/\/fts.you2.pl\/de\/wp-json\/wp\/v2\/types\/product"}],"wp:featuredmedia":[{"embeddable":true,"href":"https:\/\/fts.you2.pl\/de\/wp-json\/wp\/v2\/media\/14142"}],"wp:attachment":[{"href":"https:\/\/fts.you2.pl\/de\/wp-json\/wp\/v2\/media?parent=3071"}],"wp:term":[{"taxonomy":"product_brand","embeddable":true,"href":"https:\/\/fts.you2.pl\/de\/wp-json\/wp\/v2\/product_brand?post=3071"},{"taxonomy":"product_cat","embeddable":true,"href":"https:\/\/fts.you2.pl\/de\/wp-json\/wp\/v2\/product_cat?post=3071"},{"taxonomy":"product_tag","embeddable":true,"href":"https:\/\/fts.you2.pl\/de\/wp-json\/wp\/v2\/product_tag?post=3071"}],"curies":[{"name":"wp","href":"https:\/\/api.w.org\/{rel}","templated":true}]}}