{"id":3072,"date":"2025-06-15T15:44:18","date_gmt":"2025-06-15T13:44:18","guid":{"rendered":"https:\/\/fts.you2.pl\/index.php\/produkt\/urawa-red-diamonds-2019-home-9-muto-xxl\/"},"modified":"2025-09-19T16:35:47","modified_gmt":"2025-09-19T14:35:47","slug":"urawa-red-diamonds-2019-home-9-muto-xxl","status":"publish","type":"product","link":"https:\/\/fts.you2.pl\/de\/urawa-red-diamonds-2019-home-9-muto-xxl\/","title":{"rendered":"Koszulka pi\u0142karska Urawa Red Diamonds 2019 Home 9 Muto [XXL]"},"content":{"rendered":"<p><strong>Klub:<\/strong> Urawa Red Diamonds<\/p>\n<p><strong>Sezon:<\/strong> 2019 Home<\/p>\n<p><strong>Rozmiar: <\/strong>XXL<\/p>\n<p><strong>Stan:<\/strong> Doskona\u0142y<\/p>\n<p><strong>Wymiary (szeroko\u015b\u0107 pod pachami\/d\u0142ugo\u015b\u0107) w cm: <\/strong>57\/76<\/p>","protected":false},"excerpt":{"rendered":"<p data-start=\"149\" data-end=\"522\">Oferujemy <strong data-start=\"160\" data-end=\"251\">oryginaln\u0105 domow\u0105 koszulk\u0119 pi\u0142karsk\u0105 japo\u0144skiego klubu Urawa Red Diamonds z 2019 roku<\/strong>, wyprodukowan\u0105 przez globalnego giganta \u2013 firm\u0119 <strong data-start=\"300\" data-end=\"308\">Nike<\/strong>. Na plecach widnieje nazwisko jednego z czo\u0142owych zawodnik\u00f3w tamtego okresu \u2013 <strong data-start=\"387\" data-end=\"400\">Yuki Muto<\/strong>, kt\u00f3ry w barwach klubu z Saitamy przez lata odgrywa\u0142 wa\u017cn\u0105 rol\u0119 zar\u00f3wno w J.League, jak i w rozgrywkach mi\u0119dzynarodowych.<\/p>\n<p data-start=\"524\" data-end=\"919\">Koszulka zachowana w klasycznej czerwonej kolorystyce, z czarnymi i bia\u0142ymi detalami, oddaje ducha jednej z najbardziej rozpoznawalnych dru\u017cyn w Azji. Wyposa\u017cona w technologi\u0119<strong> Nike Dri-FIT<\/strong>, zapewnia odpowiedni\u0105 wentylacj\u0119 i wygod\u0119 zar\u00f3wno podczas gry, jak i na co dzie\u0144. Wz\u00f3r z 2019 roku wyr\u00f3\u017cnia si\u0119 nowoczesnym designem i subtelnym detalem graficznym, nadaj\u0105cym ca\u0142o\u015bci wyj\u0105tkowego charakteru.<\/p>\n<p data-start=\"921\" data-end=\"1322\"><strong data-start=\"921\" data-end=\"972\">Sezon 2019 by\u0142 wyj\u0105tkowy dla Urawy Red Diamonds<\/strong>, poniewa\u017c klub dotar\u0142 a\u017c do fina\u0142u Azjatyckiej Ligi Mistrz\u00f3w (AFC Champions League), a <strong>Yuki Muto<\/strong> by\u0142 jednym z kluczowych ogniw ofensywy. Do\u015bwiadczony japo\u0144ski napastnik s\u0142yn\u0105\u0142 z inteligentnego poruszania si\u0119, techniki i umiej\u0119tno\u015bci odnajdywania si\u0119 w polu karnym \u2013 to w\u0142a\u015bnie z jego nazwiskiem na plecach ta koszulka nabiera pi\u0142karskiego znaczenia.<\/p>\n<p data-start=\"1324\" data-end=\"1457\">To \u015bwietna propozycja dla fan\u00f3w japo\u0144skiej pi\u0142ki, kolekcjoner\u00f3w azjatyckich koszulek oraz mi\u0142o\u015bnik\u00f3w unikatowych modeli spoza Europy.<\/p>","protected":false},"featured_media":14149,"template":"","meta":{"_kad_blocks_custom_css":"","_kad_blocks_head_custom_js":"","_kad_blocks_body_custom_js":"","_kad_blocks_footer_custom_js":"","_kad_post_transparent":"","_kad_post_title":"","_kad_post_layout":"","_kad_post_sidebar_id":"","_kad_post_content_style":"","_kad_post_vertical_padding":"","_kad_post_feature":"","_kad_post_feature_position":"","_kad_post_header":false,"_kad_post_footer":false},"product_brand":[55],"product_cat":[151,36],"product_tag":[],"class_list":{"0":"post-3072","1":"product","2":"type-product","3":"status-publish","4":"has-post-thumbnail","6":"product_brand-nike","7":"product_cat-azja-kluby-reszty-swiata","8":"product_cat-kluby-reszty-swiata","9":"pa_rozmiar-xxl","11":"first","12":"instock","13":"taxable","14":"shipping-taxable","15":"purchasable","16":"product-type-simple","17":"entry","18":"content-bg","19":"loop-entry"},"taxonomy_info":{"product_brand":[{"value":55,"label":"Nike"}],"product_cat":[{"value":151,"label":"Azja"},{"value":36,"label":"Kluby Reszty \u015awiata"}],"pa_rozmiar":[{"value":71,"label":"XXL"}]},"featured_image_src_large":["https:\/\/fts.you2.pl\/wp-content\/uploads\/2025\/09\/Photoroom_048_20250614_140801-1024x1024.png",1024,1024,true],"author_info":[],"comment_info":"","_links":{"self":[{"href":"https:\/\/fts.you2.pl\/de\/wp-json\/wp\/v2\/product\/3072","targetHints":{"allow":["GET"]}}],"collection":[{"href":"https:\/\/fts.you2.pl\/de\/wp-json\/wp\/v2\/product"}],"about":[{"href":"https:\/\/fts.you2.pl\/de\/wp-json\/wp\/v2\/types\/product"}],"wp:featuredmedia":[{"embeddable":true,"href":"https:\/\/fts.you2.pl\/de\/wp-json\/wp\/v2\/media\/14149"}],"wp:attachment":[{"href":"https:\/\/fts.you2.pl\/de\/wp-json\/wp\/v2\/media?parent=3072"}],"wp:term":[{"taxonomy":"product_brand","embeddable":true,"href":"https:\/\/fts.you2.pl\/de\/wp-json\/wp\/v2\/product_brand?post=3072"},{"taxonomy":"product_cat","embeddable":true,"href":"https:\/\/fts.you2.pl\/de\/wp-json\/wp\/v2\/product_cat?post=3072"},{"taxonomy":"product_tag","embeddable":true,"href":"https:\/\/fts.you2.pl\/de\/wp-json\/wp\/v2\/product_tag?post=3072"}],"curies":[{"name":"wp","href":"https:\/\/api.w.org\/{rel}","templated":true}]}}