{"id":3075,"date":"2025-06-15T15:44:16","date_gmt":"2025-06-15T13:44:16","guid":{"rendered":"https:\/\/fts.you2.pl\/index.php\/produkt\/vfl-wolfsburg-2017-18-home-xl\/"},"modified":"2025-09-19T16:36:58","modified_gmt":"2025-09-19T14:36:58","slug":"vfl-wolfsburg-2017-18-home-xl","status":"publish","type":"product","link":"https:\/\/fts.you2.pl\/de\/vfl-wolfsburg-2017-18-home-xl\/","title":{"rendered":"Koszulka pi\u0142karska VFL Wolfsburg 2017\/18 Home [XL]"},"content":{"rendered":"<p><strong>Klub:<\/strong> VFL Wolfsburg<\/p>\n<p><strong>Sezon:<\/strong> 2017\/18 Home<\/p>\n<p><strong>Rozmiar: <\/strong>XL<\/p>\n<p><strong>Stan:<\/strong> Doskona\u0142y<\/p>\n<p><strong>Wymiary (szeroko\u015b\u0107 pod pachami\/d\u0142ugo\u015b\u0107) w cm: <\/strong>59\/75<\/p>","protected":false},"excerpt":{"rendered":"<p data-start=\"106\" data-end=\"199\"><strong data-start=\"106\" data-end=\"197\">Oryginalna koszulka pi\u0142karska VfL Wolfsburg 2017\/18 \u2013 klasyka w zielono-bia\u0142ych barwach.<\/strong><\/p>\n<p data-start=\"201\" data-end=\"659\">Ta <strong data-start=\"204\" data-end=\"264\">domowa koszulka pi\u0142karska &#8222;Wilk\u00f3w&#8221;\u00a0 <\/strong>to idealna propozycja dla fan\u00f3w niemieckiego futbolu i kolekcjoner\u00f3w unikatowych trykot\u00f3w. Wyprodukowana przez <strong data-start=\"376\" data-end=\"384\">Nike<\/strong>, \u0142\u0105czy w sobie nowoczesny, minimalistyczny design z tradycyjnymi barwami klubu z miasta Volkswagena. Na froncie dominuje intensywna jasna ziele\u0144, kt\u00f3r\u0105 subtelnie prze\u0142amuj\u0105 bia\u0142e akcenty, w tym charakterystyczny, dynamiczny wz\u00f3r w kszta\u0142cie litery \u201eX\u201d, symbolizuj\u0105cy energi\u0119 i waleczno\u015b\u0107 dru\u017cyny.<\/p>\n<p data-start=\"661\" data-end=\"1056\">Sezon 2017\/18 by\u0142 dla Wolfsburga pe\u0142en emocji \u2013 zesp\u00f3\u0142 walczy\u0142 o utrzymanie w Bundeslidze, a kluczowymi postaciami byli m.in. <strong data-start=\"787\" data-end=\"803\">Divock Origi<\/strong>, <strong data-start=\"805\" data-end=\"826\">Maximilian Arnold<\/strong>, <strong data-start=\"828\" data-end=\"845\">Daniel Didavi<\/strong> czy solidny defensor <strong data-start=\"867\" data-end=\"882\">John Brooks<\/strong>. W tej koszulce dru\u017cyna rozgrywa\u0142a mecze na <strong data-start=\"927\" data-end=\"947\">Volkswagen Arena<\/strong>, staraj\u0105c si\u0119 kontynuowa\u0107 tradycj\u0119 klubu, kt\u00f3ry zaledwie kilka lat wcze\u015bniej (2015) zdoby\u0142 Puchar Niemiec.<\/p>\n<p data-start=\"1058\" data-end=\"1334\">Koszulka zosta\u0142a wykonana w technologii <strong data-start=\"1098\" data-end=\"1114\">Nike Dri-FIT<\/strong>, dzi\u0119ki czemu jest lekka, przewiewna i idealna do noszenia na co dzie\u0144 lub podczas gry. Na piersi widnieje klasyczny herb VfL Wolfsburg, a obok niego haftowane logo Nike \u2013 oba detale podkre\u015blaj\u0105 oryginalno\u015b\u0107 produktu.<\/p>\n<p data-start=\"1336\" data-end=\"1543\">Dla fan\u00f3w Bundesligi, kolekcjoner\u00f3w koszulek pi\u0142karskich i mi\u0142o\u015bnik\u00f3w historii \u201eWilk\u00f3w\u201d, to \u015bwietna okazja, by doda\u0107 do swojej kolekcji trykot symbolizuj\u0105cy kolejny etap w historii klubu z Dolnej Saksonii.<\/p>","protected":false},"featured_media":14170,"template":"","meta":{"_kad_blocks_custom_css":"","_kad_blocks_head_custom_js":"","_kad_blocks_body_custom_js":"","_kad_blocks_footer_custom_js":"","_kad_post_transparent":"","_kad_post_title":"","_kad_post_layout":"","_kad_post_sidebar_id":"","_kad_post_content_style":"","_kad_post_vertical_padding":"","_kad_post_feature":"","_kad_post_feature_position":"","_kad_post_header":false,"_kad_post_footer":false},"product_brand":[55],"product_cat":[31,46,179],"product_tag":[],"class_list":{"0":"post-3075","1":"product","2":"type-product","3":"status-publish","4":"has-post-thumbnail","6":"product_brand-nike","7":"product_cat-kluby-europejskie","8":"product_cat-kluby-niemieckie","9":"product_cat-vfl-wolfsburg","10":"pa_rozmiar-xl","12":"first","13":"instock","14":"taxable","15":"shipping-taxable","16":"purchasable","17":"product-type-simple","18":"entry","19":"content-bg","20":"loop-entry"},"taxonomy_info":{"product_brand":[{"value":55,"label":"Nike"}],"product_cat":[{"value":31,"label":"Kluby Europejskie"},{"value":46,"label":"Kluby Niemieckie"},{"value":179,"label":"VFL Wolfsburg"}],"pa_rozmiar":[{"value":57,"label":"XL"}]},"featured_image_src_large":["https:\/\/fts.you2.pl\/wp-content\/uploads\/2025\/09\/Photoroom_041_20250614_140801-1024x1024.png",1024,1024,true],"author_info":[],"comment_info":"","_links":{"self":[{"href":"https:\/\/fts.you2.pl\/de\/wp-json\/wp\/v2\/product\/3075","targetHints":{"allow":["GET"]}}],"collection":[{"href":"https:\/\/fts.you2.pl\/de\/wp-json\/wp\/v2\/product"}],"about":[{"href":"https:\/\/fts.you2.pl\/de\/wp-json\/wp\/v2\/types\/product"}],"wp:featuredmedia":[{"embeddable":true,"href":"https:\/\/fts.you2.pl\/de\/wp-json\/wp\/v2\/media\/14170"}],"wp:attachment":[{"href":"https:\/\/fts.you2.pl\/de\/wp-json\/wp\/v2\/media?parent=3075"}],"wp:term":[{"taxonomy":"product_brand","embeddable":true,"href":"https:\/\/fts.you2.pl\/de\/wp-json\/wp\/v2\/product_brand?post=3075"},{"taxonomy":"product_cat","embeddable":true,"href":"https:\/\/fts.you2.pl\/de\/wp-json\/wp\/v2\/product_cat?post=3075"},{"taxonomy":"product_tag","embeddable":true,"href":"https:\/\/fts.you2.pl\/de\/wp-json\/wp\/v2\/product_tag?post=3075"}],"curies":[{"name":"wp","href":"https:\/\/api.w.org\/{rel}","templated":true}]}}