{"id":3078,"date":"2025-06-22T15:49:56","date_gmt":"2025-06-22T13:49:56","guid":{"rendered":"https:\/\/fts.you2.pl\/index.php\/produkt\/borussia-dortmund-2002-03-home-10-rosicky-l\/"},"modified":"2025-09-19T16:38:19","modified_gmt":"2025-09-19T14:38:19","slug":"borussia-dortmund-2002-03-home-10-rosicky-l","status":"publish","type":"product","link":"https:\/\/fts.you2.pl\/de\/borussia-dortmund-2002-03-home-10-rosicky-l\/","title":{"rendered":"Koszulka pi\u0142karska Borussia Dortmund 2002\/03 Home 10 Rosicky [L]"},"content":{"rendered":"<p><strong>Klub:<\/strong> Borussia Dortmund<\/p>\n<p><strong>Sezon:<\/strong> 2002\/03 Home<\/p>\n<p><strong>Rozmiar: <\/strong>L<\/p>\n<p><strong>Stan:<\/strong> Zadowalaj\u0105cy &#8211; kilka mikro zaci\u0105gni\u0119\u0107 i plamek oraz uszkodzony herb.<\/p>\n<p><strong>Wymiary (szeroko\u015b\u0107 pod pachami\/d\u0142ugo\u015b\u0107) w cm: <\/strong>60\/71<\/p>","protected":false},"excerpt":{"rendered":"<p><strong>Oryginalna koszulka pi\u0142karska Borussi Dortmund z sezonu 2002\/03.<\/strong><\/p>\n<p data-start=\"797\" data-end=\"1117\"><strong>Koszulka<\/strong> pochodzi z sezonu, w kt\u00f3rym <strong data-start=\"834\" data-end=\"851\">Tom\u00e1\u0161 Rosick\u00fd<\/strong>, utalentowany czeski pomocnik, zachwyca\u0142 swoj\u0105 technik\u0105, wizj\u0105 gry i precyzyjnymi podaniami. W barwach <strong>BVB<\/strong> zyska\u0142 miano \u201eMa\u0142ego Mozarta\u201d \u2014 zanim przeni\u00f3s\u0142 sw\u00f3j koncert do Arsenalu. Ten model to cz\u0119\u015b\u0107 historii klubu z <strong>Signal Iduna Park<\/strong>, pe\u0142nej pasji, emocji i stylu.<\/p>\n<p data-start=\"797\" data-end=\"1117\">Idealna sztuka dla<strong> kibica <\/strong>\u017c\u00f3\u0142to-czarnych oraz <strong>na prezent<\/strong>.<\/p>","protected":false},"featured_media":14199,"template":"","meta":{"_kad_blocks_custom_css":"","_kad_blocks_head_custom_js":"","_kad_blocks_body_custom_js":"","_kad_blocks_footer_custom_js":"","_kad_post_transparent":"","_kad_post_title":"","_kad_post_layout":"","_kad_post_sidebar_id":"","_kad_post_content_style":"","_kad_post_vertical_padding":"","_kad_post_feature":"","_kad_post_feature_position":"","_kad_post_header":false,"_kad_post_footer":false},"product_brand":[287],"product_cat":[65,31,46],"product_tag":[],"class_list":{"0":"post-3078","1":"product","2":"type-product","3":"status-publish","4":"has-post-thumbnail","6":"product_brand-goool-de","7":"product_cat-borussia-dortmund","8":"product_cat-kluby-europejskie","9":"product_cat-kluby-niemieckie","10":"pa_rozmiar-l","12":"first","13":"instock","14":"taxable","15":"shipping-taxable","16":"purchasable","17":"product-type-simple","18":"entry","19":"content-bg","20":"loop-entry"},"taxonomy_info":{"product_brand":[{"value":287,"label":"Goool.de"}],"product_cat":[{"value":65,"label":"Borussia Dortmund"},{"value":31,"label":"Kluby Europejskie"},{"value":46,"label":"Kluby Niemieckie"}],"pa_rozmiar":[{"value":39,"label":"L"}]},"featured_image_src_large":["https:\/\/fts.you2.pl\/wp-content\/uploads\/2025\/09\/Photoroom_016_20250622_101324-1024x1024.png",1024,1024,true],"author_info":[],"comment_info":"","_links":{"self":[{"href":"https:\/\/fts.you2.pl\/de\/wp-json\/wp\/v2\/product\/3078","targetHints":{"allow":["GET"]}}],"collection":[{"href":"https:\/\/fts.you2.pl\/de\/wp-json\/wp\/v2\/product"}],"about":[{"href":"https:\/\/fts.you2.pl\/de\/wp-json\/wp\/v2\/types\/product"}],"wp:featuredmedia":[{"embeddable":true,"href":"https:\/\/fts.you2.pl\/de\/wp-json\/wp\/v2\/media\/14199"}],"wp:attachment":[{"href":"https:\/\/fts.you2.pl\/de\/wp-json\/wp\/v2\/media?parent=3078"}],"wp:term":[{"taxonomy":"product_brand","embeddable":true,"href":"https:\/\/fts.you2.pl\/de\/wp-json\/wp\/v2\/product_brand?post=3078"},{"taxonomy":"product_cat","embeddable":true,"href":"https:\/\/fts.you2.pl\/de\/wp-json\/wp\/v2\/product_cat?post=3078"},{"taxonomy":"product_tag","embeddable":true,"href":"https:\/\/fts.you2.pl\/de\/wp-json\/wp\/v2\/product_tag?post=3078"}],"curies":[{"name":"wp","href":"https:\/\/api.w.org\/{rel}","templated":true}]}}