{"id":3080,"date":"2025-06-22T15:49:55","date_gmt":"2025-06-22T13:49:55","guid":{"rendered":"https:\/\/fts.you2.pl\/index.php\/produkt\/match-issue-estonia-2021-24-away-14-vassiljev-m-autograf\/"},"modified":"2025-09-19T16:39:10","modified_gmt":"2025-09-19T14:39:10","slug":"match-issue-estonia-2021-24-away-14-vassiljev-m-autograf","status":"publish","type":"product","link":"https:\/\/fts.you2.pl\/de\/match-issue-estonia-2021-24-away-14-vassiljev-m-autograf\/","title":{"rendered":"Koszulka pi\u0142karska MATCH ISSUE Estonia 2021\/24 Away 14 Vassiljev [M] + AUTOGRAF"},"content":{"rendered":"<p><strong>Klub:<\/strong> Estonia<\/p>\n<p><strong>Sezon:<\/strong> 2021\/24 Away<\/p>\n<p><strong>Rozmiar: <\/strong>M<\/p>\n<p><strong>Stan:<\/strong> Zadowalaj\u0105cy &#8211; zabrudzenia na froncie oraz poszarpany materia\u0142 z boku koszulki.<\/p>\n<p><strong>Wymiary (szeroko\u015b\u0107 pod pachami\/d\u0142ugo\u015b\u0107) w cm: <\/strong>51\/69<\/p>","protected":false},"excerpt":{"rendered":"<p data-start=\"185\" data-end=\"718\"><strong>Oryginalna wyjazdowa koszulka<\/strong> reprezentacji <strong data-start=\"328\" data-end=\"339\">Estonii<\/strong> z lat <strong data-start=\"346\" data-end=\"359\">2021\u20132024<\/strong> to wyj\u0105tkowy egzemplarz dla fan\u00f3w futbolu z regionu ba\u0142tyckiego. Na plecach widnieje nazwisko <strong data-start=\"454\" data-end=\"480\">Konstantina Vassiljeva<\/strong> \u2013 absolutnej legendy esto\u0144skiej pi\u0142ki, wieloletniego kapitana kadry, rozgrywaj\u0105cego o niesamowitej wizji i do\u015bwiadczeniu. Co wi\u0119cej, koszulka zosta\u0142a <strong data-start=\"631\" data-end=\"667\">podpisana przez samego zawodnika<\/strong>, co czyni j\u0105 prawdziwym kolekcjonerskim rarytasem.<\/p>\n<p data-start=\"720\" data-end=\"1073\">Ten konkretny model by\u0142 u\u017cywany m.in. podczas spotka\u0144 w ramach <strong data-start=\"783\" data-end=\"802\">Baltic Cup 2021<\/strong>, kiedy Estonia mierzy\u0142a si\u0119 z Litw\u0105 i innymi rywalami z regionu. Utrzymana w nowoczesnej stylistyce, w eleganckiej bieli z subtelnymi detalami, koszulka \u0142\u0105czy minimalistyczny design z wysok\u0105 jako\u015bci\u0105 wykonania \u2013 dok\u0142adnie tak, jak przysta\u0142o na nowoczesny sprz\u0119t meczowy.<\/p>\n<p data-start=\"1075\" data-end=\"1335\">To idealna propozycja dla kolekcjoner\u00f3w, mi\u0142o\u015bnik\u00f3w reprezentacyjnych koszulek oraz ka\u017cdego, kto ceni sobie mniej oczywiste pi\u0142karskie kierunki. A z <strong data-start=\"1224\" data-end=\"1266\">nadrukiem Vassiljeva i jego autografem<\/strong>, ten egzemplarz zyskuje wyj\u0105tkowy charakter i warto\u015b\u0107 sentymentaln\u0105.<\/p>","protected":false},"featured_media":14218,"template":"","meta":{"_kad_blocks_custom_css":"","_kad_blocks_head_custom_js":"","_kad_blocks_body_custom_js":"","_kad_blocks_footer_custom_js":"","_kad_post_transparent":"","_kad_post_title":"","_kad_post_layout":"","_kad_post_sidebar_id":"","_kad_post_content_style":"","_kad_post_vertical_padding":"","_kad_post_feature":"","_kad_post_feature_position":"","_kad_post_header":false,"_kad_post_footer":false},"product_brand":[55],"product_cat":[23,173,114,22],"product_tag":[],"class_list":{"0":"post-3080","1":"product","2":"type-product","3":"status-publish","4":"has-post-thumbnail","6":"product_brand-nike","7":"product_cat-europa","8":"product_cat-match-worn-issue","9":"product_cat-pozostale","10":"product_cat-reprezentacje","11":"pa_rozmiar-m","13":"first","14":"instock","15":"taxable","16":"shipping-taxable","17":"purchasable","18":"product-type-simple","19":"entry","20":"content-bg","21":"loop-entry"},"taxonomy_info":{"product_brand":[{"value":55,"label":"Nike"}],"product_cat":[{"value":23,"label":"Europa"},{"value":173,"label":"MATCH WORN &amp; ISSUE"},{"value":114,"label":"Pozosta\u0142e"},{"value":22,"label":"REPREZENTACJE"}],"pa_rozmiar":[{"value":28,"label":"M"}]},"featured_image_src_large":["https:\/\/fts.you2.pl\/wp-content\/uploads\/2025\/09\/Photoroom_003_20250622_101324-1024x1024.png",1024,1024,true],"author_info":[],"comment_info":"","_links":{"self":[{"href":"https:\/\/fts.you2.pl\/de\/wp-json\/wp\/v2\/product\/3080","targetHints":{"allow":["GET"]}}],"collection":[{"href":"https:\/\/fts.you2.pl\/de\/wp-json\/wp\/v2\/product"}],"about":[{"href":"https:\/\/fts.you2.pl\/de\/wp-json\/wp\/v2\/types\/product"}],"wp:featuredmedia":[{"embeddable":true,"href":"https:\/\/fts.you2.pl\/de\/wp-json\/wp\/v2\/media\/14218"}],"wp:attachment":[{"href":"https:\/\/fts.you2.pl\/de\/wp-json\/wp\/v2\/media?parent=3080"}],"wp:term":[{"taxonomy":"product_brand","embeddable":true,"href":"https:\/\/fts.you2.pl\/de\/wp-json\/wp\/v2\/product_brand?post=3080"},{"taxonomy":"product_cat","embeddable":true,"href":"https:\/\/fts.you2.pl\/de\/wp-json\/wp\/v2\/product_cat?post=3080"},{"taxonomy":"product_tag","embeddable":true,"href":"https:\/\/fts.you2.pl\/de\/wp-json\/wp\/v2\/product_tag?post=3080"}],"curies":[{"name":"wp","href":"https:\/\/api.w.org\/{rel}","templated":true}]}}