{"id":3084,"date":"2025-06-22T15:49:50","date_gmt":"2025-06-22T13:49:50","guid":{"rendered":"https:\/\/fts.you2.pl\/index.php\/produkt\/juventus-fc-2017-18-away-s\/"},"modified":"2025-09-19T16:40:51","modified_gmt":"2025-09-19T14:40:51","slug":"juventus-fc-2017-18-away-s","status":"publish","type":"product","link":"https:\/\/fts.you2.pl\/de\/juventus-fc-2017-18-away-s\/","title":{"rendered":"Koszulka pi\u0142karska Juventus FC 2017\/18 Away [S]"},"content":{"rendered":"<p><strong>Klub:<\/strong> Juventus FC<\/p>\n<p><strong>Sezon:<\/strong> 2017\/18 Away<\/p>\n<p><strong>Rozmiar: <\/strong>S<\/p>\n<p><strong>Stan:<\/strong> Doskona\u0142y<\/p>\n<p><strong>Wymiary (szeroko\u015b\u0107 pod pachami\/d\u0142ugo\u015b\u0107) w cm: <\/strong>49\/70<\/p>","protected":false},"excerpt":{"rendered":"<p data-start=\"168\" data-end=\"606\">Oryginalna <strong data-start=\"273\" data-end=\"332\">wyjazdowa koszulka pi\u0142karska Juventusu z sezonu 2017\/18<\/strong> to unikatowy model, kt\u00f3ry wyr\u00f3\u017cnia si\u0119 zdecydowanie bardziej odwa\u017cn\u0105 kolorystyk\u0105 ni\u017c klasyczna bia\u0142o-czarna dom\u00f3wka. <strong data-start=\"450\" data-end=\"476\">\u017b\u00f3\u0142to-niebieskie barwy<\/strong>, inspirowane herbem Turynu, przypominaj\u0105 o g\u0142\u0119bokich regionalnych korzeniach &#8222;Starej Damy&#8221; i stanowi\u0105 ho\u0142d dla lokalnej historii.<\/p>\n<p data-start=\"608\" data-end=\"955\">Koszulka zosta\u0142a wyprodukowana przez <strong data-start=\"645\" data-end=\"656\">Adidasa<\/strong> i by\u0142a noszona przez takie gwiazdy jak <strong data-start=\"696\" data-end=\"745\">Paulo Dybala, Gonzalo Higua\u00edn, <\/strong>czy<strong data-start=\"696\" data-end=\"745\"> Miralem Pjani\u0107.<\/strong>\u00a0Sezon 2017\/18 to kontynuacja dominacji Juventusu w Serie A \u2013 klub si\u0119gn\u0105\u0142 wtedy po <strong data-start=\"876\" data-end=\"905\">kolejne mistrzostwo W\u0142och<\/strong>, potwierdzaj\u0105c swoj\u0105 absolutn\u0105 hegemoni\u0119 w lidze.<\/p>\n<p data-start=\"957\" data-end=\"1219\">Wyposa\u017cona w technologie <strong data-start=\"982\" data-end=\"995\">Climacool<\/strong>, koszulka zapewnia\u0142a komfort gry na najwy\u017cszym poziomie. Drobne detale \u2013 takie jak haftowane logo Adidasa, herb Juve i trzy charakterystyczne paski na ramionach \u2013 dope\u0142niaj\u0105 ca\u0142o\u015bci i nadaj\u0105 koszulce wyj\u0105tkowego charakteru.<\/p>","protected":false},"featured_media":14245,"template":"","meta":{"_kad_blocks_custom_css":"","_kad_blocks_head_custom_js":"","_kad_blocks_body_custom_js":"","_kad_blocks_footer_custom_js":"","_kad_post_transparent":"","_kad_post_title":"","_kad_post_layout":"","_kad_post_sidebar_id":"","_kad_post_content_style":"","_kad_post_vertical_padding":"","_kad_post_feature":"","_kad_post_feature_position":"","_kad_post_header":false,"_kad_post_footer":false},"product_brand":[45],"product_cat":[118,31,117],"product_tag":[],"class_list":{"0":"post-3084","1":"product","2":"type-product","3":"status-publish","4":"has-post-thumbnail","6":"product_brand-adidas","7":"product_cat-juventus-fc","8":"product_cat-kluby-europejskie","9":"product_cat-kluby-wloskie","10":"pa_rozmiar-s","12":"first","13":"instock","14":"taxable","15":"shipping-taxable","16":"purchasable","17":"product-type-simple","18":"entry","19":"content-bg","20":"loop-entry"},"taxonomy_info":{"product_brand":[{"value":45,"label":"Adidas"}],"product_cat":[{"value":118,"label":"Juventus FC"},{"value":31,"label":"Kluby Europejskie"},{"value":117,"label":"Kluby W\u0142oskie"}],"pa_rozmiar":[{"value":19,"label":"S"}]},"featured_image_src_large":["https:\/\/fts.you2.pl\/wp-content\/uploads\/2025\/09\/Photoroom_040_20250622_101324-1024x1024.png",1024,1024,true],"author_info":[],"comment_info":"","_links":{"self":[{"href":"https:\/\/fts.you2.pl\/de\/wp-json\/wp\/v2\/product\/3084","targetHints":{"allow":["GET"]}}],"collection":[{"href":"https:\/\/fts.you2.pl\/de\/wp-json\/wp\/v2\/product"}],"about":[{"href":"https:\/\/fts.you2.pl\/de\/wp-json\/wp\/v2\/types\/product"}],"wp:featuredmedia":[{"embeddable":true,"href":"https:\/\/fts.you2.pl\/de\/wp-json\/wp\/v2\/media\/14245"}],"wp:attachment":[{"href":"https:\/\/fts.you2.pl\/de\/wp-json\/wp\/v2\/media?parent=3084"}],"wp:term":[{"taxonomy":"product_brand","embeddable":true,"href":"https:\/\/fts.you2.pl\/de\/wp-json\/wp\/v2\/product_brand?post=3084"},{"taxonomy":"product_cat","embeddable":true,"href":"https:\/\/fts.you2.pl\/de\/wp-json\/wp\/v2\/product_cat?post=3084"},{"taxonomy":"product_tag","embeddable":true,"href":"https:\/\/fts.you2.pl\/de\/wp-json\/wp\/v2\/product_tag?post=3084"}],"curies":[{"name":"wp","href":"https:\/\/api.w.org\/{rel}","templated":true}]}}