{"id":3092,"date":"2025-06-22T15:49:58","date_gmt":"2025-06-22T13:49:58","guid":{"rendered":"https:\/\/fts.you2.pl\/index.php\/produkt\/virtus-lanciano-2014-15-away-27-cerri-xl\/"},"modified":"2025-09-19T16:44:12","modified_gmt":"2025-09-19T14:44:12","slug":"virtus-lanciano-2014-15-away-27-cerri-xl","status":"publish","type":"product","link":"https:\/\/fts.you2.pl\/de\/virtus-lanciano-2014-15-away-27-cerri-xl\/","title":{"rendered":"Koszulka pi\u0142karska Virtus Lanciano 2014\/15 Away 27 Cerri [XL]"},"content":{"rendered":"<p><strong>Klub:<\/strong> Virtus Lanciano<\/p>\n<p><strong>Sezon:<\/strong> 2014\/15 Away<\/p>\n<p><strong>Rozmiar: <\/strong>XL<\/p>\n<p><strong>Stan:<\/strong> Doskona\u0142y<\/p>\n<p><strong>Wymiary (szeroko\u015b\u0107 pod pachami\/d\u0142ugo\u015b\u0107) w cm: <\/strong>51\/77<\/p>","protected":false},"excerpt":{"rendered":"<p data-start=\"152\" data-end=\"624\"><strong>Oryginalna koszulka pi\u0142karska<\/strong> w\u0142oskiego klubu <strong data-start=\"287\" data-end=\"306\">Virtus Lanciano<\/strong> z sezonu <strong data-start=\"316\" data-end=\"327\">2014\/15<\/strong> to \u015bwietna pami\u0105tka z czas\u00f3w, gdy ten niedoceniany zesp\u00f3\u0142 potrafi\u0142 napsu\u0107 krwi wielu rywalom w <strong>Serie B, <\/strong>chocia\u017c finalnie zaj\u0119li dopiero 14 miejsce, kt\u00f3re da\u0142o im utrzymanie. Na plecach widnieje nazwisko <strong data-start=\"461\" data-end=\"478\">Alberto Cerri<\/strong> \u2013 pot\u0119\u017cny w\u0142oski napastnik, kt\u00f3ry w\u0142a\u015bnie wtedy zbiera\u0142 do\u015bwiadczenie na wypo\u017cyczeniu, pokazuj\u0105c, \u017ce ma potencja\u0142 na gr\u0119 w wy\u017cszych ligach.<\/p>\n<p data-start=\"626\" data-end=\"946\">To nie tylko gratka dla fan\u00f3w <strong>w\u0142oskiego calcio<\/strong>, ale i rarytas dla kolekcjoner\u00f3w, kt\u00f3rzy ceni\u0105 sobie koszulki z mniej oczywistych klub\u00f3w i zawodnik\u00f3w, kt\u00f3rzy p\u00f3\u017aniej zrobili wi\u0119ksz\u0105 karier\u0119.<\/p>","protected":false},"featured_media":14315,"template":"","meta":{"_kad_blocks_custom_css":"","_kad_blocks_head_custom_js":"","_kad_blocks_body_custom_js":"","_kad_blocks_footer_custom_js":"","_kad_post_transparent":"","_kad_post_title":"","_kad_post_layout":"","_kad_post_sidebar_id":"","_kad_post_content_style":"","_kad_post_vertical_padding":"","_kad_post_feature":"","_kad_post_feature_position":"","_kad_post_header":false,"_kad_post_footer":false},"product_brand":[243],"product_cat":[31,117,152],"product_tag":[],"class_list":{"0":"post-3092","1":"product","2":"type-product","3":"status-publish","4":"has-post-thumbnail","6":"product_brand-legea","7":"product_cat-kluby-europejskie","8":"product_cat-kluby-wloskie","9":"product_cat-pozostale-kluby-wloskie","10":"pa_rozmiar-xl","12":"first","13":"instock","14":"taxable","15":"shipping-taxable","16":"purchasable","17":"product-type-simple","18":"entry","19":"content-bg","20":"loop-entry"},"taxonomy_info":{"product_brand":[{"value":243,"label":"Legea"}],"product_cat":[{"value":31,"label":"Kluby Europejskie"},{"value":117,"label":"Kluby W\u0142oskie"},{"value":152,"label":"Pozosta\u0142e kluby w\u0142oskie"}],"pa_rozmiar":[{"value":57,"label":"XL"}]},"featured_image_src_large":["https:\/\/fts.you2.pl\/wp-content\/uploads\/2025\/09\/Photoroom_017_20250622_101324-1024x1024.png",1024,1024,true],"author_info":[],"comment_info":"","_links":{"self":[{"href":"https:\/\/fts.you2.pl\/de\/wp-json\/wp\/v2\/product\/3092","targetHints":{"allow":["GET"]}}],"collection":[{"href":"https:\/\/fts.you2.pl\/de\/wp-json\/wp\/v2\/product"}],"about":[{"href":"https:\/\/fts.you2.pl\/de\/wp-json\/wp\/v2\/types\/product"}],"wp:featuredmedia":[{"embeddable":true,"href":"https:\/\/fts.you2.pl\/de\/wp-json\/wp\/v2\/media\/14315"}],"wp:attachment":[{"href":"https:\/\/fts.you2.pl\/de\/wp-json\/wp\/v2\/media?parent=3092"}],"wp:term":[{"taxonomy":"product_brand","embeddable":true,"href":"https:\/\/fts.you2.pl\/de\/wp-json\/wp\/v2\/product_brand?post=3092"},{"taxonomy":"product_cat","embeddable":true,"href":"https:\/\/fts.you2.pl\/de\/wp-json\/wp\/v2\/product_cat?post=3092"},{"taxonomy":"product_tag","embeddable":true,"href":"https:\/\/fts.you2.pl\/de\/wp-json\/wp\/v2\/product_tag?post=3092"}],"curies":[{"name":"wp","href":"https:\/\/api.w.org\/{rel}","templated":true}]}}