{"id":3100,"date":"2025-07-13T15:46:56","date_gmt":"2025-07-13T13:46:56","guid":{"rendered":"https:\/\/fts.you2.pl\/index.php\/produkt\/zenit-st-petersburg-2011-12-home-l\/"},"modified":"2025-09-19T16:47:50","modified_gmt":"2025-09-19T14:47:50","slug":"zenit-st-petersburg-2011-12-home-l","status":"publish","type":"product","link":"https:\/\/fts.you2.pl\/de\/zenit-st-petersburg-2011-12-home-l\/","title":{"rendered":"Koszulka pi\u0142karska Zenit St. Petersburg 2011\/12 Home [L]"},"content":{"rendered":"<p><strong>Klub:<\/strong> Zenit St. Petersburg<\/p>\n<p><strong>Sezon:<\/strong> 2011\/12 Home<\/p>\n<p><strong>Rozmiar: <\/strong>L<\/p>\n<p><strong>Stan:<\/strong> Doskona\u0142y<\/p>\n<p><strong>Wymiary (szeroko\u015b\u0107 pod pachami\/d\u0142ugo\u015b\u0107) w cm: <\/strong>56\/74<\/p>","protected":false},"excerpt":{"rendered":"<p><strong>Oryginalna koszulka pi\u0142karska<\/strong> rosyjskiego klubu <strong>Zenit St. Petersburg<\/strong> produkcji <strong>Nike<\/strong>. Ciekawa propozycja dla fan\u00f3w <strong>rosyjskiego futbolu<\/strong>. By\u0142 to szesnasty z rz\u0119du sezon tego zespo\u0142u w najwy\u017cszej rosyjskiej lidze, kt\u00f3ry zwie\u0144czyli zaj\u0119ciem pierwszego miejsca na koniec rozgrywek. W <strong>Pucharze Rosji<\/strong> odpadli na etapie \u0107wier\u0107fina\u0142\u00f3w a w <strong>Lidze Mistrz\u00f3w<\/strong> dotarli do 1\/8. Najlepszym strzelcem zespo\u0142u w tym sezonie by\u0142<strong> Aleksandr Kerzhakov<\/strong> z 24 trafieniami na koncie.<\/p>","protected":false},"featured_media":14392,"template":"","meta":{"_kad_blocks_custom_css":"","_kad_blocks_head_custom_js":"","_kad_blocks_body_custom_js":"","_kad_blocks_footer_custom_js":"","_kad_post_transparent":"","_kad_post_title":"","_kad_post_layout":"","_kad_post_sidebar_id":"","_kad_post_content_style":"","_kad_post_vertical_padding":"","_kad_post_feature":"","_kad_post_feature_position":"","_kad_post_header":false,"_kad_post_footer":false},"product_brand":[55],"product_cat":[50,31,167],"product_tag":[],"class_list":{"0":"post-3100","1":"product","2":"type-product","3":"status-publish","4":"has-post-thumbnail","6":"product_brand-nike","7":"product_cat-kluby-europejskie-kluby-europejskie","8":"product_cat-kluby-europejskie","9":"product_cat-rosja","10":"pa_rozmiar-l","12":"first","13":"instock","14":"taxable","15":"shipping-taxable","16":"purchasable","17":"product-type-simple","18":"entry","19":"content-bg","20":"loop-entry"},"taxonomy_info":{"product_brand":[{"value":55,"label":"Nike"}],"product_cat":[{"value":50,"label":"Kluby Europejskie"},{"value":31,"label":"Kluby Europejskie"},{"value":167,"label":"Rosja"}],"pa_rozmiar":[{"value":39,"label":"L"}]},"featured_image_src_large":["https:\/\/fts.you2.pl\/wp-content\/uploads\/2025\/09\/Photoroom_008_20250710_202438-1024x1024.png",1024,1024,true],"author_info":[],"comment_info":"","_links":{"self":[{"href":"https:\/\/fts.you2.pl\/de\/wp-json\/wp\/v2\/product\/3100","targetHints":{"allow":["GET"]}}],"collection":[{"href":"https:\/\/fts.you2.pl\/de\/wp-json\/wp\/v2\/product"}],"about":[{"href":"https:\/\/fts.you2.pl\/de\/wp-json\/wp\/v2\/types\/product"}],"wp:featuredmedia":[{"embeddable":true,"href":"https:\/\/fts.you2.pl\/de\/wp-json\/wp\/v2\/media\/14392"}],"wp:attachment":[{"href":"https:\/\/fts.you2.pl\/de\/wp-json\/wp\/v2\/media?parent=3100"}],"wp:term":[{"taxonomy":"product_brand","embeddable":true,"href":"https:\/\/fts.you2.pl\/de\/wp-json\/wp\/v2\/product_brand?post=3100"},{"taxonomy":"product_cat","embeddable":true,"href":"https:\/\/fts.you2.pl\/de\/wp-json\/wp\/v2\/product_cat?post=3100"},{"taxonomy":"product_tag","embeddable":true,"href":"https:\/\/fts.you2.pl\/de\/wp-json\/wp\/v2\/product_tag?post=3100"}],"curies":[{"name":"wp","href":"https:\/\/api.w.org\/{rel}","templated":true}]}}