{"id":3106,"date":"2025-07-13T15:46:53","date_gmt":"2025-07-13T13:46:53","guid":{"rendered":"https:\/\/fts.you2.pl\/index.php\/produkt\/fc-kopenhaga-2006-07-home-11-allback-xs\/"},"modified":"2025-09-19T16:50:18","modified_gmt":"2025-09-19T14:50:18","slug":"fc-kopenhaga-2006-07-home-11-allback-xs","status":"publish","type":"product","link":"https:\/\/fts.you2.pl\/de\/fc-kopenhaga-2006-07-home-11-allback-xs\/","title":{"rendered":"Koszulka pi\u0142karska FC Kopenhaga 2006\/07 Home 11 Allback [XS]"},"content":{"rendered":"<p><strong>Klub:<\/strong> FC Kopenhaga<\/p>\n<p><strong>Sezon:<\/strong> 2006\/07 Home<\/p>\n<p><strong>Rozmiar: <\/strong>XS<\/p>\n<p><strong>Stan:<\/strong> Doskona\u0142y<\/p>\n<p><strong>Wymiary (szeroko\u015b\u0107 pod pachami\/d\u0142ugo\u015b\u0107) w cm: <\/strong>45\/64<\/p>","protected":false},"excerpt":{"rendered":"<p data-start=\"140\" data-end=\"650\"><strong data-start=\"140\" data-end=\"229\">Oryginalna joszulka pi\u0142karska FC Kopenhagi <\/strong>z sezonu <strong data-start=\"140\" data-end=\"229\">2006\/07 <\/strong>produkcji <strong data-start=\"140\" data-end=\"229\">Kappy<\/strong>, z nadrukiem szwedzkiego zawodnika<strong data-start=\"140\" data-end=\"229\"> Marcusa Allb\u00e4cka.<\/strong> To klasyk skandynawskiego futbolu. W bia\u0142ym kolorze z niebieskimi detalami, idealnie oddaje styl i estetyk\u0119 du\u0144skiego giganta. Na plecach nazwisko <strong data-start=\"472\" data-end=\"483\">Allb\u00e4ck<\/strong> \u2013 do\u015bwiadczonego szwedzkiego napastnika, kt\u00f3ry w\u0142a\u015bnie w tym sezonie reprezentowa\u0142 barwy FCK, zostawiaj\u0105c po sobie sporo bramek i jeszcze wi\u0119cej pi\u0142karskiego spokoju.<\/p>\n<p data-start=\"652\" data-end=\"951\">Sezon 2006\/07 by\u0142 dla FC Kopenhagi niezwykle udany \u2013 dru\u017cyna si\u0119gn\u0119\u0142a po <strong data-start=\"725\" data-end=\"746\">mistrzostwo Danii<\/strong>, a Allb\u00e4ck do\u0142o\u017cy\u0142 do tego sukcesu solidn\u0105 cegie\u0142k\u0119 swoimi trafieniami. Dla fan\u00f3w skandynawskiej pi\u0142ki i kolekcjoner\u00f3w oryginalnych koszulek pi\u0142karskich z tamtej epoki \u2013 ten trykot to obowi\u0105zkowa pozycja.<\/p>","protected":false},"featured_media":14443,"template":"","meta":{"_kad_blocks_custom_css":"","_kad_blocks_head_custom_js":"","_kad_blocks_body_custom_js":"","_kad_blocks_footer_custom_js":"","_kad_post_transparent":"","_kad_post_title":"","_kad_post_layout":"","_kad_post_sidebar_id":"","_kad_post_content_style":"","_kad_post_vertical_padding":"","_kad_post_feature":"","_kad_post_feature_position":"","_kad_post_header":false,"_kad_post_footer":false},"product_brand":[35],"product_cat":[50,31,356,73],"product_tag":[],"class_list":{"0":"post-3106","1":"product","2":"type-product","3":"status-publish","4":"has-post-thumbnail","6":"product_brand-kappa","7":"product_cat-kluby-europejskie-kluby-europejskie","8":"product_cat-kluby-europejskie","9":"product_cat-koszulki-mlodziezowe","10":"product_cat-skandynawia","11":"pa_rozmiar-xs","13":"first","14":"instock","15":"taxable","16":"shipping-taxable","17":"purchasable","18":"product-type-simple","19":"entry","20":"content-bg","21":"loop-entry"},"taxonomy_info":{"product_brand":[{"value":35,"label":"Kappa"}],"product_cat":[{"value":50,"label":"Kluby Europejskie"},{"value":31,"label":"Kluby Europejskie"},{"value":356,"label":"Koszulki M\u0142odzie\u017cowe"},{"value":73,"label":"Skandynawia"}],"pa_rozmiar":[{"value":415,"label":"XS"}]},"featured_image_src_large":["https:\/\/fts.you2.pl\/wp-content\/uploads\/2025\/09\/Photoroom_063_20250710_202438-1024x1024.png",1024,1024,true],"author_info":[],"comment_info":"","_links":{"self":[{"href":"https:\/\/fts.you2.pl\/de\/wp-json\/wp\/v2\/product\/3106","targetHints":{"allow":["GET"]}}],"collection":[{"href":"https:\/\/fts.you2.pl\/de\/wp-json\/wp\/v2\/product"}],"about":[{"href":"https:\/\/fts.you2.pl\/de\/wp-json\/wp\/v2\/types\/product"}],"wp:featuredmedia":[{"embeddable":true,"href":"https:\/\/fts.you2.pl\/de\/wp-json\/wp\/v2\/media\/14443"}],"wp:attachment":[{"href":"https:\/\/fts.you2.pl\/de\/wp-json\/wp\/v2\/media?parent=3106"}],"wp:term":[{"taxonomy":"product_brand","embeddable":true,"href":"https:\/\/fts.you2.pl\/de\/wp-json\/wp\/v2\/product_brand?post=3106"},{"taxonomy":"product_cat","embeddable":true,"href":"https:\/\/fts.you2.pl\/de\/wp-json\/wp\/v2\/product_cat?post=3106"},{"taxonomy":"product_tag","embeddable":true,"href":"https:\/\/fts.you2.pl\/de\/wp-json\/wp\/v2\/product_tag?post=3106"}],"curies":[{"name":"wp","href":"https:\/\/api.w.org\/{rel}","templated":true}]}}