{"id":3109,"date":"2025-07-13T15:46:51","date_gmt":"2025-07-13T13:46:51","guid":{"rendered":"https:\/\/fts.you2.pl\/index.php\/produkt\/sporting-kansas-city-2018-home-xl\/"},"modified":"2025-09-19T16:51:42","modified_gmt":"2025-09-19T14:51:42","slug":"sporting-kansas-city-2018-home-xl","status":"publish","type":"product","link":"https:\/\/fts.you2.pl\/de\/sporting-kansas-city-2018-home-xl\/","title":{"rendered":"Koszulka pi\u0142karska Sporting Kansas City 2018 Home [XL]"},"content":{"rendered":"<p><strong>Klub:<\/strong> Sporting Kansas City<\/p>\n<p><strong>Sezon:<\/strong> 2018 Home<\/p>\n<p><strong>Rozmiar: <\/strong>XL<\/p>\n<p><strong>Stan:<\/strong> Zadowalaj\u0105cy &#8211; kilka znacznych zaci\u0105gni\u0119\u0107 na plecach.<\/p>\n<p><strong>Wymiary (szeroko\u015b\u0107 pod pachami\/d\u0142ugo\u015b\u0107) w cm: <\/strong>63\/75<\/p>","protected":false},"excerpt":{"rendered":"<p><strong>Oryginalna domowa koszulka pi\u0142karska ameryka\u0144skiego<\/strong> klubu <strong>Sporting Kansas City<\/strong> produkcji<strong> Adidasa<\/strong> z <strong>2018<\/strong> roku. Klub wyst\u0119powa\u0142 niegdy\u015b pod nazw\u0105 <strong>Kansas City Wizards<\/strong>.<\/p>","protected":false},"featured_media":14467,"template":"","meta":{"_kad_blocks_custom_css":"","_kad_blocks_head_custom_js":"","_kad_blocks_body_custom_js":"","_kad_blocks_footer_custom_js":"","_kad_post_transparent":"","_kad_post_title":"","_kad_post_layout":"","_kad_post_sidebar_id":"","_kad_post_content_style":"","_kad_post_vertical_padding":"","_kad_post_feature":"","_kad_post_feature_position":"","_kad_post_header":false,"_kad_post_footer":false},"product_brand":[45],"product_cat":[15,37,36],"product_tag":[],"class_list":{"0":"post-3109","1":"product","2":"type-product","3":"status-publish","4":"has-post-thumbnail","6":"product_brand-adidas","7":"product_cat-bez-kategorii","8":"product_cat-ameryka-srodkowa-i-polnocna","9":"product_cat-kluby-reszty-swiata","10":"pa_rozmiar-xl","12":"first","13":"instock","14":"taxable","15":"shipping-taxable","16":"purchasable","17":"product-type-simple","18":"entry","19":"content-bg","20":"loop-entry"},"taxonomy_info":{"product_brand":[{"value":45,"label":"Adidas"}],"product_cat":[{"value":15,"label":"Bez kategorii"},{"value":37,"label":"Ameryka \u015arodkowa i P\u00f3\u0142nocna"},{"value":36,"label":"Kluby Reszty \u015awiata"}],"pa_rozmiar":[{"value":57,"label":"XL"}]},"featured_image_src_large":["https:\/\/fts.you2.pl\/wp-content\/uploads\/2025\/09\/Photoroom_056_20250710_202438-1024x1024.png",1024,1024,true],"author_info":[],"comment_info":"","_links":{"self":[{"href":"https:\/\/fts.you2.pl\/de\/wp-json\/wp\/v2\/product\/3109","targetHints":{"allow":["GET"]}}],"collection":[{"href":"https:\/\/fts.you2.pl\/de\/wp-json\/wp\/v2\/product"}],"about":[{"href":"https:\/\/fts.you2.pl\/de\/wp-json\/wp\/v2\/types\/product"}],"wp:featuredmedia":[{"embeddable":true,"href":"https:\/\/fts.you2.pl\/de\/wp-json\/wp\/v2\/media\/14467"}],"wp:attachment":[{"href":"https:\/\/fts.you2.pl\/de\/wp-json\/wp\/v2\/media?parent=3109"}],"wp:term":[{"taxonomy":"product_brand","embeddable":true,"href":"https:\/\/fts.you2.pl\/de\/wp-json\/wp\/v2\/product_brand?post=3109"},{"taxonomy":"product_cat","embeddable":true,"href":"https:\/\/fts.you2.pl\/de\/wp-json\/wp\/v2\/product_cat?post=3109"},{"taxonomy":"product_tag","embeddable":true,"href":"https:\/\/fts.you2.pl\/de\/wp-json\/wp\/v2\/product_tag?post=3109"}],"curies":[{"name":"wp","href":"https:\/\/api.w.org\/{rel}","templated":true}]}}