{"id":3112,"date":"2025-07-13T15:47:15","date_gmt":"2025-07-13T13:47:15","guid":{"rendered":"https:\/\/fts.you2.pl\/index.php\/produkt\/koszulka-bawelniana-borussia-monchengladbach-2000-01-xxl\/"},"modified":"2025-09-19T16:52:56","modified_gmt":"2025-09-19T14:52:56","slug":"koszulka-bawelniana-borussia-monchengladbach-2000-01-xxl","status":"publish","type":"product","link":"https:\/\/fts.you2.pl\/de\/koszulka-bawelniana-borussia-monchengladbach-2000-01-xxl\/","title":{"rendered":"Bawe\u0142niana koszulka pi\u0142karska Borussia Monchengladbach 2000\/01 [XXL]"},"content":{"rendered":"<p><strong>Klub:<\/strong> Borussia Monchengladbach<\/p>\n<p><strong>Sezon:<\/strong> 2000\/01<\/p>\n<p><strong>Rozmiar: <\/strong>XXL<\/p>\n<p><strong>Stan:<\/strong> Doskona\u0142y<\/p>\n<p><strong>Wymiary (szeroko\u015b\u0107 pod pachami\/d\u0142ugo\u015b\u0107) w cm: <\/strong>68\/78<\/p>","protected":false},"excerpt":{"rendered":"<p><strong>Oryginalna<\/strong>, bawe\u0142niana <strong>koszulka pi\u0142karska<\/strong> \u0179rebak\u00f3w z pocz\u0105tku XXI wieku. Idealna alternatywa, dla os\u00f3b, kt\u00f3rym nie zale\u017cy na poliestrowym trykocie i chcieliby si\u0119 poczu\u0107 jak cz\u0142onek sztabu <strong>Borussi Monchengladnach.<\/strong><\/p>","protected":false},"featured_media":14493,"template":"","meta":{"_kad_blocks_custom_css":"","_kad_blocks_head_custom_js":"","_kad_blocks_body_custom_js":"","_kad_blocks_footer_custom_js":"","_kad_post_transparent":"","_kad_post_title":"","_kad_post_layout":"","_kad_post_sidebar_id":"","_kad_post_content_style":"","_kad_post_vertical_padding":"","_kad_post_feature":"","_kad_post_feature_position":"","_kad_post_header":false,"_kad_post_footer":false},"product_brand":[30],"product_cat":[67,25,31,46,26],"product_tag":[],"class_list":{"0":"post-3112","1":"product","2":"type-product","3":"status-publish","4":"has-post-thumbnail","6":"product_brand-reebok","7":"product_cat-borussia-monchengladbach","8":"product_cat-inne","9":"product_cat-kluby-europejskie","10":"product_cat-kluby-niemieckie","11":"product_cat-kurtki-bluzy-trening","12":"pa_rozmiar-xxl","14":"first","15":"instock","16":"taxable","17":"shipping-taxable","18":"purchasable","19":"product-type-simple","20":"entry","21":"content-bg","22":"loop-entry"},"taxonomy_info":{"product_brand":[{"value":30,"label":"Reebok"}],"product_cat":[{"value":67,"label":"Borussia M\u00f6nchengladbach"},{"value":25,"label":"Inne"},{"value":31,"label":"Kluby Europejskie"},{"value":46,"label":"Kluby Niemieckie"},{"value":26,"label":"Kurtki\/bluzy\/trening"}],"pa_rozmiar":[{"value":71,"label":"XXL"}]},"featured_image_src_large":["https:\/\/fts.you2.pl\/wp-content\/uploads\/2025\/09\/Photoroom_048_20250710_202438-1024x1024.png",1024,1024,true],"author_info":[],"comment_info":"","_links":{"self":[{"href":"https:\/\/fts.you2.pl\/de\/wp-json\/wp\/v2\/product\/3112","targetHints":{"allow":["GET"]}}],"collection":[{"href":"https:\/\/fts.you2.pl\/de\/wp-json\/wp\/v2\/product"}],"about":[{"href":"https:\/\/fts.you2.pl\/de\/wp-json\/wp\/v2\/types\/product"}],"wp:featuredmedia":[{"embeddable":true,"href":"https:\/\/fts.you2.pl\/de\/wp-json\/wp\/v2\/media\/14493"}],"wp:attachment":[{"href":"https:\/\/fts.you2.pl\/de\/wp-json\/wp\/v2\/media?parent=3112"}],"wp:term":[{"taxonomy":"product_brand","embeddable":true,"href":"https:\/\/fts.you2.pl\/de\/wp-json\/wp\/v2\/product_brand?post=3112"},{"taxonomy":"product_cat","embeddable":true,"href":"https:\/\/fts.you2.pl\/de\/wp-json\/wp\/v2\/product_cat?post=3112"},{"taxonomy":"product_tag","embeddable":true,"href":"https:\/\/fts.you2.pl\/de\/wp-json\/wp\/v2\/product_tag?post=3112"}],"curies":[{"name":"wp","href":"https:\/\/api.w.org\/{rel}","templated":true}]}}