{"id":3117,"date":"2025-07-13T15:47:12","date_gmt":"2025-07-13T13:47:12","guid":{"rendered":"https:\/\/fts.you2.pl\/index.php\/produkt\/malmo-ff-2002-03-home-m\/"},"modified":"2025-09-19T16:55:24","modified_gmt":"2025-09-19T14:55:24","slug":"malmo-ff-2002-03-home-m","status":"publish","type":"product","link":"https:\/\/fts.you2.pl\/de\/malmo-ff-2002-03-home-m\/","title":{"rendered":"Koszulka pi\u0142karska Malmo FF 2002\/03 Home [M]"},"content":{"rendered":"<p><strong>Klub:<\/strong> Malmo FF<\/p>\n<p><strong>Sezon:<\/strong> 2002\/03 Home<\/p>\n<p><strong>Rozmiar: <\/strong>M<\/p>\n<p><strong>Stan:<\/strong> S\u0142aby &#8211; bardzo du\u017co zaci\u0105gni\u0119\u0107 oraz nieznacznie uszkodzony nadruk sponsora na froncie.<\/p>\n<p><strong>Wymiary (szeroko\u015b\u0107 pod pachami\/d\u0142ugo\u015b\u0107) w cm: <\/strong>52\/67(prz\u00f3d), 71(ty\u0142)<\/p>","protected":false},"excerpt":{"rendered":"<p><strong>Oryginalna koszulka pi\u0142karska<\/strong> szwedzkiego klubu<strong> Malmo FF<\/strong>. Klasyczne po\u0142\u0105czenie dw\u00f3ch kolor\u00f3w, b\u0142\u0119kitnego i bia\u0142ego, produkcja niemieckiej marki <strong>Puma<\/strong>. Idealna koszulka dla fan\u00f3w <strong>skandynawskiego futbolu<\/strong>.<\/p>","protected":false},"featured_media":14535,"template":"","meta":{"_kad_blocks_custom_css":"","_kad_blocks_head_custom_js":"","_kad_blocks_body_custom_js":"","_kad_blocks_footer_custom_js":"","_kad_post_transparent":"","_kad_post_title":"","_kad_post_layout":"","_kad_post_sidebar_id":"","_kad_post_content_style":"","_kad_post_vertical_padding":"","_kad_post_feature":"","_kad_post_feature_position":"","_kad_post_header":false,"_kad_post_footer":false},"product_brand":[86],"product_cat":[50,31,73],"product_tag":[],"class_list":{"0":"post-3117","1":"product","2":"type-product","3":"status-publish","4":"has-post-thumbnail","6":"product_brand-puma","7":"product_cat-kluby-europejskie-kluby-europejskie","8":"product_cat-kluby-europejskie","9":"product_cat-skandynawia","10":"pa_rozmiar-m","12":"first","13":"instock","14":"taxable","15":"shipping-taxable","16":"purchasable","17":"product-type-simple","18":"entry","19":"content-bg","20":"loop-entry"},"taxonomy_info":{"product_brand":[{"value":86,"label":"Puma"}],"product_cat":[{"value":50,"label":"Kluby Europejskie"},{"value":31,"label":"Kluby Europejskie"},{"value":73,"label":"Skandynawia"}],"pa_rozmiar":[{"value":28,"label":"M"}]},"featured_image_src_large":["https:\/\/fts.you2.pl\/wp-content\/uploads\/2025\/09\/Photoroom_038_20250710_202438-1024x1024.png",1024,1024,true],"author_info":[],"comment_info":"","_links":{"self":[{"href":"https:\/\/fts.you2.pl\/de\/wp-json\/wp\/v2\/product\/3117","targetHints":{"allow":["GET"]}}],"collection":[{"href":"https:\/\/fts.you2.pl\/de\/wp-json\/wp\/v2\/product"}],"about":[{"href":"https:\/\/fts.you2.pl\/de\/wp-json\/wp\/v2\/types\/product"}],"wp:featuredmedia":[{"embeddable":true,"href":"https:\/\/fts.you2.pl\/de\/wp-json\/wp\/v2\/media\/14535"}],"wp:attachment":[{"href":"https:\/\/fts.you2.pl\/de\/wp-json\/wp\/v2\/media?parent=3117"}],"wp:term":[{"taxonomy":"product_brand","embeddable":true,"href":"https:\/\/fts.you2.pl\/de\/wp-json\/wp\/v2\/product_brand?post=3117"},{"taxonomy":"product_cat","embeddable":true,"href":"https:\/\/fts.you2.pl\/de\/wp-json\/wp\/v2\/product_cat?post=3117"},{"taxonomy":"product_tag","embeddable":true,"href":"https:\/\/fts.you2.pl\/de\/wp-json\/wp\/v2\/product_tag?post=3117"}],"curies":[{"name":"wp","href":"https:\/\/api.w.org\/{rel}","templated":true}]}}