{"id":3119,"date":"2025-07-13T15:47:09","date_gmt":"2025-07-13T13:47:09","guid":{"rendered":"https:\/\/fts.you2.pl\/index.php\/produkt\/afc-ajax-2013-14-away-39-fischer-s\/"},"modified":"2025-09-19T16:56:10","modified_gmt":"2025-09-19T14:56:10","slug":"afc-ajax-2013-14-away-39-fischer-s","status":"publish","type":"product","link":"https:\/\/fts.you2.pl\/de\/afc-ajax-2013-14-away-39-fischer-s\/","title":{"rendered":"Koszulka pi\u0142karska AFC Ajax 2013\/14 Away 39 Fischer [S]"},"content":{"rendered":"<p><strong>Klub:<\/strong> AFC Ajax<\/p>\n<p><strong>Sezon:<\/strong> 2013\/14 Away<\/p>\n<p><strong>Rozmiar: <\/strong>S<\/p>\n<p><strong>Stan:<\/strong> Dobry &#8211; nieznacznie pop\u0119kany nadruk sponsora na froncie, starte nalepki 'climacool&#8217; oraz z informacj\u0105 o rozmiarze.<\/p>\n<p><strong>Wymiary (szeroko\u015b\u0107 pod pachami\/d\u0142ugo\u015b\u0107) w cm: <\/strong>50\/68<\/p>","protected":false},"excerpt":{"rendered":"<p data-start=\"160\" data-end=\"544\"><strong>Oryginalna wyjazdowa koszulka pi\u0142karska Ajaxu Amsterdam z sezonu 2013\/14<\/strong>, produkcji <strong>Adidasa<\/strong>, z nadrukiem <strong data-start=\"370\" data-end=\"388\">Victora Fischera<\/strong> na plecach. Du\u0144ski talent by\u0142 w\u00f3wczas jedn\u0105 z najja\u015bniejszych m\u0142odych gwiazd w barwach <strong>Ajaxu<\/strong>, kt\u00f3ry w tym sezonie si\u0119gn\u0105\u0142 po kolejne <strong>mistrzostwo Holandii<\/strong>.<\/p>\n<p data-start=\"546\" data-end=\"792\">Charakterystyczny czarno-r\u00f3\u017cowy wz\u00f3r, po\u0142\u0105czony ze \u015bwietn\u0105 jako\u015bci\u0105 wykonania, sprawia, \u017ce to koszulka obowi\u0105zkowa dla ka\u017cdego fana<strong> Ajaxu<\/strong>, kolekcjonera <strong>oryginalnych trykot\u00f3w pi\u0142karskich<\/strong> i mi\u0142o\u015bnika holenderskiej <strong>Eredivisie<\/strong>.<\/p>","protected":false},"featured_media":14553,"template":"","meta":{"_kad_blocks_custom_css":"","_kad_blocks_head_custom_js":"","_kad_blocks_body_custom_js":"","_kad_blocks_footer_custom_js":"","_kad_post_transparent":"","_kad_post_title":"","_kad_post_layout":"","_kad_post_sidebar_id":"","_kad_post_content_style":"","_kad_post_vertical_padding":"","_kad_post_feature":"","_kad_post_feature_position":"","_kad_post_header":false,"_kad_post_footer":false},"product_brand":[45],"product_cat":[107,31,50],"product_tag":[],"class_list":{"0":"post-3119","1":"product","2":"type-product","3":"status-publish","4":"has-post-thumbnail","6":"product_brand-adidas","7":"product_cat-belgia-i-holandia","8":"product_cat-kluby-europejskie","9":"product_cat-kluby-europejskie-kluby-europejskie","10":"pa_rozmiar-s","12":"first","13":"instock","14":"taxable","15":"shipping-taxable","16":"purchasable","17":"product-type-simple","18":"entry","19":"content-bg","20":"loop-entry"},"taxonomy_info":{"product_brand":[{"value":45,"label":"Adidas"}],"product_cat":[{"value":107,"label":"Belgia i Holandia"},{"value":31,"label":"Kluby Europejskie"},{"value":50,"label":"Kluby Europejskie"}],"pa_rozmiar":[{"value":19,"label":"S"}]},"featured_image_src_large":["https:\/\/fts.you2.pl\/wp-content\/uploads\/2025\/09\/Photoroom_031_20250710_202438-1024x1024.png",1024,1024,true],"author_info":[],"comment_info":"","_links":{"self":[{"href":"https:\/\/fts.you2.pl\/de\/wp-json\/wp\/v2\/product\/3119","targetHints":{"allow":["GET"]}}],"collection":[{"href":"https:\/\/fts.you2.pl\/de\/wp-json\/wp\/v2\/product"}],"about":[{"href":"https:\/\/fts.you2.pl\/de\/wp-json\/wp\/v2\/types\/product"}],"wp:featuredmedia":[{"embeddable":true,"href":"https:\/\/fts.you2.pl\/de\/wp-json\/wp\/v2\/media\/14553"}],"wp:attachment":[{"href":"https:\/\/fts.you2.pl\/de\/wp-json\/wp\/v2\/media?parent=3119"}],"wp:term":[{"taxonomy":"product_brand","embeddable":true,"href":"https:\/\/fts.you2.pl\/de\/wp-json\/wp\/v2\/product_brand?post=3119"},{"taxonomy":"product_cat","embeddable":true,"href":"https:\/\/fts.you2.pl\/de\/wp-json\/wp\/v2\/product_cat?post=3119"},{"taxonomy":"product_tag","embeddable":true,"href":"https:\/\/fts.you2.pl\/de\/wp-json\/wp\/v2\/product_tag?post=3119"}],"curies":[{"name":"wp","href":"https:\/\/api.w.org\/{rel}","templated":true}]}}