{"id":3120,"date":"2025-07-13T15:47:08","date_gmt":"2025-07-13T13:47:08","guid":{"rendered":"https:\/\/fts.you2.pl\/index.php\/produkt\/fc-barcelona-2005-06-away-7-larsson-m\/"},"modified":"2025-09-19T16:56:38","modified_gmt":"2025-09-19T14:56:38","slug":"fc-barcelona-2005-06-away-7-larsson-m","status":"publish","type":"product","link":"https:\/\/fts.you2.pl\/de\/fc-barcelona-2005-06-away-7-larsson-m\/","title":{"rendered":"Koszulka pi\u0142karska FC Barcelona 2005\/06 Away 7 Larsson [M]"},"content":{"rendered":"<p><strong>Klub:<\/strong> FC Barcelona<\/p>\n<p><strong>Sezon:<\/strong> 2005\/06 Away<\/p>\n<p><strong>Rozmiar: <\/strong>M<\/p>\n<p><strong>Stan:<\/strong> Zadowalaj\u0105cy &#8211; wyst\u0119puj\u0105ce gdzieniegdzie mikro zaci\u0105gni\u0119cia oraz pop\u0119kany nadruk na plecach.<\/p>\n<p><strong>Wymiary (szeroko\u015b\u0107 pod pachami\/d\u0142ugo\u015b\u0107) w cm: <\/strong>52\/69<\/p>","protected":false},"excerpt":{"rendered":"<p data-start=\"245\" data-end=\"676\"><strong>Oryginalna wyjazdowa koszulka pi\u0142karska<\/strong> <strong data-start=\"384\" data-end=\"417\">FC Barcelony z sezonu 2005\/06<\/strong>, produkcji Nike, w legendarnym <strong data-start=\"449\" data-end=\"467\">neonowym <\/strong>kolorze, kt\u00f3ry do dzi\u015b wywo\u0142uje emocje w\u015br\u00f3d kibic\u00f3w. Na plecach nadruk <strong data-start=\"549\" data-end=\"567\">Henrika Larssona<\/strong> \u2013 szwedzkiej legendy, kt\u00f3ra mia\u0142a ogromny wp\u0142yw na triumf Bar\u00e7y w<strong> Lidze Mistrz\u00f3w<\/strong> w tym historycznym sezonie.<\/p>\n<p data-start=\"678\" data-end=\"1002\">To w\u0142a\u015bnie <strong>Larsson<\/strong>, mimo bycia zmiennikiem, wszed\u0142 na boisko w<strong> finale<\/strong> z Arsenalem i odmieni\u0142 losy meczu dwoma asystami \u2013 pokazuj\u0105c, \u017ce klas\u0119 zachowuje si\u0119 do samego ko\u0144ca. Ten str\u00f3j to nie tylko koszulka pi\u0142karska \u2013 to <strong data-start=\"887\" data-end=\"908\">symbol z\u0142otej ery<\/strong> Bar\u00e7y, dru\u017cyny prowadzonej przez<strong> Franka Rijkaarda, z Ronaldinho, Eto\u2019o, Deco<\/strong> i m\u0142odym <strong>Messim<\/strong>.<\/p>\n<p data-start=\"1004\" data-end=\"1300\">Wyr\u00f3\u017cniaj\u0105cy si\u0119, fluorescencyjny design, kultowy wz\u00f3r koszulki, kt\u00f3ry do dzi\u015b zachwyca kolekcjoner\u00f3w i kibic\u00f3w. To idealny wyb\u00f3r dla ka\u017cdego, kto chce mie\u0107 w swojej kolekcji <strong data-start=\"1213\" data-end=\"1256\">oryginaln\u0105 koszulk\u0119 pi\u0142karsk\u0105 FC Barcelony<\/strong> z czas\u00f3w, gdy klub wraca\u0142 na szczyt Europy. Doskonale sprawdzi si\u0119 jako<strong> prezent<\/strong>, kt\u00f3ry pozwala cofn\u0105\u0107 si\u0119 w czasie o 20 lat.<\/p>","protected":false},"featured_media":14560,"template":"","meta":{"_kad_blocks_custom_css":"","_kad_blocks_head_custom_js":"","_kad_blocks_body_custom_js":"","_kad_blocks_footer_custom_js":"","_kad_post_transparent":"","_kad_post_title":"","_kad_post_layout":"","_kad_post_sidebar_id":"","_kad_post_content_style":"","_kad_post_vertical_padding":"","_kad_post_feature":"","_kad_post_feature_position":"","_kad_post_header":false,"_kad_post_footer":false},"product_brand":[55],"product_cat":[248,31,87],"product_tag":[],"class_list":{"0":"post-3120","1":"product","2":"type-product","3":"status-publish","4":"has-post-thumbnail","6":"product_brand-nike","7":"product_cat-fc-barcelona","8":"product_cat-kluby-europejskie","9":"product_cat-kluby-hiszpanskie","10":"pa_rozmiar-m","12":"first","13":"instock","14":"taxable","15":"shipping-taxable","16":"purchasable","17":"product-type-simple","18":"entry","19":"content-bg","20":"loop-entry"},"taxonomy_info":{"product_brand":[{"value":55,"label":"Nike"}],"product_cat":[{"value":248,"label":"FC Barcelona"},{"value":31,"label":"Kluby Europejskie"},{"value":87,"label":"Kluby Hiszpa\u0144skie"}],"pa_rozmiar":[{"value":28,"label":"M"}]},"featured_image_src_large":["https:\/\/fts.you2.pl\/wp-content\/uploads\/2025\/09\/Photoroom_097_20250710_202438-1024x1024.png",1024,1024,true],"author_info":[],"comment_info":"","_links":{"self":[{"href":"https:\/\/fts.you2.pl\/de\/wp-json\/wp\/v2\/product\/3120","targetHints":{"allow":["GET"]}}],"collection":[{"href":"https:\/\/fts.you2.pl\/de\/wp-json\/wp\/v2\/product"}],"about":[{"href":"https:\/\/fts.you2.pl\/de\/wp-json\/wp\/v2\/types\/product"}],"wp:featuredmedia":[{"embeddable":true,"href":"https:\/\/fts.you2.pl\/de\/wp-json\/wp\/v2\/media\/14560"}],"wp:attachment":[{"href":"https:\/\/fts.you2.pl\/de\/wp-json\/wp\/v2\/media?parent=3120"}],"wp:term":[{"taxonomy":"product_brand","embeddable":true,"href":"https:\/\/fts.you2.pl\/de\/wp-json\/wp\/v2\/product_brand?post=3120"},{"taxonomy":"product_cat","embeddable":true,"href":"https:\/\/fts.you2.pl\/de\/wp-json\/wp\/v2\/product_cat?post=3120"},{"taxonomy":"product_tag","embeddable":true,"href":"https:\/\/fts.you2.pl\/de\/wp-json\/wp\/v2\/product_tag?post=3120"}],"curies":[{"name":"wp","href":"https:\/\/api.w.org\/{rel}","templated":true}]}}