{"id":3125,"date":"2025-07-13T15:47:00","date_gmt":"2025-07-13T13:47:00","guid":{"rendered":"https:\/\/fts.you2.pl\/index.php\/produkt\/niemcy-2017-18-home-l\/"},"modified":"2025-09-19T16:58:53","modified_gmt":"2025-09-19T14:58:53","slug":"niemcy-2017-18-home-l","status":"publish","type":"product","link":"https:\/\/fts.you2.pl\/de\/niemcy-2017-18-home-l\/","title":{"rendered":"Koszulka pi\u0142karska Niemcy 2017\/18 Home [L]"},"content":{"rendered":"<p><strong>Klub:<\/strong> Niemcy<\/p>\n<p><strong>Sezon:<\/strong> 2017\/18 Home<\/p>\n<p><strong>Rozmiar: <\/strong>L<\/p>\n<p><strong>Stan:<\/strong> Doskona\u0142y<\/p>\n<p><strong>Wymiary (szeroko\u015b\u0107 pod pachami\/d\u0142ugo\u015b\u0107) w cm: <\/strong>58\/76<\/p>","protected":false},"excerpt":{"rendered":"<p>Oficjalna,<strong> oryginalna<\/strong> <strong data-start=\"219\" data-end=\"282\">domowa koszulka pi\u0142karska reprezentacji Niemiec z 2017 roku.<\/strong><\/p>\n<p>Inspirowana kultowym wzorem z 1990 \u2013 czas\u00f3w mistrz\u00f3w \u015bwiata z<strong> Lotharem Matth\u00e4usem<\/strong> na czele. Klasyczna biel, charakterystyczny graficzny motyw na piersi i nowoczesny kr\u00f3j sprawiaj\u0105, \u017ce ten model to po\u0142\u0105czenie tradycji z nowoczesno\u015bci\u0105. Koszulka by\u0142a u\u017cywana m.in. podczas <strong>Pucharu Konfederacji FIFA 2017<\/strong>, kt\u00f3ry <strong>Niemcy<\/strong> wygrali w stylu godnym przysz\u0142ych mistrz\u00f3w \u015bwiata. Idealna dla fan\u00f3w Die <strong>Mannschaft<\/strong> i kolekcjoner\u00f3w reprezentacyjnych klasyk\u00f3w.<\/p>","protected":false},"featured_media":14610,"template":"","meta":{"_kad_blocks_custom_css":"","_kad_blocks_head_custom_js":"","_kad_blocks_body_custom_js":"","_kad_blocks_footer_custom_js":"","_kad_post_transparent":"","_kad_post_title":"","_kad_post_layout":"","_kad_post_sidebar_id":"","_kad_post_content_style":"","_kad_post_vertical_padding":"","_kad_post_feature":"","_kad_post_feature_position":"","_kad_post_header":false,"_kad_post_footer":false},"product_brand":[45],"product_cat":[23,143,22],"product_tag":[],"class_list":{"0":"post-3125","1":"product","2":"type-product","3":"status-publish","4":"has-post-thumbnail","6":"product_brand-adidas","7":"product_cat-europa","8":"product_cat-niemcy","9":"product_cat-reprezentacje","10":"pa_rozmiar-l","12":"first","13":"instock","14":"taxable","15":"shipping-taxable","16":"purchasable","17":"product-type-simple","18":"entry","19":"content-bg","20":"loop-entry"},"taxonomy_info":{"product_brand":[{"value":45,"label":"Adidas"}],"product_cat":[{"value":23,"label":"Europa"},{"value":143,"label":"Niemcy"},{"value":22,"label":"REPREZENTACJE"}],"pa_rozmiar":[{"value":39,"label":"L"}]},"featured_image_src_large":["https:\/\/fts.you2.pl\/wp-content\/uploads\/2025\/09\/Photoroom_082_20250710_202438-1024x1024.png",1024,1024,true],"author_info":[],"comment_info":"","_links":{"self":[{"href":"https:\/\/fts.you2.pl\/de\/wp-json\/wp\/v2\/product\/3125","targetHints":{"allow":["GET"]}}],"collection":[{"href":"https:\/\/fts.you2.pl\/de\/wp-json\/wp\/v2\/product"}],"about":[{"href":"https:\/\/fts.you2.pl\/de\/wp-json\/wp\/v2\/types\/product"}],"wp:featuredmedia":[{"embeddable":true,"href":"https:\/\/fts.you2.pl\/de\/wp-json\/wp\/v2\/media\/14610"}],"wp:attachment":[{"href":"https:\/\/fts.you2.pl\/de\/wp-json\/wp\/v2\/media?parent=3125"}],"wp:term":[{"taxonomy":"product_brand","embeddable":true,"href":"https:\/\/fts.you2.pl\/de\/wp-json\/wp\/v2\/product_brand?post=3125"},{"taxonomy":"product_cat","embeddable":true,"href":"https:\/\/fts.you2.pl\/de\/wp-json\/wp\/v2\/product_cat?post=3125"},{"taxonomy":"product_tag","embeddable":true,"href":"https:\/\/fts.you2.pl\/de\/wp-json\/wp\/v2\/product_tag?post=3125"}],"curies":[{"name":"wp","href":"https:\/\/api.w.org\/{rel}","templated":true}]}}