{"id":3127,"date":"2025-07-11T09:56:37","date_gmt":"2025-07-11T07:56:37","guid":{"rendered":"https:\/\/fts.you2.pl\/index.php\/produkt\/koszulka-pilkarska-arabia-saudyjska-2006-08-home-l\/"},"modified":"2025-09-19T16:59:39","modified_gmt":"2025-09-19T14:59:39","slug":"koszulka-pilkarska-arabia-saudyjska-2006-08-home-l","status":"publish","type":"product","link":"https:\/\/fts.you2.pl\/de\/koszulka-pilkarska-arabia-saudyjska-2006-08-home-l\/","title":{"rendered":"Koszulka pi\u0142karska Arabia Saudyjska 2006\/08 Home [L]"},"content":{"rendered":"<p><strong>Klub:<\/strong> Arabia Saudyjska<\/p>\n<p><strong>Sezon:<\/strong> 2006\/08 Home<\/p>\n<p><strong>Rozmiar: <\/strong>L<\/p>\n<p><strong>Stan:<\/strong> Bardzo dobry &#8211; nieznacznie zmechacony materia\u0142 na plecach.<\/p>\n<p><strong>Wymiary (szeroko\u015b\u0107 pod pachami\/d\u0142ugo\u015b\u0107) w cm: <\/strong>56\/76<\/p>","protected":false},"excerpt":{"rendered":"<article class=\"text-token-text-primary w-full focus:outline-none scroll-mt-[calc(var(--header-height)+min(200px,max(70px,20svh)))]\" dir=\"auto\" tabindex=\"-1\" data-testid=\"conversation-turn-118\" data-scroll-anchor=\"true\" data-turn=\"assistant\">\n<div class=\"text-base my-auto mx-auto pb-10 [--thread-content-margin:--spacing(4)] @[37rem]:[--thread-content-margin:--spacing(6)] @[72rem]:[--thread-content-margin:--spacing(16)] px-(--thread-content-margin)\">\n<div class=\"[--thread-content-max-width:32rem] @[34rem]:[--thread-content-max-width:40rem] @[64rem]:[--thread-content-max-width:48rem] mx-auto max-w-(--thread-content-max-width) flex-1 group\/turn-messages focus-visible:outline-hidden relative flex w-full min-w-0 flex-col agent-turn\" tabindex=\"-1\">\n<div class=\"flex max-w-full flex-col grow\">\n<div class=\"min-h-8 text-message relative flex w-full flex-col items-end gap-2 text-start break-words whitespace-normal [.text-message+&amp;]:mt-5\" dir=\"auto\" data-message-author-role=\"assistant\" data-message-id=\"80caf3ad-ca03-48bc-ae26-cc8a78d91ad7\" data-message-model-slug=\"gpt-4o\">\n<div class=\"flex w-full flex-col gap-1 empty:hidden first:pt-[3px]\">\n<div class=\"markdown prose dark:prose-invert w-full break-words light markdown-new-styling\">\n<p data-start=\"0\" data-end=\"119\"><strong data-start=\"0\" data-end=\"117\">Oryginalna koszulka pi\u0142karska reprezentacji Arabii Saudyjskiej z lat 2006\u20132008 w wersji domowej \u2013 produkcji Pumy.<\/strong><\/p>\n<p data-start=\"121\" data-end=\"565\">Ta <strong data-start=\"124\" data-end=\"187\">oryginalna domowa koszulka reprezentacji Arabii Saudyjskiej<\/strong> z lat <strong data-start=\"194\" data-end=\"207\">2006\u20132008<\/strong> to oficjalny model meczowy wyprodukowany przez <strong data-start=\"255\" data-end=\"263\">Pum\u0119<\/strong>, kt\u00f3ry by\u0142 u\u017cywany przez \u201eZielone Soko\u0142y\u201d podczas <strong data-start=\"314\" data-end=\"352\">Mistrzostw \u015awiata 2006 w Niemczech<\/strong> oraz w meczach kwalifikacyjnych i towarzyskich. Koszulka utrzymana jest w <strong data-start=\"427\" data-end=\"459\">tradycyjnym bia\u0142ym kolorze<\/strong>, z <strong data-start=\"463\" data-end=\"484\">zielonymi wstawkami<\/strong> na ramionach i ko\u0142nierzyku, nawi\u0105zuj\u0105cymi do narodowych barw Arabii Saudyjskiej.<\/p>\n<p data-start=\"567\" data-end=\"878\">Na piersi umieszczony zosta\u0142 <strong data-start=\"596\" data-end=\"631\">haftowany herb federacji (SAFF)<\/strong> oraz logo <strong data-start=\"642\" data-end=\"650\">Puma<\/strong> z epoki, a ca\u0142o\u015b\u0107 wyr\u00f3\u017cnia si\u0119 charakterystycznym dla lat 2000. krojem \u2013 lekko sportowym, ale jeszcze w stylistyce poprzedniej dekady. Koszulka wykonana jest z lekkiego materia\u0142u, kt\u00f3ry zapewnia komfort noszenia i oddychalno\u015b\u0107.<\/p>\n<p data-start=\"880\" data-end=\"1220\" data-is-last-node=\"\" data-is-only-node=\"\">Model ten to doskona\u0142a propozycja dla <strong data-start=\"918\" data-end=\"957\">kolekcjoner\u00f3w koszulek mundialowych<\/strong>, fan\u00f3w <strong data-start=\"965\" data-end=\"986\">pi\u0142ki azjatyckiej<\/strong> oraz sympatyk\u00f3w <strong data-start=\"1003\" data-end=\"1039\">reprezentacji Arabii Saudyjskiej<\/strong>, szczeg\u00f3lnie z okresu jej sta\u0142ej obecno\u015bci na \u015bwiatowej scenie pi\u0142karskiej. Koszulka \u0142\u0105czy <strong data-start=\"1131\" data-end=\"1149\">funkcjonalno\u015b\u0107<\/strong>, <strong data-start=\"1151\" data-end=\"1173\">to\u017csamo\u015b\u0107 narodow\u0105<\/strong> i <strong data-start=\"1176\" data-end=\"1219\">retro klimat mi\u0119dzynarodowych turniej\u00f3w<\/strong>.<\/p>\n<\/div>\n<\/div>\n<\/div>\n<\/div>\n<\/div>\n<\/div>\n<\/article>","protected":false},"featured_media":14625,"template":"","meta":{"_kad_blocks_custom_css":"","_kad_blocks_head_custom_js":"","_kad_blocks_body_custom_js":"","_kad_blocks_footer_custom_js":"","_kad_post_transparent":"","_kad_post_title":"","_kad_post_layout":"","_kad_post_sidebar_id":"","_kad_post_content_style":"","_kad_post_vertical_padding":"","_kad_post_feature":"","_kad_post_feature_position":"","_kad_post_header":false,"_kad_post_footer":false},"product_brand":[86],"product_cat":[140,22],"product_tag":[],"class_list":{"0":"post-3127","1":"product","2":"type-product","3":"status-publish","4":"has-post-thumbnail","6":"product_brand-puma","7":"product_cat-azja","8":"product_cat-reprezentacje","9":"pa_rozmiar-l","11":"first","12":"instock","13":"taxable","14":"shipping-taxable","15":"purchasable","16":"product-type-simple","17":"entry","18":"content-bg","19":"loop-entry"},"taxonomy_info":{"product_brand":[{"value":86,"label":"Puma"}],"product_cat":[{"value":140,"label":"Azja"},{"value":22,"label":"REPREZENTACJE"}],"pa_rozmiar":[{"value":39,"label":"L"}]},"featured_image_src_large":["https:\/\/fts.you2.pl\/wp-content\/uploads\/2025\/09\/Photoroom_036_20250801_191221-1024x1024.png",1024,1024,true],"author_info":[],"comment_info":"","_links":{"self":[{"href":"https:\/\/fts.you2.pl\/de\/wp-json\/wp\/v2\/product\/3127","targetHints":{"allow":["GET"]}}],"collection":[{"href":"https:\/\/fts.you2.pl\/de\/wp-json\/wp\/v2\/product"}],"about":[{"href":"https:\/\/fts.you2.pl\/de\/wp-json\/wp\/v2\/types\/product"}],"wp:featuredmedia":[{"embeddable":true,"href":"https:\/\/fts.you2.pl\/de\/wp-json\/wp\/v2\/media\/14625"}],"wp:attachment":[{"href":"https:\/\/fts.you2.pl\/de\/wp-json\/wp\/v2\/media?parent=3127"}],"wp:term":[{"taxonomy":"product_brand","embeddable":true,"href":"https:\/\/fts.you2.pl\/de\/wp-json\/wp\/v2\/product_brand?post=3127"},{"taxonomy":"product_cat","embeddable":true,"href":"https:\/\/fts.you2.pl\/de\/wp-json\/wp\/v2\/product_cat?post=3127"},{"taxonomy":"product_tag","embeddable":true,"href":"https:\/\/fts.you2.pl\/de\/wp-json\/wp\/v2\/product_tag?post=3127"}],"curies":[{"name":"wp","href":"https:\/\/api.w.org\/{rel}","templated":true}]}}