{"id":3128,"date":"2025-07-13T15:47:21","date_gmt":"2025-07-13T13:47:21","guid":{"rendered":"https:\/\/fts.you2.pl\/index.php\/produkt\/ks-cracovia-2014-15-home-xl\/"},"modified":"2025-09-19T17:00:06","modified_gmt":"2025-09-19T15:00:06","slug":"ks-cracovia-2014-15-home-xl","status":"publish","type":"product","link":"https:\/\/fts.you2.pl\/de\/ks-cracovia-2014-15-home-xl\/","title":{"rendered":"Koszulka pi\u0142karska KS Cracovia 2014\/15 Home [XL]"},"content":{"rendered":"<p><strong>Klub:<\/strong> KS Cracovia<\/p>\n<p><strong>Sezon:<\/strong> 2014\/15 Home<\/p>\n<p><strong>Rozmiar: <\/strong>XL<\/p>\n<p><strong>Stan:<\/strong> Zadowalaj\u0105cy &#8211; dwie plamy, z przodu oraz z ty\u0142u koszulki. Widoczne z bliska.<\/p>\n<p><strong>Wymiary (szeroko\u015b\u0107 pod pachami\/d\u0142ugo\u015b\u0107) w cm: <\/strong>53\/76(prz\u00f3d), 84(ty\u0142)<\/p>","protected":false},"excerpt":{"rendered":"<p>Oryginalna <strong data-start=\"253\" data-end=\"308\">domowa koszulka pi\u0142karska Cracovii z sezonu 2014\/15<\/strong>, wyprodukowana przez firm\u0119 <strong data-start=\"336\" data-end=\"345\">Legea<\/strong>. Klasyczne bia\u0142o-czerwone pasy, minimalistyczne detale i herb \u201ePas\u00f3w\u201d na piersi \u2013 ten model to po\u0142\u0105czenie tradycji najstarszego klubu pi\u0142karskiego w <strong>Polsce<\/strong> z w\u0142oskim stylem sportowym. Koszulka by\u0142a u\u017cywana m.in. podczas mecz\u00f3w<strong> Ekstraklasy<\/strong> w sezonie, w kt\u00f3rym Cracovia walczy\u0142a o stabilizacj\u0119 w g\u00f3rnej cz\u0119\u015bci tabeli. Idealna dla kibic\u00f3w <strong>Pas\u00f3w<\/strong> oraz kolekcjoner\u00f3w rzadziej spotykanych koszulek z<strong> polskich boisk<\/strong>.<\/p>","protected":false},"featured_media":14634,"template":"","meta":{"_kad_blocks_custom_css":"","_kad_blocks_head_custom_js":"","_kad_blocks_body_custom_js":"","_kad_blocks_footer_custom_js":"","_kad_post_transparent":"","_kad_post_title":"","_kad_post_layout":"","_kad_post_sidebar_id":"","_kad_post_content_style":"","_kad_post_vertical_padding":"","_kad_post_feature":"","_kad_post_feature_position":"","_kad_post_header":false,"_kad_post_footer":false},"product_brand":[243],"product_cat":[31,159,160],"product_tag":[],"class_list":{"0":"post-3128","1":"product","2":"type-product","3":"status-publish","4":"has-post-thumbnail","6":"product_brand-legea","7":"product_cat-kluby-europejskie","8":"product_cat-kluby-polskie","9":"product_cat-pozostale-kluby-polskie","10":"pa_rozmiar-xl","12":"first","13":"instock","14":"taxable","15":"shipping-taxable","16":"purchasable","17":"product-type-simple","18":"entry","19":"content-bg","20":"loop-entry"},"taxonomy_info":{"product_brand":[{"value":243,"label":"Legea"}],"product_cat":[{"value":31,"label":"Kluby Europejskie"},{"value":159,"label":"Kluby Polskie"},{"value":160,"label":"Pozosta\u0142e kluby polskie"}],"pa_rozmiar":[{"value":57,"label":"XL"}]},"featured_image_src_large":["https:\/\/fts.you2.pl\/wp-content\/uploads\/2025\/09\/Photoroom_076_20250710_202438-1024x1024.png",1024,1024,true],"author_info":[],"comment_info":"","_links":{"self":[{"href":"https:\/\/fts.you2.pl\/de\/wp-json\/wp\/v2\/product\/3128","targetHints":{"allow":["GET"]}}],"collection":[{"href":"https:\/\/fts.you2.pl\/de\/wp-json\/wp\/v2\/product"}],"about":[{"href":"https:\/\/fts.you2.pl\/de\/wp-json\/wp\/v2\/types\/product"}],"wp:featuredmedia":[{"embeddable":true,"href":"https:\/\/fts.you2.pl\/de\/wp-json\/wp\/v2\/media\/14634"}],"wp:attachment":[{"href":"https:\/\/fts.you2.pl\/de\/wp-json\/wp\/v2\/media?parent=3128"}],"wp:term":[{"taxonomy":"product_brand","embeddable":true,"href":"https:\/\/fts.you2.pl\/de\/wp-json\/wp\/v2\/product_brand?post=3128"},{"taxonomy":"product_cat","embeddable":true,"href":"https:\/\/fts.you2.pl\/de\/wp-json\/wp\/v2\/product_cat?post=3128"},{"taxonomy":"product_tag","embeddable":true,"href":"https:\/\/fts.you2.pl\/de\/wp-json\/wp\/v2\/product_tag?post=3128"}],"curies":[{"name":"wp","href":"https:\/\/api.w.org\/{rel}","templated":true}]}}