{"id":3133,"date":"2025-07-20T15:51:04","date_gmt":"2025-07-20T13:51:04","guid":{"rendered":"https:\/\/fts.you2.pl\/index.php\/produkt\/koszulka-pilkarska-argentyna-2004-06-home-l\/"},"modified":"2025-09-19T17:02:43","modified_gmt":"2025-09-19T15:02:43","slug":"koszulka-pilkarska-argentyna-2004-06-home-l","status":"publish","type":"product","link":"https:\/\/fts.you2.pl\/de\/koszulka-pilkarska-argentyna-2004-06-home-l\/","title":{"rendered":"Koszulka pi\u0142karska Argentyna 2004\/06 Home [L]"},"content":{"rendered":"<p><strong>Klub:<\/strong> Argentyna<\/p>\n<p><strong>Sezon:<\/strong> 2004\/06 Home<\/p>\n<p><strong>Rozmiar: <\/strong>L<\/p>\n<p><strong>Stan:<\/strong> S\u0142aby &#8211; dwie dziury na lewym r\u0119kawku oraz drobne zabrudzenia na froncie i jedno na plecach.<\/p>\n<p><strong>Wymiary (szeroko\u015b\u0107 pod pachami\/d\u0142ugo\u015b\u0107) w cm: <\/strong>57\/67(prz\u00f3d), 67(ty\u0142)<\/p>","protected":false},"excerpt":{"rendered":"<p data-start=\"59\" data-end=\"134\"><strong data-start=\"59\" data-end=\"132\">Oryginalna domowa koszulka pi\u0142karska reprezentacji Argentyny z lat 2004\u20132006 \u2013 Adidas<\/strong><\/p>\n<p data-start=\"136\" data-end=\"552\">Przed Tob\u0105 <strong data-start=\"147\" data-end=\"227\">oryginalna domowa koszulka pi\u0142karska reprezentacji Argentyny z lat 2004\u20132006<\/strong>, wyprodukowana przez <strong data-start=\"249\" data-end=\"260\">Adidasa<\/strong>, czyli mark\u0119, kt\u00f3ra od lat tworzy jedne z najbardziej kultowych stroj\u00f3w Albicelestes. Klasyczny design w bia\u0142o-b\u0142\u0119kitne pasy to kwintesencja argenty\u0144skiej tradycji pi\u0142karskiej \u2013 elegancki, rozpoznawalny na ca\u0142ym \u015bwiecie i nierozerwalnie kojarz\u0105cy si\u0119 z pasj\u0105 futbolu z Ameryki Po\u0142udniowej.<\/p>\n<p data-start=\"554\" data-end=\"1116\">W tej koszulce <strong data-start=\"569\" data-end=\"582\">Argentyna<\/strong> rywalizowa\u0142a m.in. w <strong data-start=\"604\" data-end=\"625\">Copa Am\u00e9rica 2004<\/strong>, gdzie dotar\u0142a a\u017c do fina\u0142u, oraz w <strong data-start=\"662\" data-end=\"718\">kwalifikacjach do Mistrzostw \u015awiata 2006 w Niemczech<\/strong>. To w\u0142a\u015bnie w tych latach b\u0142yszczeli tacy gracze jak charyzmatyczny <strong data-start=\"787\" data-end=\"810\">Juan Rom\u00e1n Riquelme<\/strong>, skuteczny napastnik <strong data-start=\"832\" data-end=\"849\">Hern\u00e1n Crespo<\/strong>, a tak\u017ce m\u0142odziutki <strong data-start=\"870\" data-end=\"886\">Carlos T\u00e9vez<\/strong>, kt\u00f3ry dopiero wchodzi\u0142 na wielk\u0105 scen\u0119. W barwach Albicelestes pojawiali si\u0119 te\u017c niezawodni defensywni wojownicy jak <strong data-start=\"1005\" data-end=\"1022\">Roberto Ayala<\/strong> czy <strong data-start=\"1027\" data-end=\"1045\">Javier Zanetti<\/strong>, buduj\u0105c fundamenty dru\u017cyny, kt\u00f3ra zawsze walczy\u0142a o najwy\u017csze cele.<\/p>\n<p data-start=\"1118\" data-end=\"1371\">Koszulka Adidasa z tego okresu wyr\u00f3\u017cnia si\u0119 lekko\u015bci\u0105 i wygodnym krojem, a charakterystyczne <strong data-start=\"1211\" data-end=\"1238\">trzy paski na ramionach<\/strong> dodaj\u0105 jej sportowego charakteru. To model, kt\u00f3ry \u0142\u0105czy w sobie klasyk\u0119 argenty\u0144skiego stylu z nowoczesn\u0105 technologi\u0105 tamtych lat.<\/p>\n<p data-start=\"1373\" data-end=\"1646\">Dla kolekcjoner\u00f3w i fan\u00f3w futbolu z Ameryki Po\u0142udniowej to absolutny <strong data-start=\"1442\" data-end=\"1455\">must-have<\/strong> \u2013 symbol ery, w kt\u00f3rej Argentyna walczy\u0142a o powr\u00f3t na pi\u0142karski szczyt. Idealna dla tych, kt\u00f3rzy chc\u0105 poczu\u0107 klimat mecz\u00f3w rozgrywanych na legendarnych stadionach Buenos Aires czy Rosario.<\/p>","protected":false},"featured_media":14689,"template":"","meta":{"_kad_blocks_custom_css":"","_kad_blocks_head_custom_js":"","_kad_blocks_body_custom_js":"","_kad_blocks_footer_custom_js":"","_kad_post_transparent":"","_kad_post_title":"","_kad_post_layout":"","_kad_post_sidebar_id":"","_kad_post_content_style":"","_kad_post_vertical_padding":"","_kad_post_feature":"","_kad_post_feature_position":"","_kad_post_header":false,"_kad_post_footer":false},"product_brand":[45],"product_cat":[77,268,22],"product_tag":[],"class_list":{"0":"post-3133","1":"product","2":"type-product","3":"status-publish","4":"has-post-thumbnail","6":"product_brand-adidas","7":"product_cat-ameryka-poludniowa-reprezentacje","8":"product_cat-argentyna","9":"product_cat-reprezentacje","10":"pa_rozmiar-l","12":"first","13":"instock","14":"taxable","15":"shipping-taxable","16":"purchasable","17":"product-type-simple","18":"entry","19":"content-bg","20":"loop-entry"},"taxonomy_info":{"product_brand":[{"value":45,"label":"Adidas"}],"product_cat":[{"value":77,"label":"Ameryka Po\u0142udniowa"},{"value":268,"label":"Argentyna"},{"value":22,"label":"REPREZENTACJE"}],"pa_rozmiar":[{"value":39,"label":"L"}]},"featured_image_src_large":["https:\/\/fts.you2.pl\/wp-content\/uploads\/2025\/09\/Photoroom_022_20250716_163200-1024x1024.png",1024,1024,true],"author_info":[],"comment_info":"","_links":{"self":[{"href":"https:\/\/fts.you2.pl\/de\/wp-json\/wp\/v2\/product\/3133","targetHints":{"allow":["GET"]}}],"collection":[{"href":"https:\/\/fts.you2.pl\/de\/wp-json\/wp\/v2\/product"}],"about":[{"href":"https:\/\/fts.you2.pl\/de\/wp-json\/wp\/v2\/types\/product"}],"wp:featuredmedia":[{"embeddable":true,"href":"https:\/\/fts.you2.pl\/de\/wp-json\/wp\/v2\/media\/14689"}],"wp:attachment":[{"href":"https:\/\/fts.you2.pl\/de\/wp-json\/wp\/v2\/media?parent=3133"}],"wp:term":[{"taxonomy":"product_brand","embeddable":true,"href":"https:\/\/fts.you2.pl\/de\/wp-json\/wp\/v2\/product_brand?post=3133"},{"taxonomy":"product_cat","embeddable":true,"href":"https:\/\/fts.you2.pl\/de\/wp-json\/wp\/v2\/product_cat?post=3133"},{"taxonomy":"product_tag","embeddable":true,"href":"https:\/\/fts.you2.pl\/de\/wp-json\/wp\/v2\/product_tag?post=3133"}],"curies":[{"name":"wp","href":"https:\/\/api.w.org\/{rel}","templated":true}]}}