{"id":3134,"date":"2025-07-20T15:51:04","date_gmt":"2025-07-20T13:51:04","guid":{"rendered":"https:\/\/fts.you2.pl\/index.php\/produkt\/koszulka-pilkarska-brazylia-2004-06-home-m\/"},"modified":"2025-09-19T17:03:09","modified_gmt":"2025-09-19T15:03:09","slug":"koszulka-pilkarska-brazylia-2004-06-home-m","status":"publish","type":"product","link":"https:\/\/fts.you2.pl\/de\/koszulka-pilkarska-brazylia-2004-06-home-m\/","title":{"rendered":"Koszulka pi\u0142karska Brazylia 2004\/06 Home [M]"},"content":{"rendered":"<p><strong>Klub:<\/strong> Brazylia<\/p>\n<p><strong>Sezon:<\/strong> 2004\/06 Home<\/p>\n<p><strong>Rozmiar: <\/strong>M<\/p>\n<p><strong>Stan:<\/strong> Bardzo dobry &#8211; kilka mikro zaci\u0105gni\u0119\u0107.<\/p>\n<p><strong>Wymiary (szeroko\u015b\u0107 pod pachami\/d\u0142ugo\u015b\u0107) w cm: <\/strong>48\/70<\/p>","protected":false},"excerpt":{"rendered":"<p data-start=\"155\" data-end=\"572\">Klasyczna <strong data-start=\"165\" data-end=\"192\">\u017c\u00f3\u0142ta koszulka pi\u0142karska reprezentacji Brazylii<\/strong> z lat 2004\u20132006 to symbol jednego z najbardziej efektownych okres\u00f3w w historii <em data-start=\"272\" data-end=\"284\">Canarinhos<\/em>. Wyprodukowana przez <strong data-start=\"306\" data-end=\"314\">Nike<\/strong>, \u0142\u0105czy w sobie lekko\u015b\u0107, wygod\u0119 i kultowy design z zielonymi wstawkami na ko\u0142nierzu i r\u0119kawach. To w\u0142a\u015bnie w tych strojach Brazylia prezentowa\u0142a sw\u00f3j ofensywny, widowiskowy styl, oparty na niezwyk\u0142ych umiej\u0119tno\u015bciach technicznych gwiazd \u015bwiatowego futbolu.<\/p>\n<p data-start=\"574\" data-end=\"913\">W tym czasie barwy Brazylii reprezentowali najlepsi z najlepszych \u2013 <strong data-start=\"642\" data-end=\"686\">Ronaldinho, Ronaldo, Kak\u00e1, Adriano, Cafu<\/strong> czy <strong>Roberto Carlos<\/strong>. To w tej koszulce <em data-start=\"725\" data-end=\"734\">Sele\u00e7\u00e3o<\/em> triumfowa\u0142a w <strong data-start=\"749\" data-end=\"770\">Copa Am\u00e9rica 2004<\/strong> oraz zdoby\u0142a <strong data-start=\"784\" data-end=\"812\">Puchar Konfederacji 2005<\/strong>, pokazuj\u0105c, \u017ce po mistrzostwie \u015bwiata w 2002 roku wci\u0105\u017c s\u0105 jedn\u0105 z najpot\u0119\u017cniejszych dru\u017cyn globu.<\/p>\n<p data-start=\"915\" data-end=\"1171\">Model od Nike cechuje si\u0119 <strong data-start=\"941\" data-end=\"973\">doskona\u0142\u0105 jako\u015bci\u0105 wykonania<\/strong> i lekko dopasowanym krojem, kt\u00f3ry w tamtym okresie by\u0142 nowoczesnym rozwi\u0105zaniem. Minimalistyczny herb CBF oraz klasyczne logo Nike sprawiaj\u0105, \u017ce koszulka do dzi\u015b wygl\u0105da elegancko i ponadczasowo.<\/p>\n<p data-start=\"1173\" data-end=\"1318\">To idealna propozycja dla ka\u017cdego fana <strong data-start=\"1212\" data-end=\"1238\">reprezentacji Brazylii<\/strong>, kolekcjonera koszulek pi\u0142karskich czy mi\u0142o\u015bnika z\u0142otej ery futbolu lat 2000.<\/p>","protected":false},"featured_media":14699,"template":"","meta":{"_kad_blocks_custom_css":"","_kad_blocks_head_custom_js":"","_kad_blocks_body_custom_js":"","_kad_blocks_footer_custom_js":"","_kad_post_transparent":"","_kad_post_title":"","_kad_post_layout":"","_kad_post_sidebar_id":"","_kad_post_content_style":"","_kad_post_vertical_padding":"","_kad_post_feature":"","_kad_post_feature_position":"","_kad_post_header":false,"_kad_post_footer":false},"product_brand":[55],"product_cat":[77,78,22],"product_tag":[],"class_list":{"0":"post-3134","1":"product","2":"type-product","3":"status-publish","4":"has-post-thumbnail","6":"product_brand-nike","7":"product_cat-ameryka-poludniowa-reprezentacje","8":"product_cat-brazylia","9":"product_cat-reprezentacje","10":"pa_rozmiar-m","12":"first","13":"instock","14":"taxable","15":"shipping-taxable","16":"purchasable","17":"product-type-simple","18":"entry","19":"content-bg","20":"loop-entry"},"taxonomy_info":{"product_brand":[{"value":55,"label":"Nike"}],"product_cat":[{"value":77,"label":"Ameryka Po\u0142udniowa"},{"value":78,"label":"Brazylia"},{"value":22,"label":"REPREZENTACJE"}],"pa_rozmiar":[{"value":28,"label":"M"}]},"featured_image_src_large":["https:\/\/fts.you2.pl\/wp-content\/uploads\/2025\/09\/Photoroom_032_20250716_163200-1024x1024.png",1024,1024,true],"author_info":[],"comment_info":"","_links":{"self":[{"href":"https:\/\/fts.you2.pl\/de\/wp-json\/wp\/v2\/product\/3134","targetHints":{"allow":["GET"]}}],"collection":[{"href":"https:\/\/fts.you2.pl\/de\/wp-json\/wp\/v2\/product"}],"about":[{"href":"https:\/\/fts.you2.pl\/de\/wp-json\/wp\/v2\/types\/product"}],"wp:featuredmedia":[{"embeddable":true,"href":"https:\/\/fts.you2.pl\/de\/wp-json\/wp\/v2\/media\/14699"}],"wp:attachment":[{"href":"https:\/\/fts.you2.pl\/de\/wp-json\/wp\/v2\/media?parent=3134"}],"wp:term":[{"taxonomy":"product_brand","embeddable":true,"href":"https:\/\/fts.you2.pl\/de\/wp-json\/wp\/v2\/product_brand?post=3134"},{"taxonomy":"product_cat","embeddable":true,"href":"https:\/\/fts.you2.pl\/de\/wp-json\/wp\/v2\/product_cat?post=3134"},{"taxonomy":"product_tag","embeddable":true,"href":"https:\/\/fts.you2.pl\/de\/wp-json\/wp\/v2\/product_tag?post=3134"}],"curies":[{"name":"wp","href":"https:\/\/api.w.org\/{rel}","templated":true}]}}