{"id":3137,"date":"2025-07-20T15:51:02","date_gmt":"2025-07-20T13:51:02","guid":{"rendered":"https:\/\/fts.you2.pl\/index.php\/produkt\/koszulka-pilkarska-fc-barcelona-2009-10-away-2-dani-alves-s-spodenki\/"},"modified":"2025-09-19T17:04:26","modified_gmt":"2025-09-19T15:04:26","slug":"koszulka-pilkarska-fc-barcelona-2009-10-away-2-dani-alves-s-spodenki","status":"publish","type":"product","link":"https:\/\/fts.you2.pl\/de\/koszulka-pilkarska-fc-barcelona-2009-10-away-2-dani-alves-s-spodenki\/","title":{"rendered":"Koszulka pi\u0142karska FC Barcelona 2009\/10 Away 2 Dani Alves [S] + SPODENKI"},"content":{"rendered":"<p><strong>Klub:<\/strong> Koszulka pi\u0142karska FC Barcelona<\/p>\n<p><strong>Sezon:<\/strong> 2009\/10 Away<\/p>\n<p><strong>Rozmiar: <\/strong>S<\/p>\n<p><strong>Stan:<\/strong> Zadowalaj\u0105cy &#8211; \u015blad po zaszytej dziurce na plecach oraz zauwa\u017calnie pop\u0119kany nadruk.<\/p>\n<p><strong>Wymiary (szeroko\u015b\u0107 pod pachami\/d\u0142ugo\u015b\u0107) w cm: <\/strong>50\/69<\/p>\n<p><strong>Dodatkowe informacje:<\/strong> Do zestawu z koszulk\u0105 do\u0142\u0105czone s\u0105 oryginalne spodenki z numerem zawodnika.<\/p>","protected":false},"excerpt":{"rendered":"<p data-start=\"0\" data-end=\"69\"><strong data-start=\"0\" data-end=\"67\">Oryginalna wyjazdowa koszulka FC Barcelony 2009\/10 \u2013 Dani Alves<\/strong><\/p>\n<p data-start=\"71\" data-end=\"598\">Przed Tob\u0105 <strong data-start=\"82\" data-end=\"155\">oryginalna wyjazdowa koszulka pi\u0142karska FC Barcelony z sezonu 2009\/10<\/strong>, produkcji <strong data-start=\"167\" data-end=\"175\">Nike<\/strong>, z nadrukiem <strong data-start=\"189\" data-end=\"207\">Daniego Alvesa<\/strong> \u2013 jednego z najlepszych prawych obro\u0144c\u00f3w w historii futbolu. Ten sezon by\u0142 kontynuacj\u0105 dominacji <strong data-start=\"305\" data-end=\"329\">Bar\u00e7y Pepa Guardioli<\/strong>, kt\u00f3ra po historycznym <strong data-start=\"353\" data-end=\"377\">Sextuple w 2009 roku<\/strong> dalej zachwyca\u0142a ofensywnym stylem gry. Dani Alves, s\u0142yn\u0105cy z niesamowitej dynamiki, techniki i genialnych do\u015brodkowa\u0144, by\u0142 kluczowym elementem tej dru\u017cyny, wspieraj\u0105c <strong data-start=\"546\" data-end=\"577\">Messiego, Xaviego i Iniest\u0119<\/strong> w kreowaniu akcji.<\/p>\n<p data-start=\"600\" data-end=\"938\">Koszulka wyr\u00f3\u017cnia si\u0119 <strong data-start=\"622\" data-end=\"705\">\u0142osoiowym kolorem z subtelnymi detalami w barwach klubowych \u2013 granatu i bordo<\/strong>, a tak\u017ce eleganckim logotypem UNICEF, podkre\u015blaj\u0105cym zaanga\u017cowanie Blaugrany w dzia\u0142ania charytatywne. Na plecach widnieje oryginalny nadruk <strong data-start=\"847\" data-end=\"863\">Dani Alves 2<\/strong>, a ca\u0142o\u015b\u0107 dope\u0142niaj\u0105 herb klubu i logo Nike, gwarantuj\u0105ce autentyczno\u015b\u0107.<\/p>\n<p data-start=\"940\" data-end=\"1171\">Wykonana z lekkiego materia\u0142u <strong data-start=\"970\" data-end=\"981\">Dri-FIT<\/strong>, zapewnia komfort zar\u00f3wno na boisku, jak i w codziennym u\u017cytkowaniu. To \u015bwietny wyb\u00f3r dla fan\u00f3w Bar\u00e7y, kolekcjoner\u00f3w oraz ka\u017cdego, kto chce poczu\u0107 klimat z\u0142otej ery katalo\u0144skiego futbolu.<\/p>","protected":false},"featured_media":14723,"template":"","meta":{"_kad_blocks_custom_css":"","_kad_blocks_head_custom_js":"","_kad_blocks_body_custom_js":"","_kad_blocks_footer_custom_js":"","_kad_post_transparent":"","_kad_post_title":"","_kad_post_layout":"","_kad_post_sidebar_id":"","_kad_post_content_style":"","_kad_post_vertical_padding":"","_kad_post_feature":"","_kad_post_feature_position":"","_kad_post_header":false,"_kad_post_footer":false},"product_brand":[55],"product_cat":[248,31,87],"product_tag":[],"class_list":{"0":"post-3137","1":"product","2":"type-product","3":"status-publish","4":"has-post-thumbnail","6":"product_brand-nike","7":"product_cat-fc-barcelona","8":"product_cat-kluby-europejskie","9":"product_cat-kluby-hiszpanskie","10":"pa_rozmiar-s","12":"first","13":"instock","14":"taxable","15":"shipping-taxable","16":"purchasable","17":"product-type-simple","18":"entry","19":"content-bg","20":"loop-entry"},"taxonomy_info":{"product_brand":[{"value":55,"label":"Nike"}],"product_cat":[{"value":248,"label":"FC Barcelona"},{"value":31,"label":"Kluby Europejskie"},{"value":87,"label":"Kluby Hiszpa\u0144skie"}],"pa_rozmiar":[{"value":19,"label":"S"}]},"featured_image_src_large":["https:\/\/fts.you2.pl\/wp-content\/uploads\/2025\/09\/Photoroom_019_20250716_163200-1024x1024.png",1024,1024,true],"author_info":[],"comment_info":"","_links":{"self":[{"href":"https:\/\/fts.you2.pl\/de\/wp-json\/wp\/v2\/product\/3137","targetHints":{"allow":["GET"]}}],"collection":[{"href":"https:\/\/fts.you2.pl\/de\/wp-json\/wp\/v2\/product"}],"about":[{"href":"https:\/\/fts.you2.pl\/de\/wp-json\/wp\/v2\/types\/product"}],"wp:featuredmedia":[{"embeddable":true,"href":"https:\/\/fts.you2.pl\/de\/wp-json\/wp\/v2\/media\/14723"}],"wp:attachment":[{"href":"https:\/\/fts.you2.pl\/de\/wp-json\/wp\/v2\/media?parent=3137"}],"wp:term":[{"taxonomy":"product_brand","embeddable":true,"href":"https:\/\/fts.you2.pl\/de\/wp-json\/wp\/v2\/product_brand?post=3137"},{"taxonomy":"product_cat","embeddable":true,"href":"https:\/\/fts.you2.pl\/de\/wp-json\/wp\/v2\/product_cat?post=3137"},{"taxonomy":"product_tag","embeddable":true,"href":"https:\/\/fts.you2.pl\/de\/wp-json\/wp\/v2\/product_tag?post=3137"}],"curies":[{"name":"wp","href":"https:\/\/api.w.org\/{rel}","templated":true}]}}