{"id":3142,"date":"2025-07-20T15:50:57","date_gmt":"2025-07-20T13:50:57","guid":{"rendered":"https:\/\/fts.you2.pl\/index.php\/produkt\/koszulka-pilkarska-jamajka-2002-04-home-s-m\/"},"modified":"2025-09-19T17:06:39","modified_gmt":"2025-09-19T15:06:39","slug":"koszulka-pilkarska-jamajka-2002-04-home-s-m","status":"publish","type":"product","link":"https:\/\/fts.you2.pl\/de\/koszulka-pilkarska-jamajka-2002-04-home-s-m\/","title":{"rendered":"Koszulka pi\u0142karska Jamajka 2002\/04 Home [S\/M]"},"content":{"rendered":"<p><strong>Klub:<\/strong> Koszulka pi\u0142karska Jamajka<\/p>\n<p><strong>Sezon:<\/strong> 2002\/04 Home<\/p>\n<p><strong>Rozmiar: <\/strong>S\/M<\/p>\n<p><strong>Stan:<\/strong> Bardzo dobry &#8211; kilka mikro zaci\u0105gni\u0119\u0107.<\/p>\n<p><strong>Wymiary (szeroko\u015b\u0107 pod pachami\/d\u0142ugo\u015b\u0107) w cm: <\/strong>51\/66<\/p>","protected":false},"excerpt":{"rendered":"<p data-start=\"0\" data-end=\"81\"><strong data-start=\"0\" data-end=\"79\">Oryginalna domowa koszulka reprezentacji Jamajki z lat 2002\u20132004 \u2013 Uhlsport.<\/strong><\/p>\n<p data-start=\"83\" data-end=\"632\">Ta <strong data-start=\"86\" data-end=\"152\">oryginalna domowa koszulka pi\u0142karska reprezentacji Jamajki z lat 2002-04<\/strong> to prawdziwa gratka dla fan\u00f3w egzotycznego futbolu i mi\u0142o\u015bnik\u00f3w unikalnych pi\u0142karskich trykot\u00f3w. Wyprodukowana przez <strong data-start=\"270\" data-end=\"282\">Uhlsport<\/strong>, wyr\u00f3\u017cnia si\u0119 charakterystycznym, \u017cywym <strong data-start=\"323\" data-end=\"341\">\u017c\u00f3\u0142tym kolorem<\/strong> z efektownymi zielono-czarnymi wstawkami, kt\u00f3re nawi\u0105zuj\u0105 do narodowych barw Jamajki i emanuj\u0105 karaibskim stylem. Na piersi umieszczono <strong data-start=\"478\" data-end=\"518\">haftowany herb Jamajki (Reggae Boyz)<\/strong> oraz logo producenta, a ca\u0142o\u015b\u0107 dope\u0142nia dynamiczny wz\u00f3r, kt\u00f3ry oddaje energi\u0119 i temperament jamajskiej dru\u017cyny.<\/p>\n<p data-start=\"634\" data-end=\"974\">Koszulka zosta\u0142a wykonana z lekkiego, oddychaj\u0105cego materia\u0142u, kt\u00f3ry zapewnia wygod\u0119 nawet w upalne dni \u2013 co ma ogromne znaczenie dla zespo\u0142u wyst\u0119puj\u0105cego w gor\u0105cym klimacie. Lu\u017aniejszy, klasyczny kr\u00f3j z lekko zaokr\u0105glonym ko\u0142nierzykiem idealnie oddaje styl pocz\u0105tku lat 2000, kiedy Uhlsport stawia\u0142 na funkcjonalno\u015b\u0107 i wyrazisty design.<\/p>\n<p data-start=\"976\" data-end=\"1308\">W tej koszulce Jamajka rozgrywa\u0142a mecze eliminacyjne do <strong data-start=\"1032\" data-end=\"1058\">Mistrzostw \u015awiata 2006<\/strong> oraz rywalizowa\u0142a w <strong data-start=\"1079\" data-end=\"1096\">Gold Cup 2003<\/strong>, gdzie prezentowa\u0142a widowiskowy, ofensywny futbol. Na boisku w tamtym okresie wyr\u00f3\u017cniali si\u0119 tacy gracze jak <strong data-start=\"1206\" data-end=\"1261\">Theodore Whitmore, Ricardo Gardner czy Ian Goodison<\/strong>, kt\u00f3rzy stanowili trzon ekipy \u201eReggae Boyz\u201d.<\/p>\n<p data-start=\"1310\" data-end=\"1533\">To wyj\u0105tkowy model dla kolekcjoner\u00f3w poszukuj\u0105cych rzadkich koszulek reprezentacyjnych i dla wszystkich, kt\u00f3rzy ceni\u0105 sobie <strong data-start=\"1434\" data-end=\"1462\">oryginalny styl lat 2000<\/strong>. Idealna, by wyr\u00f3\u017cni\u0107 si\u0119 na trybunach lub w codziennym u\u017cytkowaniu.<\/p>","protected":false},"featured_media":14767,"template":"","meta":{"_kad_blocks_custom_css":"","_kad_blocks_head_custom_js":"","_kad_blocks_body_custom_js":"","_kad_blocks_footer_custom_js":"","_kad_post_transparent":"","_kad_post_title":"","_kad_post_layout":"","_kad_post_sidebar_id":"","_kad_post_content_style":"","_kad_post_vertical_padding":"","_kad_post_feature":"","_kad_post_feature_position":"","_kad_post_header":false,"_kad_post_footer":false},"product_brand":[299],"product_cat":[138,22],"product_tag":[],"class_list":{"0":"post-3142","1":"product","2":"type-product","3":"status-publish","4":"has-post-thumbnail","6":"product_brand-uhlsport","7":"product_cat-ameryka-srodkowa-i-polnocna-reprezentacje","8":"product_cat-reprezentacje","9":"pa_rozmiar-s-m","11":"first","12":"instock","13":"taxable","14":"shipping-taxable","15":"purchasable","16":"product-type-simple","17":"entry","18":"content-bg","19":"loop-entry"},"taxonomy_info":{"product_brand":[{"value":299,"label":"Uhlsport"}],"product_cat":[{"value":138,"label":"Ameryka \u015arodkowa i P\u00f3\u0142nocna"},{"value":22,"label":"REPREZENTACJE"}],"pa_rozmiar":[{"value":433,"label":"S\/M"}]},"featured_image_src_large":["https:\/\/fts.you2.pl\/wp-content\/uploads\/2025\/09\/Photoroom_036_20250716_163200-1024x1024.png",1024,1024,true],"author_info":[],"comment_info":"","_links":{"self":[{"href":"https:\/\/fts.you2.pl\/de\/wp-json\/wp\/v2\/product\/3142","targetHints":{"allow":["GET"]}}],"collection":[{"href":"https:\/\/fts.you2.pl\/de\/wp-json\/wp\/v2\/product"}],"about":[{"href":"https:\/\/fts.you2.pl\/de\/wp-json\/wp\/v2\/types\/product"}],"wp:featuredmedia":[{"embeddable":true,"href":"https:\/\/fts.you2.pl\/de\/wp-json\/wp\/v2\/media\/14767"}],"wp:attachment":[{"href":"https:\/\/fts.you2.pl\/de\/wp-json\/wp\/v2\/media?parent=3142"}],"wp:term":[{"taxonomy":"product_brand","embeddable":true,"href":"https:\/\/fts.you2.pl\/de\/wp-json\/wp\/v2\/product_brand?post=3142"},{"taxonomy":"product_cat","embeddable":true,"href":"https:\/\/fts.you2.pl\/de\/wp-json\/wp\/v2\/product_cat?post=3142"},{"taxonomy":"product_tag","embeddable":true,"href":"https:\/\/fts.you2.pl\/de\/wp-json\/wp\/v2\/product_tag?post=3142"}],"curies":[{"name":"wp","href":"https:\/\/api.w.org\/{rel}","templated":true}]}}