{"id":3144,"date":"2025-07-20T15:50:56","date_gmt":"2025-07-20T13:50:56","guid":{"rendered":"https:\/\/fts.you2.pl\/index.php\/produkt\/koszulka-pilkarska-palmeiras-2010-away-s\/"},"modified":"2025-09-19T17:07:34","modified_gmt":"2025-09-19T15:07:34","slug":"koszulka-pilkarska-palmeiras-2010-away-s","status":"publish","type":"product","link":"https:\/\/fts.you2.pl\/de\/koszulka-pilkarska-palmeiras-2010-away-s\/","title":{"rendered":"Koszulka pi\u0142karska Palmeiras 2010 Away [S]"},"content":{"rendered":"<p><strong>Klub:<\/strong> Koszulka pi\u0142karska Palmeiras<\/p>\n<p><strong>Sezon:<\/strong> 2010 Away<\/p>\n<p><strong>Rozmiar: <\/strong>S<\/p>\n<p><strong>Stan:<\/strong> Bardzo dobry &#8211; dwa niewielkie zabrudzenia na plecach.<\/p>\n<p><strong>Wymiary (szeroko\u015b\u0107 pod pachami\/d\u0142ugo\u015b\u0107) w cm: <\/strong>49\/72<\/p>","protected":false},"excerpt":{"rendered":"<p data-start=\"0\" data-end=\"77\"><strong data-start=\"0\" data-end=\"75\">Oryginalna wyjazdowa koszulka pi\u0142karska Palmeiras z 2010 roku \u2013 produkcji Adidasa.<\/strong><\/p>\n<p data-start=\"79\" data-end=\"386\">Ta <strong data-start=\"82\" data-end=\"126\">wyjazdowa koszulka pi\u0142karska brazylijskiego klubu z 2010 roku<\/strong> to prawdziwy unikat, kt\u00f3ry wyr\u00f3\u017cnia si\u0119 <strong data-start=\"167\" data-end=\"198\">neonowym, jaskrawym kolorem<\/strong>, przyci\u0105gaj\u0105cym wzrok zar\u00f3wno na trybunach, jak i poza nimi. Wyprodukowana przez <strong data-start=\"280\" data-end=\"291\">Adidasa<\/strong>, \u0142\u0105czy lekki, oddychaj\u0105cy materia\u0142 z klasycznym krojem, zapewniaj\u0105c wygod\u0119 podczas noszenia.<\/p>\n<p data-start=\"388\" data-end=\"651\">Na froncie znajduje si\u0119 <strong data-start=\"412\" data-end=\"430\">herb Palmeiras<\/strong>, logo Adidasa oraz sponsor w kontrastuj\u0105cym kolorze. Delikatne detale w odcieniach zieleni nawi\u0105zuj\u0105 do tradycyjnych barw brazylijskiego klubu, dodaj\u0105c koszulce elegancji mimo jej odwa\u017cnego, nowoczesnego wygl\u0105du.<\/p>\n<p data-start=\"653\" data-end=\"886\">W tym modelu Palmeiras walczy\u0142o w rozgrywkach <strong data-start=\"699\" data-end=\"724\">Campeonato Brasileiro<\/strong>, prezentuj\u0105c si\u0119 wyj\u0105tkowo na tle rywali. To doskona\u0142a propozycja dla fan\u00f3w brazylijskiego futbolu, kt\u00f3rzy ceni\u0105 <strong data-start=\"838\" data-end=\"883\">nietypowe projekty i historyczne kolekcje<\/strong>.<\/p>","protected":false},"featured_media":14786,"template":"","meta":{"_kad_blocks_custom_css":"","_kad_blocks_head_custom_js":"","_kad_blocks_body_custom_js":"","_kad_blocks_footer_custom_js":"","_kad_post_transparent":"","_kad_post_title":"","_kad_post_layout":"","_kad_post_sidebar_id":"","_kad_post_content_style":"","_kad_post_vertical_padding":"","_kad_post_feature":"","_kad_post_feature_position":"","_kad_post_header":false,"_kad_post_footer":false},"product_brand":[45],"product_cat":[56,36],"product_tag":[],"class_list":{"0":"post-3144","1":"product","2":"type-product","3":"status-publish","4":"has-post-thumbnail","6":"product_brand-adidas","7":"product_cat-ameryka-poludniowa","8":"product_cat-kluby-reszty-swiata","9":"pa_rozmiar-s","11":"first","12":"instock","13":"taxable","14":"shipping-taxable","15":"purchasable","16":"product-type-simple","17":"entry","18":"content-bg","19":"loop-entry"},"taxonomy_info":{"product_brand":[{"value":45,"label":"Adidas"}],"product_cat":[{"value":56,"label":"Ameryka Po\u0142udniowa"},{"value":36,"label":"Kluby Reszty \u015awiata"}],"pa_rozmiar":[{"value":19,"label":"S"}]},"featured_image_src_large":["https:\/\/fts.you2.pl\/wp-content\/uploads\/2025\/09\/Photoroom_002_20250716_163200-1024x1024.png",1024,1024,true],"author_info":[],"comment_info":"","_links":{"self":[{"href":"https:\/\/fts.you2.pl\/de\/wp-json\/wp\/v2\/product\/3144","targetHints":{"allow":["GET"]}}],"collection":[{"href":"https:\/\/fts.you2.pl\/de\/wp-json\/wp\/v2\/product"}],"about":[{"href":"https:\/\/fts.you2.pl\/de\/wp-json\/wp\/v2\/types\/product"}],"wp:featuredmedia":[{"embeddable":true,"href":"https:\/\/fts.you2.pl\/de\/wp-json\/wp\/v2\/media\/14786"}],"wp:attachment":[{"href":"https:\/\/fts.you2.pl\/de\/wp-json\/wp\/v2\/media?parent=3144"}],"wp:term":[{"taxonomy":"product_brand","embeddable":true,"href":"https:\/\/fts.you2.pl\/de\/wp-json\/wp\/v2\/product_brand?post=3144"},{"taxonomy":"product_cat","embeddable":true,"href":"https:\/\/fts.you2.pl\/de\/wp-json\/wp\/v2\/product_cat?post=3144"},{"taxonomy":"product_tag","embeddable":true,"href":"https:\/\/fts.you2.pl\/de\/wp-json\/wp\/v2\/product_tag?post=3144"}],"curies":[{"name":"wp","href":"https:\/\/api.w.org\/{rel}","templated":true}]}}