{"id":3146,"date":"2025-07-20T15:50:55","date_gmt":"2025-07-20T13:50:55","guid":{"rendered":"https:\/\/fts.you2.pl\/index.php\/produkt\/polo-werder-brema-m\/"},"modified":"2025-09-19T17:08:28","modified_gmt":"2025-09-19T15:08:28","slug":"polo-werder-brema-m","status":"publish","type":"product","link":"https:\/\/fts.you2.pl\/de\/polo-werder-brema-m\/","title":{"rendered":"Polo Werder Brema [M]"},"content":{"rendered":"<p><strong>Klub:<\/strong> Werder Brema<\/p>\n<p><strong>Rozmiar: <\/strong>M<\/p>\n<p><strong>Stan:<\/strong> Doskona\u0142y<\/p>\n<p><strong>Wymiary (szeroko\u015b\u0107 pod pachami\/d\u0142ugo\u015b\u0107) w cm: <\/strong>51\/71<\/p>","protected":false},"excerpt":{"rendered":"<p><strong data-start=\"0\" data-end=\"62\">Koszulka pi\u0142karska typu polo Werderu Brema produkcji Umbro<\/strong> to stylowy wyb\u00f3r dla ka\u017cdego fana \u201eZielono-Bia\u0142ych\u201d. Wykonana z wysokiej jako\u015bci materia\u0142\u00f3w, \u0142\u0105czy sportowy charakter z casualow\u0105 elegancj\u0105. Klasyczny ko\u0142nierzyk polo i subtelne detale z herbem Werderu Brema oraz logo Umbro podkre\u015blaj\u0105 autentyczno\u015b\u0107 i klubowy charakter. To idealna koszulka pi\u0142karska do noszenia na co dzie\u0144, na stadionie czy w pracy \u2013 dla kibic\u00f3w, kt\u00f3rzy chc\u0105 dyskretnie pokaza\u0107 swoje przywi\u0105zanie do klubu.<\/p>","protected":false},"featured_media":14805,"template":"","meta":{"_kad_blocks_custom_css":"","_kad_blocks_head_custom_js":"","_kad_blocks_body_custom_js":"","_kad_blocks_footer_custom_js":"","_kad_post_transparent":"","_kad_post_title":"","_kad_post_layout":"","_kad_post_sidebar_id":"","_kad_post_content_style":"","_kad_post_vertical_padding":"","_kad_post_feature":"","_kad_post_feature_position":"","_kad_post_header":false,"_kad_post_footer":false},"product_brand":[21],"product_cat":[25,31,46,26,183],"product_tag":[],"class_list":{"0":"post-3146","1":"product","2":"type-product","3":"status-publish","4":"has-post-thumbnail","6":"product_brand-umbro","7":"product_cat-inne","8":"product_cat-kluby-europejskie","9":"product_cat-kluby-niemieckie","10":"product_cat-kurtki-bluzy-trening","11":"product_cat-werder-brema","12":"pa_rozmiar-m","14":"first","15":"instock","16":"taxable","17":"shipping-taxable","18":"purchasable","19":"product-type-simple","20":"entry","21":"content-bg","22":"loop-entry"},"taxonomy_info":{"product_brand":[{"value":21,"label":"Umbro"}],"product_cat":[{"value":25,"label":"Inne"},{"value":31,"label":"Kluby Europejskie"},{"value":46,"label":"Kluby Niemieckie"},{"value":26,"label":"Kurtki\/bluzy\/trening"},{"value":183,"label":"Werder Brema"}],"pa_rozmiar":[{"value":28,"label":"M"}]},"featured_image_src_large":["https:\/\/fts.you2.pl\/wp-content\/uploads\/2025\/09\/Photoroom_004_20250716_163200-1024x1024.png",1024,1024,true],"author_info":[],"comment_info":"","_links":{"self":[{"href":"https:\/\/fts.you2.pl\/de\/wp-json\/wp\/v2\/product\/3146","targetHints":{"allow":["GET"]}}],"collection":[{"href":"https:\/\/fts.you2.pl\/de\/wp-json\/wp\/v2\/product"}],"about":[{"href":"https:\/\/fts.you2.pl\/de\/wp-json\/wp\/v2\/types\/product"}],"wp:featuredmedia":[{"embeddable":true,"href":"https:\/\/fts.you2.pl\/de\/wp-json\/wp\/v2\/media\/14805"}],"wp:attachment":[{"href":"https:\/\/fts.you2.pl\/de\/wp-json\/wp\/v2\/media?parent=3146"}],"wp:term":[{"taxonomy":"product_brand","embeddable":true,"href":"https:\/\/fts.you2.pl\/de\/wp-json\/wp\/v2\/product_brand?post=3146"},{"taxonomy":"product_cat","embeddable":true,"href":"https:\/\/fts.you2.pl\/de\/wp-json\/wp\/v2\/product_cat?post=3146"},{"taxonomy":"product_tag","embeddable":true,"href":"https:\/\/fts.you2.pl\/de\/wp-json\/wp\/v2\/product_tag?post=3146"}],"curies":[{"name":"wp","href":"https:\/\/api.w.org\/{rel}","templated":true}]}}