{"id":3147,"date":"2025-07-20T15:51:06","date_gmt":"2025-07-20T13:51:06","guid":{"rendered":"https:\/\/fts.you2.pl\/index.php\/produkt\/koszulka-pilkarska-anglia-2004-06-away-l-2\/"},"modified":"2025-09-17T13:25:08","modified_gmt":"2025-09-17T11:25:08","slug":"koszulka-pilkarska-anglia-2004-06-away-l-2","status":"publish","type":"product","link":"https:\/\/fts.you2.pl\/de\/koszulka-pilkarska-anglia-2004-06-away-l-2\/","title":{"rendered":"Koszulka pi\u0142karska Anglia 2004\/06 Away [L]"},"content":{"rendered":"<p><strong>Klub:<\/strong> Anglia<\/p>\n<p><strong>Sezon:<\/strong> 2004\/06 Away<\/p>\n<p><strong>Rozmiar: <\/strong>L<\/p>\n<p><strong>Stan:<\/strong> Bardzo dobry &#8211; kilka drobnych zaci\u0105gni\u0119\u0107.<\/p>\n<p><strong>Wymiary (szeroko\u015b\u0107 pod pachami\/d\u0142ugo\u015b\u0107) w cm: <\/strong>56\/72<\/p>","protected":false},"excerpt":{"rendered":"<p data-start=\"135\" data-end=\"641\">Czerwona<strong> koszulka pi\u0142karska<\/strong> reprezentacji<strong> Anglii<\/strong> z lat <strong>2004\u20132006<\/strong>. Model Umbro, w kt\u00f3rym grali<strong> Beckham, Rooney<\/strong>, <strong>Gerrard<\/strong> i<strong> Lampard<\/strong> m.in. na <strong>Euro 2004<\/strong>.<\/p>\n<p data-start=\"135\" data-end=\"641\">Przed Tob\u0105 <strong data-start=\"146\" data-end=\"226\">oryginalna wyjazdowa koszulka pi\u0142karska reprezentacji Anglii z lat 2004\u20132006<\/strong>, wyprodukowana przez renomowan\u0105 brytyjsk\u0105 mark\u0119 <strong data-start=\"275\" data-end=\"284\">Umbro<\/strong>. Ten stylowy model, w charakterystycznym czerwonym kolorze z subtelnymi bia\u0142ymi detalami, by\u0142 symbolem jednego z najciekawszych pokole\u0144 angielskiej pi\u0142ki. Lekki, oddychaj\u0105cy materia\u0142 z technologi\u0105 Umbro zapewnia\u0142 wygod\u0119 i komfort gry.<\/p>\n<p data-start=\"643\" data-end=\"1208\">W tej wyjazdowej koszulce <strong data-start=\"669\" data-end=\"688\">Synowie Albionu<\/strong> wyst\u0119powali mi\u0119dzy innymi podczas <strong data-start=\"723\" data-end=\"749\">Euro 2004 w Portugalii<\/strong> i w eliminacjach do <strong data-start=\"770\" data-end=\"796\">Mistrzostw \u015awiata 2006<\/strong>. To w\u0142a\u015bnie w niej b\u0142yszczeli tacy pi\u0142karze jak <strong data-start=\"845\" data-end=\"862\">David Beckham<\/strong>, kapitan i specjalista od rzut\u00f3w wolnych, <strong data-start=\"905\" data-end=\"923\">Steven Gerrard<\/strong> i <strong data-start=\"926\" data-end=\"943\">Frank Lampard<\/strong>, czyli jeden z najlepszych duet\u00f3w pomocnik\u00f3w tamtych lat, a tak\u017ce m\u0142odziutki <strong data-start=\"1021\" data-end=\"1037\">Wayne Rooney<\/strong>, kt\u00f3ry na Euro 2004 z miejsca sta\u0142 si\u0119 gwiazd\u0105 turnieju. Nie zabrak\u0142o r\u00f3wnie\u017c legendy defensywy \u2013 <strong data-start=\"1136\" data-end=\"1154\">Rio Ferdinanda<\/strong>, oraz charyzmatycznego bramkarza <strong data-start=\"1188\" data-end=\"1205\">Davida Jamesa<\/strong>.<\/p>\n<p data-start=\"1210\" data-end=\"1475\">Czerwona, wyjazdowa koszulka z lat 2004\u201306 do dzi\u015b jest jedn\u0105 z najbardziej rozpoznawalnych w historii reprezentacji Anglii \u2013 prosta, elegancka, a jednocze\u015bnie nios\u0105ca w sobie sporo nostalgii za dru\u017cyn\u0105, kt\u00f3ra mia\u0142a ogromny potencja\u0142, by si\u0119gn\u0105\u0107 po wielki sukces.<\/p>\n<p data-start=\"1477\" data-end=\"1662\">Ten model to doskona\u0142y wyb\u00f3r dla kolekcjoner\u00f3w klasycznych koszulek reprezentacyjnych, fan\u00f3w angielskiego futbolu i wszystkich, kt\u00f3rzy ceni\u0105 sobie unikatowe projekty Umbro sprzed lat.<\/p>","protected":false},"featured_media":0,"template":"","meta":{"_kad_blocks_custom_css":"","_kad_blocks_head_custom_js":"","_kad_blocks_body_custom_js":"","_kad_blocks_footer_custom_js":"","_kad_post_transparent":"","_kad_post_title":"","_kad_post_layout":"","_kad_post_sidebar_id":"","_kad_post_content_style":"","_kad_post_vertical_padding":"","_kad_post_feature":"","_kad_post_feature_position":"","_kad_post_header":false,"_kad_post_footer":false},"product_brand":[21],"product_cat":[24,23,22],"product_tag":[],"class_list":{"0":"post-3147","1":"product","2":"type-product","3":"status-publish","5":"product_brand-umbro","6":"product_cat-anglia","7":"product_cat-europa","8":"product_cat-reprezentacje","9":"pa_rozmiar-l","11":"first","12":"instock","13":"taxable","14":"shipping-taxable","15":"purchasable","16":"product-type-simple","17":"entry","18":"content-bg","19":"loop-entry"},"taxonomy_info":{"product_brand":[{"value":21,"label":"Umbro"}],"product_cat":[{"value":24,"label":"Anglia"},{"value":23,"label":"Europa"},{"value":22,"label":"REPREZENTACJE"}],"pa_rozmiar":[{"value":39,"label":"L"}]},"featured_image_src_large":false,"author_info":[],"comment_info":"","_links":{"self":[{"href":"https:\/\/fts.you2.pl\/de\/wp-json\/wp\/v2\/product\/3147","targetHints":{"allow":["GET"]}}],"collection":[{"href":"https:\/\/fts.you2.pl\/de\/wp-json\/wp\/v2\/product"}],"about":[{"href":"https:\/\/fts.you2.pl\/de\/wp-json\/wp\/v2\/types\/product"}],"wp:attachment":[{"href":"https:\/\/fts.you2.pl\/de\/wp-json\/wp\/v2\/media?parent=3147"}],"wp:term":[{"taxonomy":"product_brand","embeddable":true,"href":"https:\/\/fts.you2.pl\/de\/wp-json\/wp\/v2\/product_brand?post=3147"},{"taxonomy":"product_cat","embeddable":true,"href":"https:\/\/fts.you2.pl\/de\/wp-json\/wp\/v2\/product_cat?post=3147"},{"taxonomy":"product_tag","embeddable":true,"href":"https:\/\/fts.you2.pl\/de\/wp-json\/wp\/v2\/product_tag?post=3147"}],"curies":[{"name":"wp","href":"https:\/\/api.w.org\/{rel}","templated":true}]}}