{"id":3150,"date":"2025-07-27T15:59:37","date_gmt":"2025-07-27T13:59:37","guid":{"rendered":"https:\/\/fts.you2.pl\/index.php\/produkt\/koszulka-pilkarska-anglia-2002-04-home-l\/"},"modified":"2025-09-19T17:09:52","modified_gmt":"2025-09-19T15:09:52","slug":"koszulka-pilkarska-anglia-2002-04-home-l","status":"publish","type":"product","link":"https:\/\/fts.you2.pl\/de\/koszulka-pilkarska-anglia-2002-04-home-l\/","title":{"rendered":"Koszulka pi\u0142karska Anglia 2002\/04 Home [L]"},"content":{"rendered":"<p><strong>Klub:<\/strong> Anglia<\/p>\n<p><strong>Sezon:<\/strong> 2002\/04 Home<\/p>\n<p><strong>Rozmiar: <\/strong>L<\/p>\n<p><strong>Stan:<\/strong> Bardzo dobry &#8211; jedna mikro plamka na froncie.<\/p>\n<p><strong>Wymiary (szeroko\u015b\u0107 pod pachami\/d\u0142ugo\u015b\u0107) w cm: <\/strong>58\/74<\/p>","protected":false},"excerpt":{"rendered":"<p data-start=\"0\" data-end=\"99\"><strong data-start=\"0\" data-end=\"97\">Domowa koszulka reprezentacji Anglii 2002\/04 Umbro \u2013 oryginalna, d\u0142ugi r\u0119kaw, klasyka futbolu<\/strong><\/p>\n<p data-start=\"101\" data-end=\"495\">Oryginalna <strong data-start=\"112\" data-end=\"178\">domowa koszulka pi\u0142karska reprezentacji Anglii z lat 2002-2004<\/strong> w wersji z <strong data-start=\"190\" data-end=\"208\">d\u0142ugim r\u0119kawem<\/strong> to wyj\u0105tkowy model, kt\u00f3ry przywo\u0142uje wspomnienia z <strong data-start=\"260\" data-end=\"304\">Mistrzostw \u015awiata 2002 w Korei i Japonii<\/strong> oraz eliminacji do Euro 2004. Wyprodukowana przez mark\u0119 <strong data-start=\"361\" data-end=\"370\">Umbro<\/strong>, doskonale \u0142\u0105czy w sobie klasyczny, minimalistyczny design i komfort u\u017cytkowania, charakterystyczny dla pocz\u0105tku lat 2000.<\/p>\n<p data-start=\"497\" data-end=\"902\">Koszulka ma <strong data-start=\"509\" data-end=\"531\">czysto bia\u0142y kolor<\/strong>, oraz kontrastuj\u0105cy, pionowy, czerwony pas. Na piersi znajduje si\u0119 haftowany <strong data-start=\"648\" data-end=\"672\">herb The Three Lions<\/strong>, a obok niego eleganckie logo Umbro. D\u0142ugi r\u0119kaw zapewnia dodatkowy komfort i ochron\u0119 w ch\u0142odniejsze dni, co czyni ten model idealnym nie tylko dla kolekcjoner\u00f3w, ale r\u00f3wnie\u017c dla kibic\u00f3w, kt\u00f3rzy chc\u0105 poczu\u0107 klimat tamtej epoki.<\/p>\n<p data-start=\"904\" data-end=\"1163\">W tej koszulce grali tacy legendarni zawodnicy, jak <strong data-start=\"956\" data-end=\"1004\">David Beckham, Michael Owen czy Paul Scholes<\/strong>, prowadz\u0105c Angli\u0119 do pami\u0119tnych zwyci\u0119stw. To model ceniony przez fan\u00f3w za swoj\u0105 prostot\u0119, elegancj\u0119 i symbolik\u0119 \u2013 prawdziwa <strong data-start=\"1130\" data-end=\"1160\">ikona angielskiego futbolu<\/strong>.<\/p>\n<p data-start=\"1165\" data-end=\"1359\">Idealna dla kolekcjoner\u00f3w i pasjonat\u00f3w pi\u0142ki no\u017cnej, kt\u00f3rzy szukaj\u0105 <strong data-start=\"1233\" data-end=\"1309\">oryginalnej koszulki reprezentacji Anglii 2002\/04 Umbro z d\u0142ugim r\u0119kawem<\/strong> \u2013 klasyka, kt\u00f3ry wci\u0105\u017c budzi pi\u0142karskie emocje.<\/p>","protected":false},"featured_media":14833,"template":"","meta":{"_kad_blocks_custom_css":"","_kad_blocks_head_custom_js":"","_kad_blocks_body_custom_js":"","_kad_blocks_footer_custom_js":"","_kad_post_transparent":"","_kad_post_title":"","_kad_post_layout":"","_kad_post_sidebar_id":"","_kad_post_content_style":"","_kad_post_vertical_padding":"","_kad_post_feature":"","_kad_post_feature_position":"","_kad_post_header":false,"_kad_post_footer":false},"product_brand":[21],"product_cat":[24,23,22],"product_tag":[],"class_list":{"0":"post-3150","1":"product","2":"type-product","3":"status-publish","4":"has-post-thumbnail","6":"product_brand-umbro","7":"product_cat-anglia","8":"product_cat-europa","9":"product_cat-reprezentacje","10":"pa_rozmiar-l","12":"first","13":"instock","14":"taxable","15":"shipping-taxable","16":"purchasable","17":"product-type-simple","18":"entry","19":"content-bg","20":"loop-entry"},"taxonomy_info":{"product_brand":[{"value":21,"label":"Umbro"}],"product_cat":[{"value":24,"label":"Anglia"},{"value":23,"label":"Europa"},{"value":22,"label":"REPREZENTACJE"}],"pa_rozmiar":[{"value":39,"label":"L"}]},"featured_image_src_large":["https:\/\/fts.you2.pl\/wp-content\/uploads\/2025\/09\/Photoroom_036_20250725_110144-1024x1024.png",1024,1024,true],"author_info":[],"comment_info":"","_links":{"self":[{"href":"https:\/\/fts.you2.pl\/de\/wp-json\/wp\/v2\/product\/3150","targetHints":{"allow":["GET"]}}],"collection":[{"href":"https:\/\/fts.you2.pl\/de\/wp-json\/wp\/v2\/product"}],"about":[{"href":"https:\/\/fts.you2.pl\/de\/wp-json\/wp\/v2\/types\/product"}],"wp:featuredmedia":[{"embeddable":true,"href":"https:\/\/fts.you2.pl\/de\/wp-json\/wp\/v2\/media\/14833"}],"wp:attachment":[{"href":"https:\/\/fts.you2.pl\/de\/wp-json\/wp\/v2\/media?parent=3150"}],"wp:term":[{"taxonomy":"product_brand","embeddable":true,"href":"https:\/\/fts.you2.pl\/de\/wp-json\/wp\/v2\/product_brand?post=3150"},{"taxonomy":"product_cat","embeddable":true,"href":"https:\/\/fts.you2.pl\/de\/wp-json\/wp\/v2\/product_cat?post=3150"},{"taxonomy":"product_tag","embeddable":true,"href":"https:\/\/fts.you2.pl\/de\/wp-json\/wp\/v2\/product_tag?post=3150"}],"curies":[{"name":"wp","href":"https:\/\/api.w.org\/{rel}","templated":true}]}}