{"id":3151,"date":"2025-07-27T15:59:36","date_gmt":"2025-07-27T13:59:36","guid":{"rendered":"https:\/\/fts.you2.pl\/index.php\/produkt\/bnwt-koszulka-pilkarska-arka-gdynia-2017-18-home-22-kosut-m\/"},"modified":"2025-09-19T17:10:19","modified_gmt":"2025-09-19T15:10:19","slug":"bnwt-koszulka-pilkarska-arka-gdynia-2017-18-home-22-kosut-m","status":"publish","type":"product","link":"https:\/\/fts.you2.pl\/de\/bnwt-koszulka-pilkarska-arka-gdynia-2017-18-home-22-kosut-m\/","title":{"rendered":"BNWT Koszulka pi\u0142karska Arka Gdynia 2017\/18 Home 22 Kosut [M]"},"content":{"rendered":"<p><strong>Klub:<\/strong> Arka Gdynia<\/p>\n<p><strong>Sezon:<\/strong> 2017\/18 Home<\/p>\n<p><strong>Rozmiar: <\/strong>M<\/p>\n<p><strong>Stan:<\/strong> BNWT &#8211; Koszulka nowa, z metkami.<\/p>\n<p><strong>Wymiary (szeroko\u015b\u0107 pod pachami\/d\u0142ugo\u015b\u0107) w cm: <\/strong>55\/73<\/p>","protected":false},"excerpt":{"rendered":"<p data-start=\"0\" data-end=\"117\"><strong data-start=\"0\" data-end=\"115\">Domowa koszulka Arki Gdynia 2017\/18 Adidas \u2013 z metkami, patchami ligowymi i unikatowym nadrukiem Tomasa Kosuta.<\/strong><\/p>\n<p data-start=\"119\" data-end=\"561\">Oryginalna <strong data-start=\"130\" data-end=\"188\">domowa koszulka pi\u0142karska Arki Gdynia z sezonu 2017\/18<\/strong> to wyj\u0105tkowy model, kt\u00f3ry \u0142\u0105czy w sobie nowoczesny design marki <strong data-start=\"253\" data-end=\"263\">Adidas<\/strong> z lokaln\u0105 dum\u0105 i histori\u0105 klubu. Utrzymana w tradycyjnych <strong data-start=\"322\" data-end=\"351\">\u017c\u00f3\u0142to-niebieskich barwach<\/strong>, doskonale oddaje charakter i to\u017csamo\u015b\u0107 dru\u017cyny znad morza.<\/p>\n<p data-start=\"563\" data-end=\"1053\">Koszulka jest w pe\u0142ni <strong data-start=\"585\" data-end=\"628\">nowa, z oryginalnymi metkami sklepowymi<\/strong>, co czyni j\u0105 idealn\u0105 dla kolekcjoner\u00f3w. Na r\u0119kawach umieszczone zosta\u0142y <strong data-start=\"701\" data-end=\"739\">oficjalne patche LOTTO Ekstraklasy<\/strong>, co podkre\u015bla jej autentyczno\u015b\u0107 i meczowy charakter. Na plecach widnieje nadruk <strong data-start=\"820\" data-end=\"837\">Tomasa Kosuta<\/strong>, zawodnika, kt\u00f3ry formalnie by\u0142 pi\u0142karzem Arki Gdynia w tamtym sezonie, jednak <strong data-start=\"917\" data-end=\"956\">nigdy nie zagra\u0142 w oficjalnym meczu<\/strong>. Ten unikatowy nadruk czyni koszulk\u0119 prawdziw\u0105 ciekawostk\u0105 i pere\u0142k\u0105 dla fan\u00f3w historii klubu.<\/p>\n<p data-start=\"1055\" data-end=\"1377\">W sezonie 2017\/18 Arka rywalizowa\u0142a w Ekstraklasie i rozgrywkach europejskich, a w tej koszulce wyst\u0119powali m.in. <strong data-start=\"1169\" data-end=\"1220\">Mateusz Szwoch, Luka Zarandia czy Micha\u0142 Nalepa<\/strong>. To model, kt\u00f3ry idealnie \u0142\u0105czy w sobie pi\u0142karskie emocje i niecodzienn\u0105 histori\u0119 zwi\u0105zan\u0105 z jednym z najbardziej nietypowych transfer\u00f3w w dziejach klubu.<\/p>\n<p data-start=\"1379\" data-end=\"1629\">Doskona\u0142a propozycja dla kolekcjoner\u00f3w i kibic\u00f3w, kt\u00f3rzy chc\u0105 mie\u0107 w swojej kolekcji <strong data-start=\"1464\" data-end=\"1578\">oryginaln\u0105 domow\u0105 koszulk\u0119 Arki Gdynia 2017\/18 Adidas z patchami, metkami i unikatowym nadrukiem Tomasa Kosuta<\/strong> \u2013 prawdziwy rarytas dla fan\u00f3w \u017c\u00f3\u0142to-niebieskich!<\/p>","protected":false},"featured_media":14841,"template":"","meta":{"_kad_blocks_custom_css":"","_kad_blocks_head_custom_js":"","_kad_blocks_body_custom_js":"","_kad_blocks_footer_custom_js":"","_kad_post_transparent":"","_kad_post_title":"","_kad_post_layout":"","_kad_post_sidebar_id":"","_kad_post_content_style":"","_kad_post_vertical_padding":"","_kad_post_feature":"","_kad_post_feature_position":"","_kad_post_header":false,"_kad_post_footer":false},"product_brand":[45],"product_cat":[31,159,160],"product_tag":[],"class_list":{"0":"post-3151","1":"product","2":"type-product","3":"status-publish","4":"has-post-thumbnail","6":"product_brand-adidas","7":"product_cat-kluby-europejskie","8":"product_cat-kluby-polskie","9":"product_cat-pozostale-kluby-polskie","10":"pa_rozmiar-m","12":"first","13":"instock","14":"taxable","15":"shipping-taxable","16":"purchasable","17":"product-type-simple","18":"entry","19":"content-bg","20":"loop-entry"},"taxonomy_info":{"product_brand":[{"value":45,"label":"Adidas"}],"product_cat":[{"value":31,"label":"Kluby Europejskie"},{"value":159,"label":"Kluby Polskie"},{"value":160,"label":"Pozosta\u0142e kluby polskie"}],"pa_rozmiar":[{"value":28,"label":"M"}]},"featured_image_src_large":["https:\/\/fts.you2.pl\/wp-content\/uploads\/2025\/09\/Photoroom_015_20250725_110144-1024x1024.png",1024,1024,true],"author_info":[],"comment_info":"","_links":{"self":[{"href":"https:\/\/fts.you2.pl\/de\/wp-json\/wp\/v2\/product\/3151","targetHints":{"allow":["GET"]}}],"collection":[{"href":"https:\/\/fts.you2.pl\/de\/wp-json\/wp\/v2\/product"}],"about":[{"href":"https:\/\/fts.you2.pl\/de\/wp-json\/wp\/v2\/types\/product"}],"wp:featuredmedia":[{"embeddable":true,"href":"https:\/\/fts.you2.pl\/de\/wp-json\/wp\/v2\/media\/14841"}],"wp:attachment":[{"href":"https:\/\/fts.you2.pl\/de\/wp-json\/wp\/v2\/media?parent=3151"}],"wp:term":[{"taxonomy":"product_brand","embeddable":true,"href":"https:\/\/fts.you2.pl\/de\/wp-json\/wp\/v2\/product_brand?post=3151"},{"taxonomy":"product_cat","embeddable":true,"href":"https:\/\/fts.you2.pl\/de\/wp-json\/wp\/v2\/product_cat?post=3151"},{"taxonomy":"product_tag","embeddable":true,"href":"https:\/\/fts.you2.pl\/de\/wp-json\/wp\/v2\/product_tag?post=3151"}],"curies":[{"name":"wp","href":"https:\/\/api.w.org\/{rel}","templated":true}]}}