{"id":3152,"date":"2025-07-27T15:59:36","date_gmt":"2025-07-27T13:59:36","guid":{"rendered":"https:\/\/fts.you2.pl\/index.php\/produkt\/koszulka-pilkarska-australia-2010-12-home-s\/"},"modified":"2025-09-19T17:10:44","modified_gmt":"2025-09-19T15:10:44","slug":"koszulka-pilkarska-australia-2010-12-home-s","status":"publish","type":"product","link":"https:\/\/fts.you2.pl\/de\/koszulka-pilkarska-australia-2010-12-home-s\/","title":{"rendered":"Koszulka pi\u0142karska Australia 2010\/12 Home [S]"},"content":{"rendered":"<p><strong>Klub:<\/strong> Australia<\/p>\n<p><strong>Sezon:<\/strong> 2010\/12 Home<\/p>\n<p><strong>Rozmiar: <\/strong>S<\/p>\n<p><strong>Stan:<\/strong> Doskona\u0142y<\/p>\n<p><strong>Wymiary (szeroko\u015b\u0107 pod pachami\/d\u0142ugo\u015b\u0107) w cm: <\/strong>48\/70<\/p>","protected":false},"excerpt":{"rendered":"<p data-start=\"0\" data-end=\"91\"><strong data-start=\"0\" data-end=\"89\">Domowa koszulka Australii 2010\/12 Nike \u2013 klasyka Socceroos w z\u0142oto-zielonych barwach.<\/strong><\/p>\n<p data-start=\"93\" data-end=\"585\">Oryginalna <strong data-start=\"104\" data-end=\"173\">domowa koszulka pi\u0142karska reprezentacji Australii z lat 2010\u20132012<\/strong>, wyprodukowana przez <strong data-start=\"195\" data-end=\"203\">Nike<\/strong>, to wyj\u0105tkowy model oddaj\u0105cy dum\u0119 i tradycj\u0119 dru\u017cyny Socceroos. Utrzymana w charakterystycznej <strong data-start=\"299\" data-end=\"321\">z\u0142otej kolorystyce<\/strong>, zosta\u0142a wzbogacona o <strong data-start=\"344\" data-end=\"368\">ciemnozielone detale<\/strong> na r\u0119kawkach, ko\u0142nierzyku i ramionach, co idealnie nawi\u0105zuje do narodowych barw Australii. Na piersi umieszczono <strong data-start=\"482\" data-end=\"540\">haftowany herb federacji Football Federation Australia<\/strong>, a obok niego widnieje subtelne logo Nike.<\/p>\n<p data-start=\"587\" data-end=\"1059\">Koszulka wykonana jest z wysokiej jako\u015bci materia\u0142\u00f3w w technologii <strong data-start=\"654\" data-end=\"670\">Nike Dri-FIT<\/strong>, co zapewnia \u015bwietn\u0105 wentylacj\u0119 i komfort noszenia, zar\u00f3wno na boisku, jak i na co dzie\u0144. Ten model towarzyszy\u0142 reprezentacji podczas <strong data-start=\"805\" data-end=\"826\">Pucharu Azji 2011<\/strong>, w kt\u00f3rym Australia dotar\u0142a a\u017c do fina\u0142u, a tak\u017ce w meczach eliminacyjnych do Mistrzostw \u015awiata 2014. W tej koszulce wyst\u0119powali m.in. <strong data-start=\"962\" data-end=\"1022\">Tim Cahill, Lucas Neill, Brett Holman czy Mark Schwarzer<\/strong>, b\u0119d\u0105cy filarami tamtej generacji.<\/p>\n<p data-start=\"1061\" data-end=\"1380\">To idealna propozycja dla kolekcjoner\u00f3w i kibic\u00f3w, kt\u00f3rzy chc\u0105 posiada\u0107 <strong data-start=\"1133\" data-end=\"1186\">oryginaln\u0105 domow\u0105 koszulk\u0119 Australii 2010\/12 Nike<\/strong>, b\u0119d\u0105c\u0105 symbolem z\u0142otych tradycji Socceroos. \u015awietnie sprawdzi si\u0119 zar\u00f3wno jako element pi\u0142karskiej kolekcji, jak i sentymentalna pami\u0105tka z wa\u017cnego okresu w historii australijskiego futbolu.<\/p>","protected":false},"featured_media":14849,"template":"","meta":{"_kad_blocks_custom_css":"","_kad_blocks_head_custom_js":"","_kad_blocks_body_custom_js":"","_kad_blocks_footer_custom_js":"","_kad_post_transparent":"","_kad_post_title":"","_kad_post_layout":"","_kad_post_sidebar_id":"","_kad_post_content_style":"","_kad_post_vertical_padding":"","_kad_post_feature":"","_kad_post_feature_position":"","_kad_post_header":false,"_kad_post_footer":false},"product_brand":[55],"product_cat":[139,22],"product_tag":[],"class_list":{"0":"post-3152","1":"product","2":"type-product","3":"status-publish","4":"has-post-thumbnail","6":"product_brand-nike","7":"product_cat-australia-i-oceania","8":"product_cat-reprezentacje","9":"pa_rozmiar-s","11":"first","12":"instock","13":"taxable","14":"shipping-taxable","15":"purchasable","16":"product-type-simple","17":"entry","18":"content-bg","19":"loop-entry"},"taxonomy_info":{"product_brand":[{"value":55,"label":"Nike"}],"product_cat":[{"value":139,"label":"Australia i Oceania"},{"value":22,"label":"REPREZENTACJE"}],"pa_rozmiar":[{"value":19,"label":"S"}]},"featured_image_src_large":["https:\/\/fts.you2.pl\/wp-content\/uploads\/2025\/09\/Photoroom_020_20250725_110144-1024x1024.png",1024,1024,true],"author_info":[],"comment_info":"","_links":{"self":[{"href":"https:\/\/fts.you2.pl\/de\/wp-json\/wp\/v2\/product\/3152","targetHints":{"allow":["GET"]}}],"collection":[{"href":"https:\/\/fts.you2.pl\/de\/wp-json\/wp\/v2\/product"}],"about":[{"href":"https:\/\/fts.you2.pl\/de\/wp-json\/wp\/v2\/types\/product"}],"wp:featuredmedia":[{"embeddable":true,"href":"https:\/\/fts.you2.pl\/de\/wp-json\/wp\/v2\/media\/14849"}],"wp:attachment":[{"href":"https:\/\/fts.you2.pl\/de\/wp-json\/wp\/v2\/media?parent=3152"}],"wp:term":[{"taxonomy":"product_brand","embeddable":true,"href":"https:\/\/fts.you2.pl\/de\/wp-json\/wp\/v2\/product_brand?post=3152"},{"taxonomy":"product_cat","embeddable":true,"href":"https:\/\/fts.you2.pl\/de\/wp-json\/wp\/v2\/product_cat?post=3152"},{"taxonomy":"product_tag","embeddable":true,"href":"https:\/\/fts.you2.pl\/de\/wp-json\/wp\/v2\/product_tag?post=3152"}],"curies":[{"name":"wp","href":"https:\/\/api.w.org\/{rel}","templated":true}]}}