{"id":3154,"date":"2025-07-27T15:59:43","date_gmt":"2025-07-27T13:59:43","guid":{"rendered":"https:\/\/fts.you2.pl\/index.php\/produkt\/koszulka-pilkarska-czechy-2006-08-home-l\/"},"modified":"2025-09-19T17:11:30","modified_gmt":"2025-09-19T15:11:30","slug":"koszulka-pilkarska-czechy-2006-08-home-l","status":"publish","type":"product","link":"https:\/\/fts.you2.pl\/de\/koszulka-pilkarska-czechy-2006-08-home-l\/","title":{"rendered":"Koszulka pi\u0142karska Czechy 2006\/08 Home [L]"},"content":{"rendered":"<p><strong>Klub:<\/strong> Czechy<\/p>\n<p><strong>Sezon:<\/strong> 2006\/08 Home<\/p>\n<p><strong>Rozmiar: <\/strong>L<\/p>\n<p><strong>Stan:<\/strong> Doskona\u0142y<\/p>\n<p><strong>Wymiary (szeroko\u015b\u0107 pod pachami\/d\u0142ugo\u015b\u0107) w cm: <\/strong>57\/75<\/p>","protected":false},"excerpt":{"rendered":"<p data-start=\"0\" data-end=\"57\"><strong data-start=\"0\" data-end=\"55\">Domowa koszulka Czech 2006\/08 Puma z logo T-Mobile.<\/strong><\/p>\n<p data-start=\"59\" data-end=\"469\" data-is-last-node=\"\" data-is-only-node=\"\">Oryginalna <strong data-start=\"70\" data-end=\"135\">domowa koszulka pi\u0142karska reprezentacji Czech z lat 2006\u20132008<\/strong>, wyprodukowana przez <strong data-start=\"157\" data-end=\"165\">Pum\u0119<\/strong>, utrzymana jest w tradycyjnym <strong data-start=\"196\" data-end=\"217\">czerwonym kolorze<\/strong>. Na froncie widnieje <strong data-start=\"239\" data-end=\"259\">sponsor T\u2011Mobile<\/strong>, a ca\u0142o\u015b\u0107 zdobi <strong data-start=\"276\" data-end=\"313\">haftowany herb czeskiej federacji<\/strong>. Lekka, oddychaj\u0105ca tkanina zapewnia komfort, a klasyczny design nawi\u0105zuje do wyst\u0119p\u00f3w dru\u017cyny z gwiazdami pokroju <strong data-start=\"429\" data-end=\"468\">Toma\u0161a Rosickiego czy Milana Baro\u0161a<\/strong>.<\/p>","protected":false},"featured_media":14864,"template":"","meta":{"_kad_blocks_custom_css":"","_kad_blocks_head_custom_js":"","_kad_blocks_body_custom_js":"","_kad_blocks_footer_custom_js":"","_kad_post_transparent":"","_kad_post_title":"","_kad_post_layout":"","_kad_post_sidebar_id":"","_kad_post_content_style":"","_kad_post_vertical_padding":"","_kad_post_feature":"","_kad_post_feature_position":"","_kad_post_header":false,"_kad_post_footer":false},"product_brand":[86],"product_cat":[23,114,22],"product_tag":[],"class_list":{"0":"post-3154","1":"product","2":"type-product","3":"status-publish","4":"has-post-thumbnail","6":"product_brand-puma","7":"product_cat-europa","8":"product_cat-pozostale","9":"product_cat-reprezentacje","10":"pa_rozmiar-l","12":"first","13":"instock","14":"taxable","15":"shipping-taxable","16":"purchasable","17":"product-type-simple","18":"entry","19":"content-bg","20":"loop-entry"},"taxonomy_info":{"product_brand":[{"value":86,"label":"Puma"}],"product_cat":[{"value":23,"label":"Europa"},{"value":114,"label":"Pozosta\u0142e"},{"value":22,"label":"REPREZENTACJE"}],"pa_rozmiar":[{"value":39,"label":"L"}]},"featured_image_src_large":["https:\/\/fts.you2.pl\/wp-content\/uploads\/2025\/09\/Photoroom_054_20250725_110144-1024x1024.png",1024,1024,true],"author_info":[],"comment_info":"","_links":{"self":[{"href":"https:\/\/fts.you2.pl\/de\/wp-json\/wp\/v2\/product\/3154","targetHints":{"allow":["GET"]}}],"collection":[{"href":"https:\/\/fts.you2.pl\/de\/wp-json\/wp\/v2\/product"}],"about":[{"href":"https:\/\/fts.you2.pl\/de\/wp-json\/wp\/v2\/types\/product"}],"wp:featuredmedia":[{"embeddable":true,"href":"https:\/\/fts.you2.pl\/de\/wp-json\/wp\/v2\/media\/14864"}],"wp:attachment":[{"href":"https:\/\/fts.you2.pl\/de\/wp-json\/wp\/v2\/media?parent=3154"}],"wp:term":[{"taxonomy":"product_brand","embeddable":true,"href":"https:\/\/fts.you2.pl\/de\/wp-json\/wp\/v2\/product_brand?post=3154"},{"taxonomy":"product_cat","embeddable":true,"href":"https:\/\/fts.you2.pl\/de\/wp-json\/wp\/v2\/product_cat?post=3154"},{"taxonomy":"product_tag","embeddable":true,"href":"https:\/\/fts.you2.pl\/de\/wp-json\/wp\/v2\/product_tag?post=3154"}],"curies":[{"name":"wp","href":"https:\/\/api.w.org\/{rel}","templated":true}]}}