{"id":3156,"date":"2025-07-27T15:59:32","date_gmt":"2025-07-27T13:59:32","guid":{"rendered":"https:\/\/fts.you2.pl\/index.php\/produkt\/koszulka-pilkarska-hearts-of-midlothian-2002-04-home-xl\/"},"modified":"2025-09-19T17:12:24","modified_gmt":"2025-09-19T15:12:24","slug":"koszulka-pilkarska-hearts-of-midlothian-2002-04-home-xl","status":"publish","type":"product","link":"https:\/\/fts.you2.pl\/de\/koszulka-pilkarska-hearts-of-midlothian-2002-04-home-xl\/","title":{"rendered":"Koszulka pi\u0142karska Hearts of Midlothian 2002\/04 Home [XL]"},"content":{"rendered":"<p><strong>Klub:<\/strong> Hearts of Midlothian<\/p>\n<p><strong>Sezon:<\/strong> 2002\/04 Home<\/p>\n<p><strong>Rozmiar: <\/strong>XL<\/p>\n<p><strong>Stan:<\/strong> Bardzo dobry &#8211; jedno niewielkie zaci\u0105gni\u0119cie.<\/p>\n<p><strong>Wymiary (szeroko\u015b\u0107 pod pachami\/d\u0142ugo\u015b\u0107) w cm: <\/strong>61\/75<\/p>","protected":false},"excerpt":{"rendered":"<p data-start=\"0\" data-end=\"69\"><strong data-start=\"0\" data-end=\"67\">Domowa koszulka Hearts of Midlothian 2002\/04 produkcji Reeboka.<\/strong><\/p>\n<p data-start=\"71\" data-end=\"591\">Oryginalna <strong data-start=\"82\" data-end=\"148\">domowa koszulka pi\u0142karska Hearts of Midlothian z lat 2002\u20132004<\/strong> to klasyczny model zaprojektowany przez <strong data-start=\"189\" data-end=\"200\">Reeboka<\/strong>, kt\u00f3ry idealnie oddaje tradycyjny charakter szkockiego klubu. Utrzymana w g\u0142\u0119bokim <strong data-start=\"284\" data-end=\"304\">bordowym kolorze<\/strong>, ozdobiona jest <strong data-start=\"321\" data-end=\"341\">bia\u0142ymi detalami<\/strong> na ko\u0142nierzyku i r\u0119kawkach, a na piersi widnieje wyszywany <strong data-start=\"401\" data-end=\"418\">herb Hearts\u00f3w<\/strong> oraz charakterystyczne logo Reeboka. Lekki, oddychaj\u0105cy materia\u0142 zapewnia komfort noszenia, a prosty, elegancki design podkre\u015bla historyczny styl tej dru\u017cyny z Edynburga.<\/p>\n<p data-start=\"593\" data-end=\"742\">To wyj\u0105tkowy model dla kolekcjoner\u00f3w i fan\u00f3w szkockiej pi\u0142ki, przypominaj\u0105cy o emocjach, jakie towarzyszy\u0142y zespo\u0142owi Hearts na pocz\u0105tku XXI wieku.<\/p>","protected":false},"featured_media":14881,"template":"","meta":{"_kad_blocks_custom_css":"","_kad_blocks_head_custom_js":"","_kad_blocks_body_custom_js":"","_kad_blocks_footer_custom_js":"","_kad_post_transparent":"","_kad_post_title":"","_kad_post_layout":"","_kad_post_sidebar_id":"","_kad_post_content_style":"","_kad_post_vertical_padding":"","_kad_post_feature":"","_kad_post_feature_position":"","_kad_post_header":false,"_kad_post_footer":false},"product_brand":[30],"product_cat":[50,31,235],"product_tag":[],"class_list":{"0":"post-3156","1":"product","2":"type-product","3":"status-publish","4":"has-post-thumbnail","6":"product_brand-reebok","7":"product_cat-kluby-europejskie-kluby-europejskie","8":"product_cat-kluby-europejskie","9":"product_cat-szkocja","10":"pa_rozmiar-xl","12":"first","13":"instock","14":"taxable","15":"shipping-taxable","16":"purchasable","17":"product-type-simple","18":"entry","19":"content-bg","20":"loop-entry"},"taxonomy_info":{"product_brand":[{"value":30,"label":"Reebok"}],"product_cat":[{"value":50,"label":"Kluby Europejskie"},{"value":31,"label":"Kluby Europejskie"},{"value":235,"label":"Szkocja"}],"pa_rozmiar":[{"value":57,"label":"XL"}]},"featured_image_src_large":["https:\/\/fts.you2.pl\/wp-content\/uploads\/2025\/09\/Photoroom_034_20250725_110144-1024x1024.png",1024,1024,true],"author_info":[],"comment_info":"","_links":{"self":[{"href":"https:\/\/fts.you2.pl\/de\/wp-json\/wp\/v2\/product\/3156","targetHints":{"allow":["GET"]}}],"collection":[{"href":"https:\/\/fts.you2.pl\/de\/wp-json\/wp\/v2\/product"}],"about":[{"href":"https:\/\/fts.you2.pl\/de\/wp-json\/wp\/v2\/types\/product"}],"wp:featuredmedia":[{"embeddable":true,"href":"https:\/\/fts.you2.pl\/de\/wp-json\/wp\/v2\/media\/14881"}],"wp:attachment":[{"href":"https:\/\/fts.you2.pl\/de\/wp-json\/wp\/v2\/media?parent=3156"}],"wp:term":[{"taxonomy":"product_brand","embeddable":true,"href":"https:\/\/fts.you2.pl\/de\/wp-json\/wp\/v2\/product_brand?post=3156"},{"taxonomy":"product_cat","embeddable":true,"href":"https:\/\/fts.you2.pl\/de\/wp-json\/wp\/v2\/product_cat?post=3156"},{"taxonomy":"product_tag","embeddable":true,"href":"https:\/\/fts.you2.pl\/de\/wp-json\/wp\/v2\/product_tag?post=3156"}],"curies":[{"name":"wp","href":"https:\/\/api.w.org\/{rel}","templated":true}]}}