{"id":3160,"date":"2025-07-27T15:59:29","date_gmt":"2025-07-27T13:59:29","guid":{"rendered":"https:\/\/fts.you2.pl\/index.php\/produkt\/koszulka-pilkarska-msv-duisburg-1999-00-home-xxl\/"},"modified":"2025-09-19T17:14:01","modified_gmt":"2025-09-19T15:14:01","slug":"koszulka-pilkarska-msv-duisburg-1999-00-home-xxl","status":"publish","type":"product","link":"https:\/\/fts.you2.pl\/de\/koszulka-pilkarska-msv-duisburg-1999-00-home-xxl\/","title":{"rendered":"Koszulka pi\u0142karska MSV Duisburg 1999\/00 Home [XXL]"},"content":{"rendered":"<p><strong>Klub:<\/strong> MSV Duisburg<\/p>\n<p><strong>Sezon:<\/strong> 1999\/00 Home<\/p>\n<p><strong>Rozmiar: <\/strong>XXL<\/p>\n<p><strong>Stan:<\/strong> Zadowalaj\u0105cy &#8211; mikro oraz ma\u0142e zaci\u0105gni\u0119cia wyst\u0119puj\u0105ce zar\u00f3wno na froncie, z ty\u0142u jak i na r\u0119kawku.<\/p>\n<p><strong>Wymiary (szeroko\u015b\u0107 pod pachami\/d\u0142ugo\u015b\u0107) w cm: <\/strong>65\/79<\/p>","protected":false},"excerpt":{"rendered":"<p data-start=\"0\" data-end=\"68\"><strong data-start=\"0\" data-end=\"66\">Oryginalna koszulka pi\u0142karska MSV Duisburg 1999\/00 produkcji Uhlsport.<\/strong><\/p>\n<p data-start=\"70\" data-end=\"519\">Przedstawiamy <strong data-start=\"84\" data-end=\"147\">oryginaln\u0105 koszulk\u0119 pi\u0142karsk\u0105 MSV Duisburg z sezonu 1999\/00<\/strong>, wyprodukowan\u0105 przez renomowan\u0105 firm\u0119 <strong>Uhlsport<\/strong>. Ten model to prawdziwy klasyk z ko\u0144c\u00f3wki lat 90., wyr\u00f3\u017cniaj\u0105cy si\u0119 tradycyjnym bia\u0142o-niebieskim uk\u0142adem barw, charakterystycznym dla \u201eZebr\u201d \u2013 przydomku, kt\u00f3ry od lat towarzyszy dru\u017cynie. Na froncie widnieje historyczne logo klubu oraz oznaczenia producenta, kt\u00f3re podkre\u015blaj\u0105 jako\u015b\u0107 i autentyczno\u015b\u0107 tego modelu.<\/p>\n<p data-start=\"521\" data-end=\"976\">Koszulka zosta\u0142a wykonana z wytrzyma\u0142ego, ale lekkiego materia\u0142u, typowego dla odzie\u017cy pi\u0142karskiej tamtego okresu. Lu\u017aniejszy kr\u00f3j, klasyczny ko\u0142nierzyk i wyrazisty wz\u00f3r sprawiaj\u0105, \u017ce ten model doskonale oddaje klimat Bundesligi prze\u0142omu wiek\u00f3w. <strong data-start=\"767\" data-end=\"813\">Oryginalna koszulka pi\u0142karska MSV Duisburg<\/strong> z sezonu 1999\/00 przypomina o czasach, gdy klub rywalizowa\u0142 na najwy\u017cszym szczeblu rozgrywek w Niemczech, buduj\u0105c swoj\u0105 pozycj\u0119 w historii niemieckiego futbolu.<\/p>\n<p data-start=\"978\" data-end=\"1139\">To doskona\u0142y wyb\u00f3r dla kolekcjoner\u00f3w, fan\u00f3w retro stylu i wszystkich kibic\u00f3w, kt\u00f3rzy chc\u0105 mie\u0107 w swojej kolekcji wyj\u0105tkowy kawa\u0142ek historii \u201eZebr\u201d z Duisburga. To w\u0142a\u015bnie w tym okresie barwy \u201eZebr\u201d reprezentowa\u0142 m.in. <strong data-start=\"961\" data-end=\"977\">Tomasz Hajto<\/strong>, jeden z czo\u0142owych polskich obro\u0144c\u00f3w, kt\u00f3ry swoj\u0105 waleczno\u015bci\u0105 i zaanga\u017cowaniem zapisa\u0142 si\u0119 w pami\u0119ci kibic\u00f3w.<\/p>","protected":false},"featured_media":14913,"template":"","meta":{"_kad_blocks_custom_css":"","_kad_blocks_head_custom_js":"","_kad_blocks_body_custom_js":"","_kad_blocks_footer_custom_js":"","_kad_post_transparent":"","_kad_post_title":"","_kad_post_layout":"","_kad_post_sidebar_id":"","_kad_post_content_style":"","_kad_post_vertical_padding":"","_kad_post_feature":"","_kad_post_feature_position":"","_kad_post_header":false,"_kad_post_footer":false},"product_brand":[299],"product_cat":[31,46,174],"product_tag":[],"class_list":{"0":"post-3160","1":"product","2":"type-product","3":"status-publish","4":"has-post-thumbnail","6":"product_brand-uhlsport","7":"product_cat-kluby-europejskie","8":"product_cat-kluby-niemieckie","9":"product_cat-pozostale-kluby-niemieckie","10":"pa_rozmiar-xxl","12":"first","13":"instock","14":"taxable","15":"shipping-taxable","16":"purchasable","17":"product-type-simple","18":"entry","19":"content-bg","20":"loop-entry"},"taxonomy_info":{"product_brand":[{"value":299,"label":"Uhlsport"}],"product_cat":[{"value":31,"label":"Kluby Europejskie"},{"value":46,"label":"Kluby Niemieckie"},{"value":174,"label":"Pozosta\u0142e kluby niemieckie"}],"pa_rozmiar":[{"value":71,"label":"XXL"}]},"featured_image_src_large":["https:\/\/fts.you2.pl\/wp-content\/uploads\/2025\/09\/Photoroom_012_20250725_110144-1024x1024.png",1024,1024,true],"author_info":[],"comment_info":"","_links":{"self":[{"href":"https:\/\/fts.you2.pl\/de\/wp-json\/wp\/v2\/product\/3160","targetHints":{"allow":["GET"]}}],"collection":[{"href":"https:\/\/fts.you2.pl\/de\/wp-json\/wp\/v2\/product"}],"about":[{"href":"https:\/\/fts.you2.pl\/de\/wp-json\/wp\/v2\/types\/product"}],"wp:featuredmedia":[{"embeddable":true,"href":"https:\/\/fts.you2.pl\/de\/wp-json\/wp\/v2\/media\/14913"}],"wp:attachment":[{"href":"https:\/\/fts.you2.pl\/de\/wp-json\/wp\/v2\/media?parent=3160"}],"wp:term":[{"taxonomy":"product_brand","embeddable":true,"href":"https:\/\/fts.you2.pl\/de\/wp-json\/wp\/v2\/product_brand?post=3160"},{"taxonomy":"product_cat","embeddable":true,"href":"https:\/\/fts.you2.pl\/de\/wp-json\/wp\/v2\/product_cat?post=3160"},{"taxonomy":"product_tag","embeddable":true,"href":"https:\/\/fts.you2.pl\/de\/wp-json\/wp\/v2\/product_tag?post=3160"}],"curies":[{"name":"wp","href":"https:\/\/api.w.org\/{rel}","templated":true}]}}