{"id":3169,"date":"2025-07-27T15:59:40","date_gmt":"2025-07-27T13:59:40","guid":{"rendered":"https:\/\/fts.you2.pl\/index.php\/produkt\/koszulka-treningowa-dania-2018-20-s\/"},"modified":"2025-09-19T17:17:52","modified_gmt":"2025-09-19T15:17:52","slug":"koszulka-treningowa-dania-2018-20-s","status":"publish","type":"product","link":"https:\/\/fts.you2.pl\/de\/koszulka-treningowa-dania-2018-20-s\/","title":{"rendered":"Koszulka treningowa Dania 2018\/20 [S]"},"content":{"rendered":"<p><strong>Klub:<\/strong> Dania<\/p>\n<p><strong>Sezon:<\/strong> 2018\/20<\/p>\n<p><strong>Rozmiar: <\/strong>S<\/p>\n<p><strong>Stan:<\/strong> Doskona\u0142y<\/p>\n<p><strong>Wymiary (szeroko\u015b\u0107 pod pachami\/d\u0142ugo\u015b\u0107) w cm: <\/strong>48\/66<\/p>","protected":false},"excerpt":{"rendered":"<p><strong>Oryginalna treningowa koszulka pi\u0142karska Danii z lat 2018\/20<\/strong>. Jest to str\u00f3j, kt\u00f3ry zosta\u0142 przez du\u0144sk\u0105 federacj\u0119 pi\u0142karsk\u0105 przekazany do jednej z wielu <strong>szk\u00f3\u0142ek pi\u0142karskich<\/strong>.<\/p>","protected":false},"featured_media":14995,"template":"","meta":{"_kad_blocks_custom_css":"","_kad_blocks_head_custom_js":"","_kad_blocks_body_custom_js":"","_kad_blocks_footer_custom_js":"","_kad_post_transparent":"","_kad_post_title":"","_kad_post_layout":"","_kad_post_sidebar_id":"","_kad_post_content_style":"","_kad_post_vertical_padding":"","_kad_post_feature":"","_kad_post_feature_position":"","_kad_post_header":false,"_kad_post_footer":false},"product_brand":[201],"product_cat":[23,25,26,114,22],"product_tag":[],"class_list":{"0":"post-3169","1":"product","2":"type-product","3":"status-publish","4":"has-post-thumbnail","6":"product_brand-hummel","7":"product_cat-europa","8":"product_cat-inne","9":"product_cat-kurtki-bluzy-trening","10":"product_cat-pozostale","11":"product_cat-reprezentacje","12":"pa_rozmiar-s","14":"first","15":"instock","16":"taxable","17":"shipping-taxable","18":"purchasable","19":"product-type-simple","20":"entry","21":"content-bg","22":"loop-entry"},"taxonomy_info":{"product_brand":[{"value":201,"label":"Hummel"}],"product_cat":[{"value":23,"label":"Europa"},{"value":25,"label":"Inne"},{"value":26,"label":"Kurtki\/bluzy\/trening"},{"value":114,"label":"Pozosta\u0142e"},{"value":22,"label":"REPREZENTACJE"}],"pa_rozmiar":[{"value":19,"label":"S"}]},"featured_image_src_large":["https:\/\/fts.you2.pl\/wp-content\/uploads\/2025\/09\/Photoroom_030_20250725_110144-1024x1024.png",1024,1024,true],"author_info":[],"comment_info":"","_links":{"self":[{"href":"https:\/\/fts.you2.pl\/de\/wp-json\/wp\/v2\/product\/3169","targetHints":{"allow":["GET"]}}],"collection":[{"href":"https:\/\/fts.you2.pl\/de\/wp-json\/wp\/v2\/product"}],"about":[{"href":"https:\/\/fts.you2.pl\/de\/wp-json\/wp\/v2\/types\/product"}],"wp:featuredmedia":[{"embeddable":true,"href":"https:\/\/fts.you2.pl\/de\/wp-json\/wp\/v2\/media\/14995"}],"wp:attachment":[{"href":"https:\/\/fts.you2.pl\/de\/wp-json\/wp\/v2\/media?parent=3169"}],"wp:term":[{"taxonomy":"product_brand","embeddable":true,"href":"https:\/\/fts.you2.pl\/de\/wp-json\/wp\/v2\/product_brand?post=3169"},{"taxonomy":"product_cat","embeddable":true,"href":"https:\/\/fts.you2.pl\/de\/wp-json\/wp\/v2\/product_cat?post=3169"},{"taxonomy":"product_tag","embeddable":true,"href":"https:\/\/fts.you2.pl\/de\/wp-json\/wp\/v2\/product_tag?post=3169"}],"curies":[{"name":"wp","href":"https:\/\/api.w.org\/{rel}","templated":true}]}}