{"id":3170,"date":"2025-07-27T15:59:40","date_gmt":"2025-07-27T13:59:40","guid":{"rendered":"https:\/\/fts.you2.pl\/index.php\/produkt\/koszulka-treningowa-fc-barcelona-2011-12-s\/"},"modified":"2025-09-19T17:18:26","modified_gmt":"2025-09-19T15:18:26","slug":"koszulka-treningowa-fc-barcelona-2011-12-s","status":"publish","type":"product","link":"https:\/\/fts.you2.pl\/de\/koszulka-treningowa-fc-barcelona-2011-12-s\/","title":{"rendered":"Koszulka treningowa FC Barcelona 2011\/12 [S]"},"content":{"rendered":"<p><strong>Klub: <\/strong>FC Barcelona<\/p>\n<p><strong>Sezon:<\/strong> 2011\/12<\/p>\n<p><strong>Rozmiar: <\/strong>S<\/p>\n<p><strong>Stan:<\/strong> Dobry &#8211; kilka drobnych zaci\u0105gni\u0119\u0107, niewielkie zabrudzenie na froncie oraz miejscowo, nieznacznie pozrywane szwy.<\/p>\n<p><strong>Wymiary (szeroko\u015b\u0107 pod pachami\/d\u0142ugo\u015b\u0107) w cm: <\/strong>48\/73<\/p>","protected":false},"excerpt":{"rendered":"<p data-start=\"0\" data-end=\"71\"><strong data-start=\"0\" data-end=\"69\">Treningowa koszulka pi\u0142karska FC Barcelony Nike z sezonu 2011\/12.<\/strong><\/p>\n<p data-start=\"73\" data-end=\"566\">Oryginalna <strong data-start=\"84\" data-end=\"130\">treningowa koszulka pi\u0142karska FC Barcelony<\/strong> z sezonu 2011\/12, produkcji Nike. Utrzymana w turkusowej kolorystyce z \u017c\u00f3\u0142tym, kontrastuj\u0105cym pasem i klasycznym herbem Blaugrany na piersi. Wykonana w technologii <strong data-start=\"295\" data-end=\"306\">Dri-FIT<\/strong>, co gwarantuje \u015bwietn\u0105 wentylacj\u0119 i komfort podczas aktywno\u015bci fizycznej. To model, w kt\u00f3rym trenowali tacy pi\u0142karze jak <strong>Lionel Messi, Xavi<\/strong> czy <strong>Andr\u00e9s Iniesta<\/strong> w erze dominacji <strong>Pepa Guardioli<\/strong>. Idealna propozycja dla fan\u00f3w i kolekcjoner\u00f3w katalo\u0144skiego klubu.<\/p>","protected":false},"featured_media":15001,"template":"","meta":{"_kad_blocks_custom_css":"","_kad_blocks_head_custom_js":"","_kad_blocks_body_custom_js":"","_kad_blocks_footer_custom_js":"","_kad_post_transparent":"","_kad_post_title":"","_kad_post_layout":"","_kad_post_sidebar_id":"","_kad_post_content_style":"","_kad_post_vertical_padding":"","_kad_post_feature":"","_kad_post_feature_position":"","_kad_post_header":false,"_kad_post_footer":false},"product_brand":[55],"product_cat":[248,25,31,87,26],"product_tag":[],"class_list":{"0":"post-3170","1":"product","2":"type-product","3":"status-publish","4":"has-post-thumbnail","6":"product_brand-nike","7":"product_cat-fc-barcelona","8":"product_cat-inne","9":"product_cat-kluby-europejskie","10":"product_cat-kluby-hiszpanskie","11":"product_cat-kurtki-bluzy-trening","12":"pa_rozmiar-s","14":"first","15":"instock","16":"taxable","17":"shipping-taxable","18":"purchasable","19":"product-type-simple","20":"entry","21":"content-bg","22":"loop-entry"},"taxonomy_info":{"product_brand":[{"value":55,"label":"Nike"}],"product_cat":[{"value":248,"label":"FC Barcelona"},{"value":25,"label":"Inne"},{"value":31,"label":"Kluby Europejskie"},{"value":87,"label":"Kluby Hiszpa\u0144skie"},{"value":26,"label":"Kurtki\/bluzy\/trening"}],"pa_rozmiar":[{"value":19,"label":"S"}]},"featured_image_src_large":["https:\/\/fts.you2.pl\/wp-content\/uploads\/2025\/09\/Photoroom_006_20250725_110144-1024x1024.png",1024,1024,true],"author_info":[],"comment_info":"","_links":{"self":[{"href":"https:\/\/fts.you2.pl\/de\/wp-json\/wp\/v2\/product\/3170","targetHints":{"allow":["GET"]}}],"collection":[{"href":"https:\/\/fts.you2.pl\/de\/wp-json\/wp\/v2\/product"}],"about":[{"href":"https:\/\/fts.you2.pl\/de\/wp-json\/wp\/v2\/types\/product"}],"wp:featuredmedia":[{"embeddable":true,"href":"https:\/\/fts.you2.pl\/de\/wp-json\/wp\/v2\/media\/15001"}],"wp:attachment":[{"href":"https:\/\/fts.you2.pl\/de\/wp-json\/wp\/v2\/media?parent=3170"}],"wp:term":[{"taxonomy":"product_brand","embeddable":true,"href":"https:\/\/fts.you2.pl\/de\/wp-json\/wp\/v2\/product_brand?post=3170"},{"taxonomy":"product_cat","embeddable":true,"href":"https:\/\/fts.you2.pl\/de\/wp-json\/wp\/v2\/product_cat?post=3170"},{"taxonomy":"product_tag","embeddable":true,"href":"https:\/\/fts.you2.pl\/de\/wp-json\/wp\/v2\/product_tag?post=3170"}],"curies":[{"name":"wp","href":"https:\/\/api.w.org\/{rel}","templated":true}]}}