{"id":3177,"date":"2025-08-03T15:49:29","date_gmt":"2025-08-03T13:49:29","guid":{"rendered":"https:\/\/fts.you2.pl\/index.php\/produkt\/koszulka-treningowa-deportivo-alaves-2019-20-xl\/"},"modified":"2025-09-19T17:21:57","modified_gmt":"2025-09-19T15:21:57","slug":"koszulka-treningowa-deportivo-alaves-2019-20-xl","status":"publish","type":"product","link":"https:\/\/fts.you2.pl\/de\/koszulka-treningowa-deportivo-alaves-2019-20-xl\/","title":{"rendered":"Koszulka treningowa Deportivo Alaves 2019\/20 [XL]"},"content":{"rendered":"<p><strong>Klub:<\/strong> Deportivo Alaves<\/p>\n<p><strong>Sezon:<\/strong> 2019\/20<\/p>\n<p><strong>Rozmiar: <\/strong>XL<\/p>\n<p><strong>Stan:<\/strong> Doskona\u0142y<\/p>\n<p><strong>Wymiary (szeroko\u015b\u0107 pod pachami\/d\u0142ugo\u015b\u0107) w cm: <\/strong>55\/72<\/p>","protected":false},"excerpt":{"rendered":"<article class=\"text-token-text-primary w-full focus:outline-none scroll-mt-[calc(var(--header-height)+min(200px,max(70px,20svh)))]\" dir=\"auto\" tabindex=\"-1\" data-testid=\"conversation-turn-26\" data-scroll-anchor=\"true\" data-turn=\"assistant\">\n<div class=\"text-base my-auto mx-auto pb-10 [--thread-content-margin:--spacing(4)] @[37rem]:[--thread-content-margin:--spacing(6)] @[72rem]:[--thread-content-margin:--spacing(16)] px-(--thread-content-margin)\">\n<div class=\"[--thread-content-max-width:32rem] @[34rem]:[--thread-content-max-width:40rem] @[64rem]:[--thread-content-max-width:48rem] mx-auto max-w-(--thread-content-max-width) flex-1 group\/turn-messages focus-visible:outline-hidden relative flex w-full min-w-0 flex-col agent-turn\" tabindex=\"-1\">\n<div class=\"flex max-w-full flex-col grow\">\n<div class=\"min-h-8 text-message relative flex w-full flex-col items-end gap-2 text-start break-words whitespace-normal [.text-message+&amp;]:mt-5\" dir=\"auto\" data-message-author-role=\"assistant\" data-message-id=\"1521cacc-3244-4c0b-b3be-978477ab8c96\" data-message-model-slug=\"gpt-4o\">\n<div class=\"flex w-full flex-col gap-1 empty:hidden first:pt-[3px]\">\n<div class=\"markdown prose dark:prose-invert w-full break-words light\">\n<p data-start=\"0\" data-end=\"498\" data-is-last-node=\"\" data-is-only-node=\"\"><strong data-start=\"0\" data-end=\"85\" data-is-only-node=\"\">Oryginalna koszulka treningowa Deportivo Alav\u00e9s z sezonu 2019\/20 produkcji Kelme.<\/strong><\/p>\n<p data-start=\"0\" data-end=\"498\" data-is-last-node=\"\" data-is-only-node=\"\"><br data-start=\"85\" data-end=\"88\" \/>Ta <strong data-start=\"91\" data-end=\"141\">treningowa koszulka pi\u0142karska Deportivo Alav\u00e9s<\/strong> z sezonu <strong data-start=\"151\" data-end=\"162\">2019\/20<\/strong> to oficjalny model hiszpa\u0144skiej marki <strong data-start=\"201\" data-end=\"210\">Kelme<\/strong>, zaprojektowany z my\u015bl\u0105 o profesjonalnym treningu. Utrzymana w <strong data-start=\"274\" data-end=\"297\">czarnej kolorystyce<\/strong> z subtelnymi <strong data-start=\"311\" data-end=\"336\">niebieskimi wstawkami<\/strong>, idealnie oddaje nowoczesny styl baskijskiego klubu. Lekka, funkcjonalna i w pe\u0142ni oryginalna \u2013 doskona\u0142a dla fan\u00f3w <strong data-start=\"453\" data-end=\"464\">La Liga<\/strong> i kolekcjoner\u00f3w odzie\u017cy klubowej.<\/p>\n<\/div>\n<\/div>\n<\/div>\n<\/div>\n<\/div>\n<\/div>\n<\/article>\n<div class=\"pointer-events-none h-px w-px\" aria-hidden=\"true\" data-edge=\"true\"><\/div>","protected":false},"featured_media":15062,"template":"","meta":{"_kad_blocks_custom_css":"","_kad_blocks_head_custom_js":"","_kad_blocks_body_custom_js":"","_kad_blocks_footer_custom_js":"","_kad_post_transparent":"","_kad_post_title":"","_kad_post_layout":"","_kad_post_sidebar_id":"","_kad_post_content_style":"","_kad_post_vertical_padding":"","_kad_post_feature":"","_kad_post_feature_position":"","_kad_post_header":false,"_kad_post_footer":false},"product_brand":[164],"product_cat":[25,31,87,26,88],"product_tag":[],"class_list":{"0":"post-3177","1":"product","2":"type-product","3":"status-publish","4":"has-post-thumbnail","6":"product_brand-kelme","7":"product_cat-inne","8":"product_cat-kluby-europejskie","9":"product_cat-kluby-hiszpanskie","10":"product_cat-kurtki-bluzy-trening","11":"product_cat-pozostale-kluby-hiszpanskie","12":"pa_rozmiar-xl","14":"first","15":"instock","16":"taxable","17":"shipping-taxable","18":"purchasable","19":"product-type-simple","20":"entry","21":"content-bg","22":"loop-entry"},"taxonomy_info":{"product_brand":[{"value":164,"label":"Kelme"}],"product_cat":[{"value":25,"label":"Inne"},{"value":31,"label":"Kluby Europejskie"},{"value":87,"label":"Kluby Hiszpa\u0144skie"},{"value":26,"label":"Kurtki\/bluzy\/trening"},{"value":88,"label":"Pozosta\u0142e kluby hiszpa\u0144skie"}],"pa_rozmiar":[{"value":57,"label":"XL"}]},"featured_image_src_large":["https:\/\/fts.you2.pl\/wp-content\/uploads\/2025\/09\/Photoroom_042_20250801_191221-1024x1024.png",1024,1024,true],"author_info":[],"comment_info":"","_links":{"self":[{"href":"https:\/\/fts.you2.pl\/de\/wp-json\/wp\/v2\/product\/3177","targetHints":{"allow":["GET"]}}],"collection":[{"href":"https:\/\/fts.you2.pl\/de\/wp-json\/wp\/v2\/product"}],"about":[{"href":"https:\/\/fts.you2.pl\/de\/wp-json\/wp\/v2\/types\/product"}],"wp:featuredmedia":[{"embeddable":true,"href":"https:\/\/fts.you2.pl\/de\/wp-json\/wp\/v2\/media\/15062"}],"wp:attachment":[{"href":"https:\/\/fts.you2.pl\/de\/wp-json\/wp\/v2\/media?parent=3177"}],"wp:term":[{"taxonomy":"product_brand","embeddable":true,"href":"https:\/\/fts.you2.pl\/de\/wp-json\/wp\/v2\/product_brand?post=3177"},{"taxonomy":"product_cat","embeddable":true,"href":"https:\/\/fts.you2.pl\/de\/wp-json\/wp\/v2\/product_cat?post=3177"},{"taxonomy":"product_tag","embeddable":true,"href":"https:\/\/fts.you2.pl\/de\/wp-json\/wp\/v2\/product_tag?post=3177"}],"curies":[{"name":"wp","href":"https:\/\/api.w.org\/{rel}","templated":true}]}}