{"id":3180,"date":"2025-08-03T15:49:25","date_gmt":"2025-08-03T13:49:25","guid":{"rendered":"https:\/\/fts.you2.pl\/index.php\/produkt\/koszulka-treningowa-francja-2011-12-s\/"},"modified":"2025-09-19T17:23:34","modified_gmt":"2025-09-19T15:23:34","slug":"koszulka-treningowa-francja-2011-12-s","status":"publish","type":"product","link":"https:\/\/fts.you2.pl\/de\/koszulka-treningowa-francja-2011-12-s\/","title":{"rendered":"Koszulka treningowa Francja 2011\/12 [S]"},"content":{"rendered":"<p><strong>Klub:<\/strong> Francja<\/p>\n<p><strong>Sezon:<\/strong> 2011\/12<\/p>\n<p><strong>Rozmiar: <\/strong>S<\/p>\n<p><strong>Stan:<\/strong> Dobry &#8211; miejscami pourywane szwy w dolnym przeszyciu.<\/p>\n<p><strong>Wymiary (szeroko\u015b\u0107 pod pachami\/d\u0142ugo\u015b\u0107) w cm: <\/strong>48\/71<\/p>","protected":false},"excerpt":{"rendered":"<p><strong data-start=\"0\" data-end=\"91\" data-is-only-node=\"\">Oryginalna treningowa koszulka reprezentacji Francji z sezonu 2011\/12 \u2013 produkcji Nike.<\/strong><\/p>\n<p><br data-start=\"91\" data-end=\"94\" \/>Ta <strong data-start=\"97\" data-end=\"153\">oryginalna koszulka treningowa reprezentacji Francji<\/strong> z sezonu <strong data-start=\"163\" data-end=\"174\">2011\/12<\/strong> to oficjalny model produkcji <strong data-start=\"204\" data-end=\"212\">Nike<\/strong>, utrzymany w dominuj\u0105cym <strong data-start=\"238\" data-end=\"256\">szarym kolorze<\/strong> z charakterystycznymi <strong data-start=\"279\" data-end=\"303\">czerwonymi wstawkami<\/strong>. Na piersi znajduje si\u0119 <strong data-start=\"328\" data-end=\"350\">prasowany herb FFF<\/strong>, oraz logo <strong>Nike. <\/strong>Lekki, oddychaj\u0105cy materia\u0142 zapewnia <strong data-start=\"424\" data-end=\"452\">komfort i funkcjonalno\u015b\u0107<\/strong>, idealna dla fan\u00f3w <strong data-start=\"472\" data-end=\"493\">francuskiej kadry<\/strong> i kolekcjoner\u00f3w odzie\u017cy treningowej.<\/p>","protected":false},"featured_media":15082,"template":"","meta":{"_kad_blocks_custom_css":"","_kad_blocks_head_custom_js":"","_kad_blocks_body_custom_js":"","_kad_blocks_footer_custom_js":"","_kad_post_transparent":"","_kad_post_title":"","_kad_post_layout":"","_kad_post_sidebar_id":"","_kad_post_content_style":"","_kad_post_vertical_padding":"","_kad_post_feature":"","_kad_post_feature_position":"","_kad_post_header":false,"_kad_post_footer":false},"product_brand":[55],"product_cat":[23,267,25,26,22],"product_tag":[],"class_list":{"0":"post-3180","1":"product","2":"type-product","3":"status-publish","4":"has-post-thumbnail","6":"product_brand-nike","7":"product_cat-europa","8":"product_cat-francja","9":"product_cat-inne","10":"product_cat-kurtki-bluzy-trening","11":"product_cat-reprezentacje","12":"pa_rozmiar-s","14":"first","15":"instock","16":"taxable","17":"shipping-taxable","18":"purchasable","19":"product-type-simple","20":"entry","21":"content-bg","22":"loop-entry"},"taxonomy_info":{"product_brand":[{"value":55,"label":"Nike"}],"product_cat":[{"value":23,"label":"Europa"},{"value":267,"label":"Francja"},{"value":25,"label":"Inne"},{"value":26,"label":"Kurtki\/bluzy\/trening"},{"value":22,"label":"REPREZENTACJE"}],"pa_rozmiar":[{"value":19,"label":"S"}]},"featured_image_src_large":["https:\/\/fts.you2.pl\/wp-content\/uploads\/2025\/09\/Photoroom_012_20250801_191221-1024x1024.png",1024,1024,true],"author_info":[],"comment_info":"","_links":{"self":[{"href":"https:\/\/fts.you2.pl\/de\/wp-json\/wp\/v2\/product\/3180","targetHints":{"allow":["GET"]}}],"collection":[{"href":"https:\/\/fts.you2.pl\/de\/wp-json\/wp\/v2\/product"}],"about":[{"href":"https:\/\/fts.you2.pl\/de\/wp-json\/wp\/v2\/types\/product"}],"wp:featuredmedia":[{"embeddable":true,"href":"https:\/\/fts.you2.pl\/de\/wp-json\/wp\/v2\/media\/15082"}],"wp:attachment":[{"href":"https:\/\/fts.you2.pl\/de\/wp-json\/wp\/v2\/media?parent=3180"}],"wp:term":[{"taxonomy":"product_brand","embeddable":true,"href":"https:\/\/fts.you2.pl\/de\/wp-json\/wp\/v2\/product_brand?post=3180"},{"taxonomy":"product_cat","embeddable":true,"href":"https:\/\/fts.you2.pl\/de\/wp-json\/wp\/v2\/product_cat?post=3180"},{"taxonomy":"product_tag","embeddable":true,"href":"https:\/\/fts.you2.pl\/de\/wp-json\/wp\/v2\/product_tag?post=3180"}],"curies":[{"name":"wp","href":"https:\/\/api.w.org\/{rel}","templated":true}]}}