{"id":3187,"date":"2025-08-03T15:49:21","date_gmt":"2025-08-03T13:49:21","guid":{"rendered":"https:\/\/fts.you2.pl\/index.php\/produkt\/koszulka-pilkarska-rangers-fc-1997-98-away-xl\/"},"modified":"2025-09-19T17:26:56","modified_gmt":"2025-09-19T15:26:56","slug":"koszulka-pilkarska-rangers-fc-1997-98-away-xl","status":"publish","type":"product","link":"https:\/\/fts.you2.pl\/de\/koszulka-pilkarska-rangers-fc-1997-98-away-xl\/","title":{"rendered":"Koszulka pi\u0142karska Rangers FC 1997\/98 Away [XL]"},"content":{"rendered":"<p><strong>Klub:<\/strong> Rangers FC<\/p>\n<p><strong>Sezon:<\/strong> 1997\/98 Away<\/p>\n<p><strong>Rozmiar: <\/strong>XL<\/p>\n<p><strong>Stan:<\/strong> Bardzo dobry &#8211; dwa mikro zaci\u0105gni\u0119cia na plecach oraz drobne zabrudzenie na froncie.<\/p>\n<p><strong>Wymiary (szeroko\u015b\u0107 pod pachami\/d\u0142ugo\u015b\u0107) w cm: <\/strong>57\/72<\/p>","protected":false},"excerpt":{"rendered":"<article class=\"text-token-text-primary w-full focus:outline-none scroll-mt-[calc(var(--header-height)+min(200px,max(70px,20svh)))]\" dir=\"auto\" tabindex=\"-1\" data-testid=\"conversation-turn-114\" data-scroll-anchor=\"true\" data-turn=\"assistant\">\n<div class=\"text-base my-auto mx-auto pb-10 [--thread-content-margin:--spacing(4)] @[37rem]:[--thread-content-margin:--spacing(6)] @[72rem]:[--thread-content-margin:--spacing(16)] px-(--thread-content-margin)\">\n<div class=\"[--thread-content-max-width:32rem] @[34rem]:[--thread-content-max-width:40rem] @[64rem]:[--thread-content-max-width:48rem] mx-auto max-w-(--thread-content-max-width) flex-1 group\/turn-messages focus-visible:outline-hidden relative flex w-full min-w-0 flex-col agent-turn\" tabindex=\"-1\">\n<div class=\"flex max-w-full flex-col grow\">\n<div class=\"min-h-8 text-message relative flex w-full flex-col items-end gap-2 text-start break-words whitespace-normal [.text-message+&amp;]:mt-5\" dir=\"auto\" data-message-author-role=\"assistant\" data-message-id=\"906462c8-e222-42cc-9ff9-4927a2021f14\" data-message-model-slug=\"gpt-4o\">\n<div class=\"flex w-full flex-col gap-1 empty:hidden first:pt-[3px]\">\n<div class=\"markdown prose dark:prose-invert w-full break-words light\">\n<p data-start=\"0\" data-end=\"101\"><strong data-start=\"0\" data-end=\"99\">Oryginalna koszulka pi\u0142karska Rangers FC z sezonu 1997\/98 w wersji wyjazdowej \u2013 produkcji Nike.<\/strong><\/p>\n<p data-start=\"103\" data-end=\"590\">Ta <strong data-start=\"106\" data-end=\"150\">oryginalna wyjazdowa koszulka Rangers FC<\/strong> z sezonu <strong data-start=\"160\" data-end=\"171\">1997\/98<\/strong> to wyj\u0105tkowy model wyprodukowany przez <strong data-start=\"211\" data-end=\"219\">Nike<\/strong>, b\u0119d\u0105cy cz\u0119\u015bci\u0105 pierwszej i zarazem kr\u00f3tkiej wsp\u00f3\u0142pracy ameryka\u0144skiego giganta z jednym z najbardziej utytu\u0142owanych klub\u00f3w szkockiego futbolu. Projekt wyr\u00f3\u017cnia si\u0119 odwa\u017cnym designem \u2013 <strong data-start=\"404\" data-end=\"422\">bia\u0142a baza<\/strong> zosta\u0142a uzupe\u0142niona o <strong>ciemnoszare<\/strong><strong data-start=\"445\" data-end=\"466\">\u00a0panele<\/strong> i kontrastowe <strong data-start=\"481\" data-end=\"511\">detale w czerwonym kolorze<\/strong>, co nadaje koszulce dynamicznego i unikalnego wygl\u0105du, jak na ko\u0144c\u00f3wk\u0119 lat 90.<\/p>\n<p data-start=\"592\" data-end=\"1087\">Na piersi widnieje klasyczny <strong>herb<\/strong><strong data-start=\"621\" data-end=\"640\"> Rangers FC<\/strong>\u00a0oraz logo Nike z epoki, co doskonale wpisuje si\u0119 w stylistyk\u0119 tamtych lat. Frontalna cz\u0119\u015b\u0107 koszulki zawiera tak\u017ce nazw\u0119 sponsora g\u0142\u00f3wnego \u2013 <strong data-start=\"851\" data-end=\"869\">McEwan\u2019s Lager<\/strong>, kt\u00f3rego charakterystyczny logotyp przez wiele sezon\u00f3w by\u0142 nieod\u0142\u0105cznym elementem stroj\u00f3w Rangers\u00f3w. Ko\u0142nierzyk w stylu polo z zapinanym guzikiem dope\u0142nia ca\u0142o\u015b\u0107, podkre\u015blaj\u0105c <strong data-start=\"1045\" data-end=\"1063\">retro estetyk\u0119<\/strong> i autentyczno\u015b\u0107 modelu.<\/p>\n<p data-start=\"1089\" data-end=\"1575\">Sezon <strong data-start=\"1095\" data-end=\"1106\">1997\/98<\/strong> by\u0142 dla Rangers FC szczeg\u00f3lny \u2013 klub, kt\u00f3ry rok wcze\u015bniej si\u0119gn\u0105\u0142 po dziewi\u0105ty z rz\u0119du tytu\u0142 mistrzowski, walczy\u0142 o historyczn\u0105 \u201edziesi\u0105tk\u0119\u201d z rz\u0119du, jednak ostatecznie musia\u0142 uzna\u0107 wy\u017cszo\u015b\u0107 Celticu. Mimo to, dru\u017cyna prowadzona przez <strong data-start=\"1341\" data-end=\"1359\">Waltera Smitha<\/strong> (w jego ostatnim sezonie przed rozstaniem z klubem) prezentowa\u0142a si\u0119 solidnie w lidze i pucharach, a w jej sk\u0142adzie wyst\u0119powali tacy zawodnicy jak <strong data-start=\"1507\" data-end=\"1550\">Andy Goram, Brian Laudrup, J\u00f6rg Albertz<\/strong> czy <strong data-start=\"1555\" data-end=\"1574\">Gennaro Gattuso<\/strong>.<\/p>\n<p data-start=\"1577\" data-end=\"1941\">Koszulka ta uchodzi za jedn\u0105 z najbardziej <strong data-start=\"1620\" data-end=\"1672\">kultowych wyjazdowych koszulek Rangers\u00f3w lat 90.<\/strong> \u2013 zar\u00f3wno ze wzgl\u0119du na oryginalny design, jak i kontekst historyczny. Dzi\u0119ki solidnemu wykonaniu, charakterystycznemu krojowi i detalom typowym dla ko\u0144c\u00f3wki XX wieku, model ten jest dzi\u015b <strong data-start=\"1861\" data-end=\"1892\">ceniony przez kolekcjoner\u00f3w<\/strong> i <strong data-start=\"1895\" data-end=\"1923\">fan\u00f3w szkockiego futbolu<\/strong> na ca\u0142ym \u015bwiecie.<\/p>\n<p data-start=\"1943\" data-end=\"2143\" data-is-last-node=\"\" data-is-only-node=\"\">To \u015bwietny egzemplarz dla ka\u017cdego, kto ceni <strong data-start=\"1987\" data-end=\"2030\">autentyczne koszulki meczowe z histori\u0105<\/strong>, retro stylistyk\u0119 i <strong data-start=\"2051\" data-end=\"2088\">pi\u0142karskie dziedzictwo Rangers FC<\/strong> \u2013 jednego z najbardziej rozpoznawalnych klub\u00f3w Europy.<\/p>\n<\/div>\n<\/div>\n<\/div>\n<\/div>\n<\/div>\n<\/div>\n<\/article>\n<div class=\"pointer-events-none h-px w-px\" aria-hidden=\"true\" data-edge=\"true\"><\/div>","protected":false},"featured_media":15143,"template":"","meta":{"_kad_blocks_custom_css":"","_kad_blocks_head_custom_js":"","_kad_blocks_body_custom_js":"","_kad_blocks_footer_custom_js":"","_kad_post_transparent":"","_kad_post_title":"","_kad_post_layout":"","_kad_post_sidebar_id":"","_kad_post_content_style":"","_kad_post_vertical_padding":"","_kad_post_feature":"","_kad_post_feature_position":"","_kad_post_header":false,"_kad_post_footer":false},"product_brand":[55],"product_cat":[15,31,50,235],"product_tag":[],"class_list":{"0":"post-3187","1":"product","2":"type-product","3":"status-publish","4":"has-post-thumbnail","6":"product_brand-nike","7":"product_cat-bez-kategorii","8":"product_cat-kluby-europejskie","9":"product_cat-kluby-europejskie-kluby-europejskie","10":"product_cat-szkocja","11":"pa_rozmiar-xl","13":"first","14":"instock","15":"taxable","16":"shipping-taxable","17":"purchasable","18":"product-type-simple","19":"entry","20":"content-bg","21":"loop-entry"},"taxonomy_info":{"product_brand":[{"value":55,"label":"Nike"}],"product_cat":[{"value":15,"label":"Bez kategorii"},{"value":31,"label":"Kluby Europejskie"},{"value":50,"label":"Kluby Europejskie"},{"value":235,"label":"Szkocja"}],"pa_rozmiar":[{"value":57,"label":"XL"}]},"featured_image_src_large":["https:\/\/fts.you2.pl\/wp-content\/uploads\/2025\/09\/Photoroom_032_20250801_191221-1024x1024.png",1024,1024,true],"author_info":[],"comment_info":"","_links":{"self":[{"href":"https:\/\/fts.you2.pl\/de\/wp-json\/wp\/v2\/product\/3187","targetHints":{"allow":["GET"]}}],"collection":[{"href":"https:\/\/fts.you2.pl\/de\/wp-json\/wp\/v2\/product"}],"about":[{"href":"https:\/\/fts.you2.pl\/de\/wp-json\/wp\/v2\/types\/product"}],"wp:featuredmedia":[{"embeddable":true,"href":"https:\/\/fts.you2.pl\/de\/wp-json\/wp\/v2\/media\/15143"}],"wp:attachment":[{"href":"https:\/\/fts.you2.pl\/de\/wp-json\/wp\/v2\/media?parent=3187"}],"wp:term":[{"taxonomy":"product_brand","embeddable":true,"href":"https:\/\/fts.you2.pl\/de\/wp-json\/wp\/v2\/product_brand?post=3187"},{"taxonomy":"product_cat","embeddable":true,"href":"https:\/\/fts.you2.pl\/de\/wp-json\/wp\/v2\/product_cat?post=3187"},{"taxonomy":"product_tag","embeddable":true,"href":"https:\/\/fts.you2.pl\/de\/wp-json\/wp\/v2\/product_tag?post=3187"}],"curies":[{"name":"wp","href":"https:\/\/api.w.org\/{rel}","templated":true}]}}