{"id":3193,"date":"2025-08-10T15:56:34","date_gmt":"2025-08-10T13:56:34","guid":{"rendered":"https:\/\/fts.you2.pl\/index.php\/produkt\/polar-manchester-united-2002-04-m\/"},"modified":"2025-09-19T17:29:15","modified_gmt":"2025-09-19T15:29:15","slug":"polar-manchester-united-2002-04-m","status":"publish","type":"product","link":"https:\/\/fts.you2.pl\/de\/polar-manchester-united-2002-04-m\/","title":{"rendered":"Polar Manchester United 2002\/04 [M]"},"content":{"rendered":"<p><strong>Klub:<\/strong> Manchester United<\/p>\n<p><strong>Sezon:<\/strong> 2002\/04<\/p>\n<p><strong>Rozmiar: <\/strong>M<\/p>\n<p><strong>Stan:<\/strong> Doskona\u0142y<\/p>\n<p><strong>Wymiary (szeroko\u015b\u0107 pod pachami\/d\u0142ugo\u015b\u0107) w cm: <\/strong>55\/71<\/p>","protected":false},"excerpt":{"rendered":"<p data-start=\"0\" data-end=\"75\"><strong data-start=\"0\" data-end=\"73\">Oryginalny polar Manchesteru United z lat 2002\u20132004 \u2013 produkcji Nike.<\/strong><\/p>\n<p data-start=\"77\" data-end=\"439\">Ten <strong data-start=\"81\" data-end=\"120\">oryginalny polar Manchesteru United<\/strong> z lat <strong data-start=\"127\" data-end=\"140\">2002\u20132004<\/strong>, wyprodukowany przez <strong data-start=\"162\" data-end=\"170\">Nike<\/strong>, to klasyczny element odzie\u017cy klubowej z pocz\u0105tku XXI wieku \u2013 okresu, w kt\u00f3rym \u201eCzerwone Diab\u0142y\u201d zdominowa\u0142y angielskie boiska pod wodz\u0105 sir <strong data-start=\"312\" data-end=\"331\">Alexa Fergusona<\/strong>. Polar \u0142\u0105czy <strong data-start=\"345\" data-end=\"383\">funkcjonalno\u015b\u0107 odzie\u017cy treningowej<\/strong> z minimalistycznym, a jednocze\u015bnie wyrazistym designem.<\/p>\n<p data-start=\"441\" data-end=\"757\">Utrzymany w <strong data-start=\"453\" data-end=\"476\">czarnej kolorystyce<\/strong>, model zosta\u0142 wzbogacony o <strong data-start=\"504\" data-end=\"566\">kontrastowe czerwone i bia\u0142e pasy biegn\u0105ce wzd\u0142u\u017c r\u0119kaw\u00f3w<\/strong>, co nadaje mu dynamicznego wygl\u0105du i podkre\u015bla klubowe barwy. Na piersi znajduje si\u0119 <strong data-start=\"652\" data-end=\"689\">haftowany herb Manchesteru United<\/strong> oraz logo <strong data-start=\"700\" data-end=\"708\">Nike<\/strong> z epoki, tworz\u0105c sp\u00f3jn\u0105 i ponadczasow\u0105 ca\u0142o\u015b\u0107.<\/p>\n<p data-start=\"759\" data-end=\"1020\">Polar wykonano z <strong data-start=\"776\" data-end=\"816\">mi\u0119kkiego, ciep\u0142ego materia\u0142u<\/strong>, kt\u00f3ry \u015bwietnie sprawdza si\u0119 w ch\u0142odniejszych warunkach, zar\u00f3wno podczas trening\u00f3w, jak i w codziennym u\u017cytkowaniu. Posiada <strong data-start=\"941\" data-end=\"969\">zamek b\u0142yskawiczny <\/strong>oraz wysoki ko\u0142nierz.<\/p>\n<p data-start=\"1022\" data-end=\"1237\">W tamtym okresie Manchester United reprezentowali tacy pi\u0142karze jak <strong data-start=\"1090\" data-end=\"1165\">Ruud van Nistelrooy, Ryan Giggs, Paul Scholes, Roy Keane, Rio Ferdinand<\/strong> czy m\u0142ody <strong data-start=\"1176\" data-end=\"1197\">Cristiano Ronaldo<\/strong>, kt\u00f3ry do\u0142\u0105czy\u0142 do dru\u017cyny w 2003 roku.<\/p>\n<p data-start=\"1239\" data-end=\"1559\" data-is-last-node=\"\" data-is-only-node=\"\">Dzi\u015b ten polar to nie tylko wygodna i stylowa odzie\u017c, ale tak\u017ce <strong data-start=\"1303\" data-end=\"1389\">nostalgiczna pami\u0105tka z czas\u00f3w jednej z najmocniejszych generacji w historii klubu<\/strong>. Idealny dla kolekcjoner\u00f3w, fan\u00f3w retro pi\u0142ki oraz wszystkich kibic\u00f3w Manchesteru United, kt\u00f3rzy ceni\u0105 <strong data-start=\"1493\" data-end=\"1558\">oryginalne elementy klubowej garderoby z klimatem dawnych lat<\/strong>.<\/p>","protected":false},"featured_media":15183,"template":"","meta":{"_kad_blocks_custom_css":"","_kad_blocks_head_custom_js":"","_kad_blocks_body_custom_js":"","_kad_blocks_footer_custom_js":"","_kad_post_transparent":"","_kad_post_title":"","_kad_post_layout":"","_kad_post_sidebar_id":"","_kad_post_content_style":"","_kad_post_vertical_padding":"","_kad_post_feature":"","_kad_post_feature_position":"","_kad_post_header":false,"_kad_post_footer":false},"product_brand":[55],"product_cat":[25,32,31,26,133],"product_tag":[],"class_list":{"0":"post-3193","1":"product","2":"type-product","3":"status-publish","4":"has-post-thumbnail","6":"product_brand-nike","7":"product_cat-inne","8":"product_cat-kluby-angielskie","9":"product_cat-kluby-europejskie","10":"product_cat-kurtki-bluzy-trening","11":"product_cat-manchester-united","12":"pa_rozmiar-m","14":"first","15":"instock","16":"taxable","17":"shipping-taxable","18":"purchasable","19":"product-type-simple","20":"entry","21":"content-bg","22":"loop-entry"},"taxonomy_info":{"product_brand":[{"value":55,"label":"Nike"}],"product_cat":[{"value":25,"label":"Inne"},{"value":32,"label":"Kluby Angielskie"},{"value":31,"label":"Kluby Europejskie"},{"value":26,"label":"Kurtki\/bluzy\/trening"},{"value":133,"label":"Manchester United"}],"pa_rozmiar":[{"value":28,"label":"M"}]},"featured_image_src_large":["https:\/\/fts.you2.pl\/wp-content\/uploads\/2025\/09\/Photoroom_045_20250806_092728-1024x1024.png",1024,1024,true],"author_info":[],"comment_info":"","_links":{"self":[{"href":"https:\/\/fts.you2.pl\/de\/wp-json\/wp\/v2\/product\/3193","targetHints":{"allow":["GET"]}}],"collection":[{"href":"https:\/\/fts.you2.pl\/de\/wp-json\/wp\/v2\/product"}],"about":[{"href":"https:\/\/fts.you2.pl\/de\/wp-json\/wp\/v2\/types\/product"}],"wp:featuredmedia":[{"embeddable":true,"href":"https:\/\/fts.you2.pl\/de\/wp-json\/wp\/v2\/media\/15183"}],"wp:attachment":[{"href":"https:\/\/fts.you2.pl\/de\/wp-json\/wp\/v2\/media?parent=3193"}],"wp:term":[{"taxonomy":"product_brand","embeddable":true,"href":"https:\/\/fts.you2.pl\/de\/wp-json\/wp\/v2\/product_brand?post=3193"},{"taxonomy":"product_cat","embeddable":true,"href":"https:\/\/fts.you2.pl\/de\/wp-json\/wp\/v2\/product_cat?post=3193"},{"taxonomy":"product_tag","embeddable":true,"href":"https:\/\/fts.you2.pl\/de\/wp-json\/wp\/v2\/product_tag?post=3193"}],"curies":[{"name":"wp","href":"https:\/\/api.w.org\/{rel}","templated":true}]}}