{"id":3194,"date":"2025-08-10T15:56:33","date_gmt":"2025-08-10T13:56:33","guid":{"rendered":"https:\/\/fts.you2.pl\/index.php\/produkt\/kurtka-wiatrowka-manchester-united-2011-12-m\/"},"modified":"2025-09-19T17:29:50","modified_gmt":"2025-09-19T15:29:50","slug":"kurtka-wiatrowka-manchester-united-2011-12-m","status":"publish","type":"product","link":"https:\/\/fts.you2.pl\/de\/kurtka-wiatrowka-manchester-united-2011-12-m\/","title":{"rendered":"Kurtka wiatr\u00f3wka Manchester United 2011\/12 [M]"},"content":{"rendered":"<p><strong>Klub:<\/strong> Manchester United<\/p>\n<p><strong>Sezon:<\/strong> 2011\/12<\/p>\n<p><strong>Rozmiar: <\/strong>M<\/p>\n<p><strong>Stan:<\/strong> Dobry &#8211; uszkodzona membrana od wewn\u0119trznej strony kaptura.<\/p>\n<p><strong>Wymiary (szeroko\u015b\u0107 pod pachami\/d\u0142ugo\u015b\u0107) w cm: <\/strong>59\/77<\/p>","protected":false},"excerpt":{"rendered":"<div class=\"relative flex basis-auto flex-col -mb-(--composer-overlap-px) [--composer-overlap-px:28px] grow overflow-hidden\">\n<div class=\"relative h-full\">\n<div class=\"flex h-full flex-col overflow-y-auto [scrollbar-gutter:stable_both-edges] @[84rem]\/thread:pt-(--header-height)\">\n<div class=\"@thread-xl\/thread:pt-header-height flex flex-col text-sm pb-25\">\n<article class=\"text-token-text-primary w-full focus:outline-none scroll-mt-[calc(var(--header-height)+min(200px,max(70px,20svh)))]\" dir=\"auto\" tabindex=\"-1\" data-turn-id=\"request-6889f6f2-4b18-832f-a18d-67852bf3e672-12\" data-testid=\"conversation-turn-158\" data-scroll-anchor=\"true\" data-turn=\"assistant\">\n<div class=\"text-base my-auto mx-auto pb-10 [--thread-content-margin:--spacing(4)] @[37rem]:[--thread-content-margin:--spacing(6)] @[72rem]:[--thread-content-margin:--spacing(16)] px-(--thread-content-margin)\">\n<div class=\"[--thread-content-max-width:32rem] @[34rem]:[--thread-content-max-width:40rem] @[64rem]:[--thread-content-max-width:48rem] mx-auto max-w-(--thread-content-max-width) flex-1 group\/turn-messages focus-visible:outline-hidden relative flex w-full min-w-0 flex-col agent-turn\" tabindex=\"-1\">\n<div class=\"flex max-w-full flex-col grow\">\n<div class=\"min-h-8 text-message relative flex w-full flex-col items-end gap-2 text-start break-words whitespace-normal [.text-message+&amp;]:mt-5\" dir=\"auto\" data-message-author-role=\"assistant\" data-message-id=\"41c736f1-9063-43b5-9a90-2165e80fc544\" data-message-model-slug=\"gpt-4o\">\n<div class=\"flex w-full flex-col gap-1 empty:hidden first:pt-[3px]\">\n<div class=\"markdown prose dark:prose-invert w-full break-words light markdown-new-styling\">\n<p data-start=\"0\" data-end=\"87\"><strong data-start=\"0\" data-end=\"85\">Oryginalna kurtka wiatr\u00f3wka Manchesteru United z sezonu 2011\/12 \u2013 produkcji Nike.<\/strong><\/p>\n<p data-start=\"89\" data-end=\"357\">Ta <strong data-start=\"92\" data-end=\"159\">oryginalna kurtka wiatr\u00f3wka Manchesteru United z sezonu 2011\/12<\/strong>, wyprodukowana przez <strong data-start=\"181\" data-end=\"189\">Nike<\/strong>, to lekki i funkcjonalny model zaprojektowany z my\u015bl\u0105 o treningach w zmiennych warunkach pogodowych, ale doskonale sprawdzaj\u0105cy si\u0119 r\u00f3wnie\u017c w codziennym u\u017cytkowaniu.<\/p>\n<p data-start=\"359\" data-end=\"717\">Utrzymana w <strong data-start=\"371\" data-end=\"401\">stylowym odcieniu szaro\u015bci<\/strong>, kurtka posiada<strong data-start=\"418\" data-end=\"439\">\u00a0kaptur<\/strong>, kt\u00f3ry zapewnia dodatkow\u0105 ochron\u0119 przed wiatrem i lekkim deszczem. Na piersi znajduje si\u0119 <strong data-start=\"530\" data-end=\"567\">haftowany herb Manchesteru United<\/strong> oraz <strong data-start=\"573\" data-end=\"586\">logo Nike<\/strong>, kt\u00f3re podkre\u015blaj\u0105 jej oficjalny charakter.<\/p>\n<p data-start=\"719\" data-end=\"958\">Model wyposa\u017cony jest w <strong data-start=\"743\" data-end=\"770\">zamek na ca\u0142ej d\u0142ugo\u015bci<\/strong>, praktyczne <strong data-start=\"783\" data-end=\"803\">boczne kieszenie<\/strong>, elastyczne mankiety i lekki, wodoodporny materia\u0142 \u2013 wszystko to sprawia, \u017ce kurtka \u015bwietnie sprawdza si\u0119 jako <strong data-start=\"915\" data-end=\"957\">funkcjonalna odzie\u017c sportowa i miejska<\/strong>.<\/p>\n<p data-start=\"960\" data-end=\"1255\">W sezonie 2011\/12 Manchester United toczy\u0142 zaci\u0119t\u0105 walk\u0119 o mistrzostwo Anglii z lokalnym rywalem \u2013 Manchesterem City. W barwach klubu wyst\u0119powali m.in. <strong data-start=\"1112\" data-end=\"1174\">Wayne Rooney, Ryan Giggs, Paul Scholes, Nani, David De Gea<\/strong> i <strong data-start=\"1177\" data-end=\"1194\">Rio Ferdinand<\/strong>, a dru\u017cyn\u0119 nadal prowadzi\u0142 legendarny <strong data-start=\"1233\" data-end=\"1254\">Sir Alex Ferguson<\/strong>.<\/p>\n<p data-start=\"1257\" data-end=\"1505\" data-is-last-node=\"\" data-is-only-node=\"\">To model, kt\u00f3ry \u0142\u0105czy w sobie <strong data-start=\"1287\" data-end=\"1338\">sportowy styl, praktyczno\u015b\u0107 i klubow\u0105 to\u017csamo\u015b\u0107<\/strong>. \u015awietny wyb\u00f3r dla fan\u00f3w Manchesteru United poszukuj\u0105cych <strong data-start=\"1397\" data-end=\"1455\">oryginalnej, lekkiej kurtki z oficjalnej kolekcji Nike<\/strong>, idealnej na co dzie\u0144 i w nieco ch\u0142odniejsze dni.<\/p>\n<\/div>\n<\/div>\n<\/div>\n<\/div>\n<\/div>\n<\/div>\n<\/article>\n<\/div>\n<\/div>\n<\/div>\n<\/div>","protected":false},"featured_media":15190,"template":"","meta":{"_kad_blocks_custom_css":"","_kad_blocks_head_custom_js":"","_kad_blocks_body_custom_js":"","_kad_blocks_footer_custom_js":"","_kad_post_transparent":"","_kad_post_title":"","_kad_post_layout":"","_kad_post_sidebar_id":"","_kad_post_content_style":"","_kad_post_vertical_padding":"","_kad_post_feature":"","_kad_post_feature_position":"","_kad_post_header":false,"_kad_post_footer":false},"product_brand":[55],"product_cat":[25,32,31,26,133],"product_tag":[],"class_list":{"0":"post-3194","1":"product","2":"type-product","3":"status-publish","4":"has-post-thumbnail","6":"product_brand-nike","7":"product_cat-inne","8":"product_cat-kluby-angielskie","9":"product_cat-kluby-europejskie","10":"product_cat-kurtki-bluzy-trening","11":"product_cat-manchester-united","12":"pa_rozmiar-m","14":"first","15":"instock","16":"taxable","17":"shipping-taxable","18":"purchasable","19":"product-type-simple","20":"entry","21":"content-bg","22":"loop-entry"},"taxonomy_info":{"product_brand":[{"value":55,"label":"Nike"}],"product_cat":[{"value":25,"label":"Inne"},{"value":32,"label":"Kluby Angielskie"},{"value":31,"label":"Kluby Europejskie"},{"value":26,"label":"Kurtki\/bluzy\/trening"},{"value":133,"label":"Manchester United"}],"pa_rozmiar":[{"value":28,"label":"M"}]},"featured_image_src_large":["https:\/\/fts.you2.pl\/wp-content\/uploads\/2025\/09\/Photoroom_043_20250806_092728-1024x1024.png",1024,1024,true],"author_info":[],"comment_info":"","_links":{"self":[{"href":"https:\/\/fts.you2.pl\/de\/wp-json\/wp\/v2\/product\/3194","targetHints":{"allow":["GET"]}}],"collection":[{"href":"https:\/\/fts.you2.pl\/de\/wp-json\/wp\/v2\/product"}],"about":[{"href":"https:\/\/fts.you2.pl\/de\/wp-json\/wp\/v2\/types\/product"}],"wp:featuredmedia":[{"embeddable":true,"href":"https:\/\/fts.you2.pl\/de\/wp-json\/wp\/v2\/media\/15190"}],"wp:attachment":[{"href":"https:\/\/fts.you2.pl\/de\/wp-json\/wp\/v2\/media?parent=3194"}],"wp:term":[{"taxonomy":"product_brand","embeddable":true,"href":"https:\/\/fts.you2.pl\/de\/wp-json\/wp\/v2\/product_brand?post=3194"},{"taxonomy":"product_cat","embeddable":true,"href":"https:\/\/fts.you2.pl\/de\/wp-json\/wp\/v2\/product_cat?post=3194"},{"taxonomy":"product_tag","embeddable":true,"href":"https:\/\/fts.you2.pl\/de\/wp-json\/wp\/v2\/product_tag?post=3194"}],"curies":[{"name":"wp","href":"https:\/\/api.w.org\/{rel}","templated":true}]}}