{"id":3195,"date":"2025-08-10T15:56:32","date_gmt":"2025-08-10T13:56:32","guid":{"rendered":"https:\/\/fts.you2.pl\/index.php\/produkt\/koszulka-pilkarska-manchester-united-2010-11-home-14-chicharito-l\/"},"modified":"2025-09-19T17:30:21","modified_gmt":"2025-09-19T15:30:21","slug":"koszulka-pilkarska-manchester-united-2010-11-home-14-chicharito-l","status":"publish","type":"product","link":"https:\/\/fts.you2.pl\/de\/koszulka-pilkarska-manchester-united-2010-11-home-14-chicharito-l\/","title":{"rendered":"Koszulka pi\u0142karska Manchester United 2010\/11 Home 14 Chicharito [L]"},"content":{"rendered":"<p><strong>Klub:<\/strong> Manchester United<\/p>\n<p><strong>Sezon:<\/strong> 2010\/11 Home<\/p>\n<p><strong>Rozmiar: <\/strong>L<\/p>\n<p><strong>Stan:<\/strong> Bardzo dobry &#8211; trzy mikro zaci\u0105gni\u0119cia na froncie oraz nieco przetarte emblematy ligowe na r\u0119kawkach.<\/p>\n<p><strong>Wymiary (szeroko\u015b\u0107 pod pachami\/d\u0142ugo\u015b\u0107) w cm: <\/strong>48\/74<\/p>","protected":false},"excerpt":{"rendered":"<article class=\"text-token-text-primary w-full focus:outline-none scroll-mt-[calc(var(--header-height)+min(200px,max(70px,20svh)))]\" dir=\"auto\" tabindex=\"-1\" data-turn-id=\"request-6889f6f2-4b18-832f-a18d-67852bf3e672-13\" data-testid=\"conversation-turn-160\" data-scroll-anchor=\"true\" data-turn=\"assistant\">\n<div class=\"text-base my-auto mx-auto pb-10 [--thread-content-margin:--spacing(4)] @[37rem]:[--thread-content-margin:--spacing(6)] @[72rem]:[--thread-content-margin:--spacing(16)] px-(--thread-content-margin)\">\n<div class=\"[--thread-content-max-width:32rem] @[34rem]:[--thread-content-max-width:40rem] @[64rem]:[--thread-content-max-width:48rem] mx-auto max-w-(--thread-content-max-width) flex-1 group\/turn-messages focus-visible:outline-hidden relative flex w-full min-w-0 flex-col agent-turn\" tabindex=\"-1\">\n<div class=\"flex max-w-full flex-col grow\">\n<div class=\"min-h-8 text-message relative flex w-full flex-col items-end gap-2 text-start break-words whitespace-normal [.text-message+&amp;]:mt-5\" dir=\"auto\" data-message-author-role=\"assistant\" data-message-id=\"7c1a7050-50bc-4d80-af29-41c23eaa5d62\" data-message-model-slug=\"gpt-4o\">\n<div class=\"flex w-full flex-col gap-1 empty:hidden first:pt-[3px]\">\n<div class=\"markdown prose dark:prose-invert w-full break-words light markdown-new-styling\">\n<p data-start=\"0\" data-end=\"139\"><strong data-start=\"0\" data-end=\"137\">Oryginalna domowa koszulka Manchesteru United z sezonu 2010\/11 z nadrukiem Chicharito \u2013 produkcji Nike, z patchami Premier League.<\/strong><\/p>\n<p data-start=\"141\" data-end=\"501\">Ta <strong data-start=\"144\" data-end=\"203\">oryginalna koszulka Manchesteru United z sezonu 2010\/11<\/strong> to oficjalny domowy model meczowy, wyprodukowany przez <strong data-start=\"259\" data-end=\"267\">Nike<\/strong>, wzbogacony o <strong data-start=\"282\" data-end=\"308\">nadruk \u201eChicharito 14\u201d<\/strong> oraz <strong data-start=\"314\" data-end=\"342\">emblematy Premier League<\/strong> na r\u0119kawkach. To wyj\u0105tkowy egzemplarz z sezonu, w kt\u00f3rym m\u0142ody <strong data-start=\"406\" data-end=\"426\">Javier Hern\u00e1ndez<\/strong>, znany jako <strong data-start=\"439\" data-end=\"453\">Chicharito<\/strong>, szturmem podbi\u0142 serca kibic\u00f3w na Old Trafford.<\/p>\n<p data-start=\"503\" data-end=\"867\">Koszulka zosta\u0142a utrzymana w klasycznej, <strong data-start=\"544\" data-end=\"581\">intensywnie czerwonej kolorystyce<\/strong>, z eleganckim <strong data-start=\"596\" data-end=\"630\">bia\u0142ym ko\u0142nierzykiem,<\/strong> kt\u00f3re dodaj\u0105 jej sportowego, a zarazem tradycyjnego charakteru. Na froncie widniej\u0105: <strong data-start=\"744\" data-end=\"768\">haftowany herb klubu<\/strong>, logo <strong data-start=\"775\" data-end=\"783\">Nike<\/strong> oraz sponsor g\u0142\u00f3wny <strong data-start=\"804\" data-end=\"811\">AON<\/strong>, kt\u00f3rego obecno\u015b\u0107 zainaugurowano w\u0142a\u015bnie w tym sezonie.<\/p>\n<p data-start=\"869\" data-end=\"1150\">Na plecach umieszczono oficjalny ligowy <strong data-start=\"909\" data-end=\"935\">nadruk \u201eChicharito 14\u201d<\/strong>, zgodny ze standardem Premier League z tamtych lat \u2013 bia\u0142y z czarnym obrysem. Dodatkowo, na obu r\u0119kawkach znajduj\u0105 si\u0119 <strong data-start=\"1055\" data-end=\"1094\">oryginalne emblematy Premier League<\/strong>, nadaj\u0105ce koszulce meczowego charakteru.<\/p>\n<p data-start=\"1152\" data-end=\"1502\">W sezonie 2010\/11 Manchester United, prowadzony przez <strong data-start=\"1206\" data-end=\"1229\">Sir Alexa Fergusona<\/strong>, si\u0119gn\u0105\u0142 po <strong data-start=\"1242\" data-end=\"1270\">19. tytu\u0142 mistrza Anglii<\/strong>, wyprzedzaj\u0105c w historycznej klasyfikacji Liverpool. Chicharito, debiutuj\u0105cy w\u00f3wczas w Premier League, zdoby\u0142 <strong data-start=\"1381\" data-end=\"1397\">wa\u017cne bramki<\/strong>, w tym m.in. w meczach Ligi Mistrz\u00f3w i ligowego klasyku z Chelsea, szybko staj\u0105c si\u0119 ulubie\u0144cem kibic\u00f3w.<\/p>\n<p data-start=\"1504\" data-end=\"1767\" data-is-last-node=\"\" data-is-only-node=\"\">Ta koszulka to nie tylko element garderoby, ale <strong data-start=\"1552\" data-end=\"1642\">pami\u0105tka z mistrzowskiego sezonu i pocz\u0105tku wielkiej kariery meksyka\u0144skiego napastnika<\/strong>. Idealna dla kolekcjoner\u00f3w, fan\u00f3w United oraz ka\u017cdego, kto chce posiada\u0107 autentyczny fragment historii klubu z Old Trafford.<\/p>\n<\/div>\n<\/div>\n<\/div>\n<\/div>\n<\/div>\n<\/div>\n<\/article>\n<div class=\"pointer-events-none h-px w-px\" aria-hidden=\"true\" data-edge=\"true\"><\/div>","protected":false},"featured_media":15198,"template":"","meta":{"_kad_blocks_custom_css":"","_kad_blocks_head_custom_js":"","_kad_blocks_body_custom_js":"","_kad_blocks_footer_custom_js":"","_kad_post_transparent":"","_kad_post_title":"","_kad_post_layout":"","_kad_post_sidebar_id":"","_kad_post_content_style":"","_kad_post_vertical_padding":"","_kad_post_feature":"","_kad_post_feature_position":"","_kad_post_header":false,"_kad_post_footer":false},"product_brand":[55],"product_cat":[32,31,133],"product_tag":[],"class_list":{"0":"post-3195","1":"product","2":"type-product","3":"status-publish","4":"has-post-thumbnail","6":"product_brand-nike","7":"product_cat-kluby-angielskie","8":"product_cat-kluby-europejskie","9":"product_cat-manchester-united","10":"pa_rozmiar-l","12":"first","13":"instock","14":"taxable","15":"shipping-taxable","16":"purchasable","17":"product-type-simple","18":"entry","19":"content-bg","20":"loop-entry"},"taxonomy_info":{"product_brand":[{"value":55,"label":"Nike"}],"product_cat":[{"value":32,"label":"Kluby Angielskie"},{"value":31,"label":"Kluby Europejskie"},{"value":133,"label":"Manchester United"}],"pa_rozmiar":[{"value":39,"label":"L"}]},"featured_image_src_large":["https:\/\/fts.you2.pl\/wp-content\/uploads\/2025\/09\/Photoroom_018_20250806_092728-1024x1024.png",1024,1024,true],"author_info":[],"comment_info":"","_links":{"self":[{"href":"https:\/\/fts.you2.pl\/de\/wp-json\/wp\/v2\/product\/3195","targetHints":{"allow":["GET"]}}],"collection":[{"href":"https:\/\/fts.you2.pl\/de\/wp-json\/wp\/v2\/product"}],"about":[{"href":"https:\/\/fts.you2.pl\/de\/wp-json\/wp\/v2\/types\/product"}],"wp:featuredmedia":[{"embeddable":true,"href":"https:\/\/fts.you2.pl\/de\/wp-json\/wp\/v2\/media\/15198"}],"wp:attachment":[{"href":"https:\/\/fts.you2.pl\/de\/wp-json\/wp\/v2\/media?parent=3195"}],"wp:term":[{"taxonomy":"product_brand","embeddable":true,"href":"https:\/\/fts.you2.pl\/de\/wp-json\/wp\/v2\/product_brand?post=3195"},{"taxonomy":"product_cat","embeddable":true,"href":"https:\/\/fts.you2.pl\/de\/wp-json\/wp\/v2\/product_cat?post=3195"},{"taxonomy":"product_tag","embeddable":true,"href":"https:\/\/fts.you2.pl\/de\/wp-json\/wp\/v2\/product_tag?post=3195"}],"curies":[{"name":"wp","href":"https:\/\/api.w.org\/{rel}","templated":true}]}}