{"id":3198,"date":"2025-08-10T15:56:27","date_gmt":"2025-08-10T13:56:27","guid":{"rendered":"https:\/\/fts.you2.pl\/index.php\/produkt\/koszulka-treningowa-manchester-united-1998-99-l\/"},"modified":"2025-09-19T17:31:47","modified_gmt":"2025-09-19T15:31:47","slug":"koszulka-treningowa-manchester-united-1998-99-l","status":"publish","type":"product","link":"https:\/\/fts.you2.pl\/de\/koszulka-treningowa-manchester-united-1998-99-l\/","title":{"rendered":"Koszulka treningowa Manchester United 1998\/99 [L]"},"content":{"rendered":"<p><strong>Klub:<\/strong> Manchester United<\/p>\n<p><strong>Sezon:<\/strong> 1998\/99<\/p>\n<p><strong>Rozmiar: <\/strong>L<\/p>\n<p><strong>Stan:<\/strong> Doskona\u0142y<\/p>\n<p><strong>Wymiary (szeroko\u015b\u0107 pod pachami\/d\u0142ugo\u015b\u0107) w cm: <\/strong>58\/72<\/p>","protected":false},"excerpt":{"rendered":"<article class=\"text-token-text-primary w-full focus:outline-none scroll-mt-[calc(var(--header-height)+min(200px,max(70px,20svh)))]\" dir=\"auto\" tabindex=\"-1\" data-turn-id=\"request-6889f6f2-4b18-832f-a18d-67852bf3e672-18\" data-testid=\"conversation-turn-170\" data-scroll-anchor=\"true\" data-turn=\"assistant\">\n<div class=\"text-base my-auto mx-auto pb-10 [--thread-content-margin:--spacing(4)] @[37rem]:[--thread-content-margin:--spacing(6)] @[72rem]:[--thread-content-margin:--spacing(16)] px-(--thread-content-margin)\">\n<div class=\"[--thread-content-max-width:32rem] @[34rem]:[--thread-content-max-width:40rem] @[64rem]:[--thread-content-max-width:48rem] mx-auto max-w-(--thread-content-max-width) flex-1 group\/turn-messages focus-visible:outline-hidden relative flex w-full min-w-0 flex-col agent-turn\" tabindex=\"-1\">\n<div class=\"flex max-w-full flex-col grow\">\n<div class=\"min-h-8 text-message relative flex w-full flex-col items-end gap-2 text-start break-words whitespace-normal [.text-message+&amp;]:mt-5\" dir=\"auto\" data-message-author-role=\"assistant\" data-message-id=\"2073e6b7-41e7-4619-b892-4a56b310754f\" data-message-model-slug=\"gpt-4o\">\n<div class=\"flex w-full flex-col gap-1 empty:hidden first:pt-[3px]\">\n<div class=\"markdown prose dark:prose-invert w-full break-words light markdown-new-styling\">\n<p data-start=\"0\" data-end=\"91\"><strong data-start=\"0\" data-end=\"89\">Oryginalna treningowa koszulka Manchesteru United z sezonu 1998\/99 \u2013 produkcji Umbro.<\/strong><\/p>\n<p data-start=\"93\" data-end=\"426\">Ta <strong data-start=\"96\" data-end=\"166\">oryginalna treningowa koszulka Manchesteru United z sezonu 1998\/99<\/strong>, wyprodukowana przez <strong data-start=\"188\" data-end=\"197\">Umbro<\/strong>, to wyj\u0105tkowy model pochodz\u0105cy z jednego z <strong data-start=\"241\" data-end=\"294\">najbardziej legendarnych sezon\u00f3w w historii klubu<\/strong>. Noszona przez zawodnik\u00f3w w trakcie trening\u00f3w w roku potr\u00f3jnej korony, koszulka stanowi prawdziw\u0105 gratk\u0119 dla fan\u00f3w i kolekcjoner\u00f3w.<\/p>\n<p data-start=\"428\" data-end=\"786\">Utrzymana w <strong data-start=\"440\" data-end=\"459\">czarnym kolorze<\/strong>, koszulka posiada <strong data-start=\"478\" data-end=\"507\">\u00a0czerwone akcenty<\/strong> na r\u0119kawach i karku, kt\u00f3re doskonale kontrastuj\u0105 z ciemn\u0105 baz\u0105. Na piersi znajduje si\u0119 <strong data-start=\"619\" data-end=\"656\">haftowany herb Manchesteru United<\/strong> oraz klasyczne logo <strong data-start=\"677\" data-end=\"686\">Umbro.<\/strong><\/p>\n<p data-start=\"788\" data-end=\"1139\">Wykonana z wytrzyma\u0142ego, przewiewnego materia\u0142u technicznego, koszulka oferuje <strong data-start=\"867\" data-end=\"889\">komfort i trwa\u0142o\u015b\u0107<\/strong>, a jej lu\u017aniejszy, treningowy kr\u00f3j idealnie oddaje stylistyk\u0119 epoki. To model, kt\u00f3ry nosili zawodnicy podczas przygotowa\u0144 do najwa\u017cniejszych mecz\u00f3w sezonu \u2013 od Premier League, przez FA Cup, a\u017c po historyczny fina\u0142 Ligi Mistrz\u00f3w z Bayernem Monachium.<\/p>\n<p data-start=\"1141\" data-end=\"1376\">W barwach United wyst\u0119powali wtedy m.in. <strong data-start=\"1182\" data-end=\"1280\">David Beckham, Ryan Giggs, Roy Keane, Paul Scholes, Dwight Yorke, Andy Cole i Peter Schmeichel<\/strong>, a zesp\u00f3\u0142 pod wodz\u0105 <strong data-start=\"1301\" data-end=\"1324\">sir Alexa Fergusona<\/strong> zapisa\u0142 si\u0119 na kartach historii \u015bwiatowego futbolu.<\/p>\n<p data-start=\"1378\" data-end=\"1616\" data-is-last-node=\"\" data-is-only-node=\"\">Koszulka ta to nie tylko rzadki i autentyczny element garderoby klubowej, ale r\u00f3wnie\u017c <strong data-start=\"1464\" data-end=\"1504\">symbol z\u0142otej ery Manchesteru United<\/strong>. Idealna dla tych, kt\u00f3rzy chc\u0105 mie\u0107 w swojej kolekcji <strong data-start=\"1559\" data-end=\"1615\">fragment sezonu, kt\u00f3ry zdefiniowa\u0142 dziedzictwo klubu<\/strong>.<\/p>\n<\/div>\n<\/div>\n<\/div>\n<\/div>\n<\/div>\n<\/div>\n<\/article>\n<div class=\"pointer-events-none h-px w-px\" aria-hidden=\"true\" data-edge=\"true\"><\/div>","protected":false},"featured_media":15229,"template":"","meta":{"_kad_blocks_custom_css":"","_kad_blocks_head_custom_js":"","_kad_blocks_body_custom_js":"","_kad_blocks_footer_custom_js":"","_kad_post_transparent":"","_kad_post_title":"","_kad_post_layout":"","_kad_post_sidebar_id":"","_kad_post_content_style":"","_kad_post_vertical_padding":"","_kad_post_feature":"","_kad_post_feature_position":"","_kad_post_header":false,"_kad_post_footer":false},"product_brand":[21],"product_cat":[25,32,31,26,133],"product_tag":[],"class_list":{"0":"post-3198","1":"product","2":"type-product","3":"status-publish","4":"has-post-thumbnail","6":"product_brand-umbro","7":"product_cat-inne","8":"product_cat-kluby-angielskie","9":"product_cat-kluby-europejskie","10":"product_cat-kurtki-bluzy-trening","11":"product_cat-manchester-united","12":"pa_rozmiar-l","14":"first","15":"instock","16":"taxable","17":"shipping-taxable","18":"purchasable","19":"product-type-simple","20":"entry","21":"content-bg","22":"loop-entry"},"taxonomy_info":{"product_brand":[{"value":21,"label":"Umbro"}],"product_cat":[{"value":25,"label":"Inne"},{"value":32,"label":"Kluby Angielskie"},{"value":31,"label":"Kluby Europejskie"},{"value":26,"label":"Kurtki\/bluzy\/trening"},{"value":133,"label":"Manchester United"}],"pa_rozmiar":[{"value":39,"label":"L"}]},"featured_image_src_large":["https:\/\/fts.you2.pl\/wp-content\/uploads\/2025\/09\/Photoroom_027_20250806_092728-1024x1024.png",1024,1024,true],"author_info":[],"comment_info":"","_links":{"self":[{"href":"https:\/\/fts.you2.pl\/de\/wp-json\/wp\/v2\/product\/3198","targetHints":{"allow":["GET"]}}],"collection":[{"href":"https:\/\/fts.you2.pl\/de\/wp-json\/wp\/v2\/product"}],"about":[{"href":"https:\/\/fts.you2.pl\/de\/wp-json\/wp\/v2\/types\/product"}],"wp:featuredmedia":[{"embeddable":true,"href":"https:\/\/fts.you2.pl\/de\/wp-json\/wp\/v2\/media\/15229"}],"wp:attachment":[{"href":"https:\/\/fts.you2.pl\/de\/wp-json\/wp\/v2\/media?parent=3198"}],"wp:term":[{"taxonomy":"product_brand","embeddable":true,"href":"https:\/\/fts.you2.pl\/de\/wp-json\/wp\/v2\/product_brand?post=3198"},{"taxonomy":"product_cat","embeddable":true,"href":"https:\/\/fts.you2.pl\/de\/wp-json\/wp\/v2\/product_cat?post=3198"},{"taxonomy":"product_tag","embeddable":true,"href":"https:\/\/fts.you2.pl\/de\/wp-json\/wp\/v2\/product_tag?post=3198"}],"curies":[{"name":"wp","href":"https:\/\/api.w.org\/{rel}","templated":true}]}}