{"id":3200,"date":"2025-08-10T15:56:30","date_gmt":"2025-08-10T13:56:30","guid":{"rendered":"https:\/\/fts.you2.pl\/index.php\/produkt\/koszulka-pilkarska-manchester-united-2013-14-home-s\/"},"modified":"2025-09-17T13:25:24","modified_gmt":"2025-09-17T11:25:24","slug":"koszulka-pilkarska-manchester-united-2013-14-home-s","status":"publish","type":"product","link":"https:\/\/fts.you2.pl\/de\/koszulka-pilkarska-manchester-united-2013-14-home-s\/","title":{"rendered":"Koszulka pi\u0142karska Manchester United 2013\/14 Home [S]"},"content":{"rendered":"<p><strong>Klub:<\/strong> Manchester United<\/p>\n<p><strong>Sezon:<\/strong> 2013\/14 Home<\/p>\n<p><strong>Rozmiar: <\/strong>S<\/p>\n<p><strong>Stan:<\/strong> Zadowalaj\u0105cy &#8211; jedno zaci\u0105gni\u0119cie na froncie oraz mikro dziurka na karku.<\/p>\n<p><strong>Wymiary (szeroko\u015b\u0107 pod pachami\/d\u0142ugo\u015b\u0107) w cm: <\/strong>49\/69<\/p>","protected":false},"excerpt":{"rendered":"<article class=\"text-token-text-primary w-full focus:outline-none scroll-mt-[calc(var(--header-height)+min(200px,max(70px,20svh)))]\" dir=\"auto\" tabindex=\"-1\" data-turn-id=\"request-6889f6f2-4b18-832f-a18d-67852bf3e672-14\" data-testid=\"conversation-turn-162\" data-scroll-anchor=\"true\" data-turn=\"assistant\">\n<div class=\"text-base my-auto mx-auto pb-10 [--thread-content-margin:--spacing(4)] @[37rem]:[--thread-content-margin:--spacing(6)] @[72rem]:[--thread-content-margin:--spacing(16)] px-(--thread-content-margin)\">\n<div class=\"[--thread-content-max-width:32rem] @[34rem]:[--thread-content-max-width:40rem] @[64rem]:[--thread-content-max-width:48rem] mx-auto max-w-(--thread-content-max-width) flex-1 group\/turn-messages focus-visible:outline-hidden relative flex w-full min-w-0 flex-col agent-turn\" tabindex=\"-1\">\n<div class=\"flex max-w-full flex-col grow\">\n<div class=\"min-h-8 text-message relative flex w-full flex-col items-end gap-2 text-start break-words whitespace-normal [.text-message+&amp;]:mt-5\" dir=\"auto\" data-message-author-role=\"assistant\" data-message-id=\"e3f87a86-9845-44db-aeb0-d761e2f1bc1e\" data-message-model-slug=\"gpt-4o\">\n<div class=\"flex w-full flex-col gap-1 empty:hidden first:pt-[3px]\">\n<div class=\"markdown prose dark:prose-invert w-full break-words light markdown-new-styling\">\n<p data-start=\"0\" data-end=\"86\"><strong data-start=\"0\" data-end=\"84\">Oryginalna domowa koszulka Manchesteru United z sezonu 2013\/14 \u2013 produkcji Nike.<\/strong><\/p>\n<p data-start=\"88\" data-end=\"434\">Ta <strong data-start=\"91\" data-end=\"150\">oryginalna koszulka Manchesteru United z sezonu 2013\/14<\/strong> to przedostatniostatni domowy model wyprodukowany przez <strong data-start=\"195\" data-end=\"203\">Nike<\/strong> przed zako\u0144czeniem wieloletniej wsp\u00f3\u0142pracy z klubem z Old Trafford. Koszulka ta nawi\u0105zuje do <strong data-start=\"297\" data-end=\"321\">tradycyjnych korzeni<\/strong> Manchesteru United, \u0142\u0105cz\u0105c klasyczny styl z nowoczesnym wykonaniem i symbolicznym znaczeniem w historii dru\u017cyny.<\/p>\n<p data-start=\"436\" data-end=\"808\">Utrzymana w <strong data-start=\"448\" data-end=\"471\">g\u0142\u0119bokiej czerwieni<\/strong>, koszulka wyr\u00f3\u017cnia si\u0119 <strong data-start=\"495\" data-end=\"530\">czarnym ko\u0142nierzykiem typu polo<\/strong> z guzikiem, co stanowi rzadko spotykany i elegancki element w domowych strojach klubu. Na froncie umieszczono <strong data-start=\"641\" data-end=\"678\">haftowany herb Manchesteru United<\/strong>, logo <strong data-start=\"685\" data-end=\"693\">Nike<\/strong> oraz sponsora g\u0142\u00f3wnego <strong data-start=\"717\" data-end=\"724\">Aon<\/strong> \u2013 to ostatni sezon, w kt\u00f3rym ten sponsor widnia\u0142 na trykotach \u201eCzerwonych Diab\u0142\u00f3w\u201d.<\/p>\n<p data-start=\"810\" data-end=\"1105\">Koszulka wykonana jest z lekkiego materia\u0142u w technologii <strong data-start=\"868\" data-end=\"884\">Nike Dri-FIT<\/strong>, zapewniaj\u0105cej <strong data-start=\"900\" data-end=\"956\">odprowadzanie wilgoci, wentylacj\u0119 i komfort noszenia<\/strong> zar\u00f3wno podczas aktywno\u015bci fizycznej, jak i codziennego u\u017cytku. Jej kr\u00f3j jest dopasowany, a detale dopracowane z my\u015bl\u0105 o estetyce i funkcjonalno\u015bci.<\/p>\n<p data-start=\"1107\" data-end=\"1392\">Sezon 2013\/14 by\u0142 wyj\u0105tkowy \u2013 to pierwszy rok po odej\u015bciu <strong data-start=\"1165\" data-end=\"1188\">sir Alexa Fergusona<\/strong>, a dru\u017cyn\u0119 prowadzi\u0142 <strong data-start=\"1210\" data-end=\"1225\">David Moyes<\/strong>. Pomimo sportowych turbulencji, barwy United reprezentowali w\u00f3wczas tacy zawodnicy jak <strong data-start=\"1313\" data-end=\"1370\">Wayne Rooney, Robin van Persie, Juan Mata, Ryan Giggs<\/strong> czy <strong data-start=\"1375\" data-end=\"1391\">David De Gea<\/strong>.<\/p>\n<p data-start=\"1394\" data-end=\"1689\" data-is-last-node=\"\" data-is-only-node=\"\">Ta koszulka stanowi <strong data-start=\"1414\" data-end=\"1462\">symbol prze\u0142omowego momentu w historii klubu<\/strong>, a jej stylowy, klasyczny wygl\u0105d czyni j\u0105 wyj\u0105tkowym egzemplarzem zar\u00f3wno dla fan\u00f3w, jak i kolekcjoner\u00f3w. To model, kt\u00f3ry \u0142\u0105czy <strong data-start=\"1591\" data-end=\"1628\">elegancj\u0119 z pi\u0142karsk\u0105 to\u017csamo\u015bci\u0105<\/strong> \u2013 prawdziwa gratka dla ka\u017cdego sympatyka Manchesteru United.<\/p>\n<\/div>\n<\/div>\n<\/div>\n<\/div>\n<\/div>\n<\/div>\n<\/article>","protected":false},"featured_media":0,"template":"","meta":{"_kad_blocks_custom_css":"","_kad_blocks_head_custom_js":"","_kad_blocks_body_custom_js":"","_kad_blocks_footer_custom_js":"","_kad_post_transparent":"","_kad_post_title":"","_kad_post_layout":"","_kad_post_sidebar_id":"","_kad_post_content_style":"","_kad_post_vertical_padding":"","_kad_post_feature":"","_kad_post_feature_position":"","_kad_post_header":false,"_kad_post_footer":false},"product_brand":[55],"product_cat":[32,31,133],"product_tag":[],"class_list":{"0":"post-3200","1":"product","2":"type-product","3":"status-publish","5":"product_brand-nike","6":"product_cat-kluby-angielskie","7":"product_cat-kluby-europejskie","8":"product_cat-manchester-united","9":"pa_rozmiar-s","11":"first","12":"instock","13":"taxable","14":"shipping-taxable","15":"purchasable","16":"product-type-simple","17":"entry","18":"content-bg","19":"loop-entry"},"taxonomy_info":{"product_brand":[{"value":55,"label":"Nike"}],"product_cat":[{"value":32,"label":"Kluby Angielskie"},{"value":31,"label":"Kluby Europejskie"},{"value":133,"label":"Manchester United"}],"pa_rozmiar":[{"value":19,"label":"S"}]},"featured_image_src_large":false,"author_info":[],"comment_info":"","_links":{"self":[{"href":"https:\/\/fts.you2.pl\/de\/wp-json\/wp\/v2\/product\/3200","targetHints":{"allow":["GET"]}}],"collection":[{"href":"https:\/\/fts.you2.pl\/de\/wp-json\/wp\/v2\/product"}],"about":[{"href":"https:\/\/fts.you2.pl\/de\/wp-json\/wp\/v2\/types\/product"}],"wp:attachment":[{"href":"https:\/\/fts.you2.pl\/de\/wp-json\/wp\/v2\/media?parent=3200"}],"wp:term":[{"taxonomy":"product_brand","embeddable":true,"href":"https:\/\/fts.you2.pl\/de\/wp-json\/wp\/v2\/product_brand?post=3200"},{"taxonomy":"product_cat","embeddable":true,"href":"https:\/\/fts.you2.pl\/de\/wp-json\/wp\/v2\/product_cat?post=3200"},{"taxonomy":"product_tag","embeddable":true,"href":"https:\/\/fts.you2.pl\/de\/wp-json\/wp\/v2\/product_tag?post=3200"}],"curies":[{"name":"wp","href":"https:\/\/api.w.org\/{rel}","templated":true}]}}